{"id":846,"date":"2022-01-22T11:27:41","date_gmt":"2022-01-22T10:27:41","guid":{"rendered":"https:\/\/ringkoebing-bolcher.dk\/?post_type=product&#038;p=846"},"modified":"2024-08-06T13:52:36","modified_gmt":"2024-08-06T11:52:36","slug":"gesalzenes-karamell-mit-erdnuessen","status":"publish","type":"product","link":"https:\/\/ringkoebing-bolcher.dk\/de\/vare\/gesalzenes-karamell-mit-erdnuessen\/","title":{"rendered":"Gesalzenes Karamell mit Erdn\u00fcssen"},"content":{"rendered":"<hr \/>\n<p><strong>Zutatenliste<\/strong><br \/>\nGlukosesirup, <strong>Kondensmilch\/Milch<\/strong>, Wasser, Zucker, geh\u00e4rtetes Pflanzenfett (Palmkern &#8211; rspo Massenbilanz), <strong>Erdn\u00fcsse<\/strong> (5%), Sojasalz (1%), Emulgator (Mono- und Diglyceride), Salz. Kann Spuren von N\u00fcssen enthalten.<\/p>\n<table border=\"1\">\n<tbody>\n<tr>\n<td><strong>N\u00e4hrwertangaben pro 100 g<\/strong><\/td>\n<td><\/td>\n<\/tr>\n<tr>\n<td>Energiegehalt<\/td>\n<td>1998kJ\/477kcal<\/td>\n<\/tr>\n<tr>\n<td>Fettgehalt<\/td>\n<td>17g<\/td>\n<\/tr>\n<tr>\n<td>Davon ges\u00e4ttigte Fetts\u00e4ure<\/td>\n<td>13g<\/td>\n<\/tr>\n<tr>\n<td>Kohlenhydrate<\/td>\n<td>77g<\/td>\n<\/tr>\n<tr>\n<td>Davon Zucker<\/td>\n<td>45g<\/td>\n<\/tr>\n<tr>\n<td>Eiwei\u00df<\/td>\n<td>4,5g<\/td>\n<\/tr>\n<tr>\n<td>Salz (Salz)<br \/>\nBallaststoffe<\/td>\n<td>1,7g<br \/>\n0g<\/td>\n<\/tr>\n<\/tbody>\n<\/table>\n<hr \/>\n","protected":false},"excerpt":{"rendered":"<p>Knackige, mit Salz ger\u00f6stete Erdn\u00fcsse, unser weiches und reichhaltiges Karamell und zarte Flocken von L\u00e6s\u00f8 Sydesalt &#8211; zusammen sind sie ein wahrer Karamellhimmel. Freuen Sie sich auf die Verkostung unseres preisgekr\u00f6nten Erdnusskaramells.<br \/>\n<b><\/b><\/p>\n<p style=\"font-weight: 100;\"><b><strong>Enth\u00e4lt<\/strong><\/b><br \/>\n1 x 138g Karamell &#8211; Erdn\u00fcsse mit Meersalz<br \/>\nMit englischer Familientradition und einer verfeinerten Version eines Geheimrezepts aus dem Jahr 1894 stellen wir seit 2004 in Gudhjem und R\u00f8nne handgemachte Karamellen her.<br \/>\nUnsere neuen Schachteln sind plastikfrei und aus FSC-zertifizierten Materialien hergestellt. Die Karamellen sind in kompostierbarem Zellophan verpackt und mit dem OK Compost Home-Zertifikat versehen. Denken Sie daran, Ihren Abfall entsprechend den \u00f6rtlichen M\u00f6glichkeiten zu trennen.<\/p>\n<p style=\"font-weight: 100;\"><b><strong>Handgefertigt und verpackt auf Bornholm<\/strong><\/b><\/p>\n","protected":false},"featured_media":841,"template":"","meta":{"_expiration-date-status":"","_expiration-date":0,"_expiration-date-type":"","_expiration-date-categories":[],"_expiration-date-options":[]},"product_cat":[53,75,36,205],"product_tag":[203],"yoast_head":"<!-- This site is optimized with the Yoast SEO plugin v16.3 - https:\/\/yoast.com\/wordpress\/plugins\/seo\/ -->\n<meta name=\"description\" content=\"Probieren Sie die preisgekr\u00f6nten Erdnusskaramellen mit S\u00fcdsalz von Karamel Kompagniet auf Bornholm\" \/>\n<meta name=\"robots\" content=\"index, follow, max-snippet:-1, max-image-preview:large, max-video-preview:-1\" \/>\n<link rel=\"canonical\" href=\"https:\/\/ringkoebing-bolcher.dk\/de\/vare\/gesalzenes-karamell-mit-erdnuessen\/\" \/>\n<meta property=\"og:locale\" content=\"de_DE\" \/>\n<meta property=\"og:type\" content=\"article\" \/>\n<meta property=\"og:title\" content=\"Gesalzenes Karamell mit Erdn\u00fcssen - Ringk\u00f8bing Bolcher ApS\" \/>\n<meta property=\"og:description\" content=\"Probieren Sie die preisgekr\u00f6nten Erdnusskaramellen mit S\u00fcdsalz von Karamel Kompagniet auf Bornholm\" \/>\n<meta property=\"og:url\" content=\"https:\/\/ringkoebing-bolcher.dk\/de\/vare\/gesalzenes-karamell-mit-erdnuessen\/\" \/>\n<meta property=\"og:site_name\" content=\"Ringk\u00f8bing Bolcher ApS\" \/>\n<meta property=\"article:modified_time\" content=\"2024-08-06T11:52:36+00:00\" \/>\n<meta property=\"og:image\" content=\"https:\/\/ringkoebing-bolcher.dk\/de\/wp-content\/uploads\/sites\/4\/2022\/01\/karamel-kompagniet-peanuts-med-sydesalt.jpg\" \/>\n\t<meta property=\"og:image:width\" content=\"900\" \/>\n\t<meta property=\"og:image:height\" content=\"1200\" \/>\n<meta name=\"twitter:card\" content=\"summary_large_image\" \/>\n<meta name=\"twitter:label1\" content=\"Gesch\u00e4tzte Lesezeit\">\n\t<meta name=\"twitter:data1\" content=\"1 Minute\">\n<!-- \/ Yoast SEO plugin. -->","_links":{"self":[{"href":"https:\/\/ringkoebing-bolcher.dk\/de\/wp-json\/wp\/v2\/product\/846"}],"collection":[{"href":"https:\/\/ringkoebing-bolcher.dk\/de\/wp-json\/wp\/v2\/product"}],"about":[{"href":"https:\/\/ringkoebing-bolcher.dk\/de\/wp-json\/wp\/v2\/types\/product"}],"wp:featuredmedia":[{"embeddable":true,"href":"https:\/\/ringkoebing-bolcher.dk\/de\/wp-json\/wp\/v2\/media\/841"}],"wp:attachment":[{"href":"https:\/\/ringkoebing-bolcher.dk\/de\/wp-json\/wp\/v2\/media?parent=846"}],"wp:term":[{"taxonomy":"product_cat","embeddable":true,"href":"https:\/\/ringkoebing-bolcher.dk\/de\/wp-json\/wp\/v2\/product_cat?post=846"},{"taxonomy":"product_tag","embeddable":true,"href":"https:\/\/ringkoebing-bolcher.dk\/de\/wp-json\/wp\/v2\/product_tag?post=846"}],"curies":[{"name":"wp","href":"https:\/\/api.w.org\/{rel}","templated":true}]}}