{"id":829,"date":"2022-01-22T21:41:48","date_gmt":"2022-01-22T20:41:48","guid":{"rendered":"https:\/\/ringkoebing-bolcher.dk\/?post_type=product&#038;p=829"},"modified":"2024-08-06T13:52:20","modified_gmt":"2024-08-06T11:52:20","slug":"lakritze-und-gesalzenes-karamell","status":"publish","type":"product","link":"https:\/\/ringkoebing-bolcher.dk\/de\/vare\/lakritze-und-gesalzenes-karamell\/","title":{"rendered":"Lakritze und gesalzenes Karamell"},"content":{"rendered":"<hr \/>\n<p><strong>Zutatenliste<\/strong><br \/>\nGlukosesirup, <strong>Kondensmilch\/Milch<\/strong>, Wasser, Zucker, geh\u00e4rtetes Pflanzenfett (Palmkern), S\u00fc\u00dfholzextrakt (1%), Kakaopulver, Farbstoff: Pflanzenkohle, Emulgator (Mono- und Diglyceride), Salz, Ammoniumchlorid, S\u00fc\u00dfholzpulver, nat\u00fcrliches Aroma, Aroma. Kann Spuren von N\u00fcssen enthalten<\/p>\n<table border=\"1\">\n<tbody>\n<tr>\n<td><strong>N\u00e4hrwertgehalt pro 100 g<\/strong><\/td>\n<td><\/td>\n<\/tr>\n<tr>\n<td>Energiegehalt<\/td>\n<td>1445kJ\/345kcal<\/td>\n<\/tr>\n<tr>\n<td>Fettgehalt<\/td>\n<td>11g<\/td>\n<\/tr>\n<tr>\n<td>Davon ges\u00e4ttigte Fetts\u00e4ure<\/td>\n<td>9,9g<\/td>\n<\/tr>\n<tr>\n<td>Kohlenhydrate<\/td>\n<td>60g<\/td>\n<\/tr>\n<tr>\n<td>Davon Zucker<\/td>\n<td>36g<\/td>\n<\/tr>\n<tr>\n<td>Eiwei\u00df<\/td>\n<td>2,3g<\/td>\n<\/tr>\n<tr>\n<td>Salz (Salz)<br \/>\nBallaststoffe<\/td>\n<td>0,76g<br \/>\n0g<\/td>\n<\/tr>\n<\/tbody>\n<\/table>\n<hr \/>\n","protected":false},"excerpt":{"rendered":"<p>Erweitern Sie das Gourmet-Erlebnis mit knusprigen Salzkristallen von L\u00e6s\u00f8 Sydesalt, die von Hand in weiche und reichhaltige Karamellcreme getaucht werden.<\/p>\n<p style=\"font-weight: 100;\"><b><strong>Enth\u00e4lt<\/strong><\/b><br \/>\n1 x 138g Karamell &#8211; Creme mit Meersalz<\/p>\n<p style=\"font-weight: 100;\">Mit englischer Familientradition und einer verfeinerten Version eines Geheimrezepts aus dem Jahr 1894 stellen wir seit 2004 in Gudhjem und R\u00f8nne handgemachte Karamellen her.<\/p>\n<p style=\"font-weight: 100;\">Unsere neuen Schachteln sind plastikfrei und aus FSC-zertifizierten Materialien hergestellt &#8211; und die Karamellen sind in kompostierbarem Zellophan verpackt, mit OK Compost Home-Zertifizierung. Denken Sie daran, Ihren Abfall entsprechend den \u00f6rtlichen M\u00f6glichkeiten zu trennen.<\/p>\n<p style=\"font-weight: 100;\"><b><strong>Handgefertigt und verpackt auf Bornholm<\/strong><\/b><\/p>\n","protected":false},"featured_media":842,"template":"","meta":{"_expiration-date-status":"","_expiration-date":0,"_expiration-date-type":"","_expiration-date-categories":[],"_expiration-date-options":[]},"product_cat":[53,75,36,205],"product_tag":[201,203],"yoast_head":"<!-- This site is optimized with the Yoast SEO plugin v16.3 - https:\/\/yoast.com\/wordpress\/plugins\/seo\/ -->\n<meta name=\"description\" content=\"Knusprige Salzkristalle aus L\u00e6s\u00f8, geknetet in ein k\u00f6stliches und leckeres Karamell von Karamel Kompagniet auf Bornholm.\" \/>\n<meta name=\"robots\" content=\"index, follow, max-snippet:-1, max-image-preview:large, max-video-preview:-1\" \/>\n<link rel=\"canonical\" href=\"https:\/\/ringkoebing-bolcher.dk\/de\/vare\/lakritze-und-gesalzenes-karamell\/\" \/>\n<meta property=\"og:locale\" content=\"de_DE\" \/>\n<meta property=\"og:type\" content=\"article\" \/>\n<meta property=\"og:title\" content=\"Lakritze und gesalzenes Karamell - Ringk\u00f8bing Bolcher ApS\" \/>\n<meta property=\"og:description\" content=\"Knusprige Salzkristalle aus L\u00e6s\u00f8, geknetet in ein k\u00f6stliches und leckeres Karamell von Karamel Kompagniet auf Bornholm.\" \/>\n<meta property=\"og:url\" content=\"https:\/\/ringkoebing-bolcher.dk\/de\/vare\/lakritze-und-gesalzenes-karamell\/\" \/>\n<meta property=\"og:site_name\" content=\"Ringk\u00f8bing Bolcher ApS\" \/>\n<meta property=\"article:modified_time\" content=\"2024-08-06T11:52:20+00:00\" \/>\n<meta property=\"og:image\" content=\"https:\/\/ringkoebing-bolcher.dk\/de\/wp-content\/uploads\/sites\/4\/2022\/01\/karamel-kompagniet-lakridsfloede-med-sydesalt.jpg\" \/>\n\t<meta property=\"og:image:width\" content=\"900\" \/>\n\t<meta property=\"og:image:height\" content=\"1200\" \/>\n<meta name=\"twitter:card\" content=\"summary_large_image\" \/>\n<meta name=\"twitter:label1\" content=\"Gesch\u00e4tzte Lesezeit\">\n\t<meta name=\"twitter:data1\" content=\"1 Minute\">\n<!-- \/ Yoast SEO plugin. -->","_links":{"self":[{"href":"https:\/\/ringkoebing-bolcher.dk\/de\/wp-json\/wp\/v2\/product\/829"}],"collection":[{"href":"https:\/\/ringkoebing-bolcher.dk\/de\/wp-json\/wp\/v2\/product"}],"about":[{"href":"https:\/\/ringkoebing-bolcher.dk\/de\/wp-json\/wp\/v2\/types\/product"}],"wp:featuredmedia":[{"embeddable":true,"href":"https:\/\/ringkoebing-bolcher.dk\/de\/wp-json\/wp\/v2\/media\/842"}],"wp:attachment":[{"href":"https:\/\/ringkoebing-bolcher.dk\/de\/wp-json\/wp\/v2\/media?parent=829"}],"wp:term":[{"taxonomy":"product_cat","embeddable":true,"href":"https:\/\/ringkoebing-bolcher.dk\/de\/wp-json\/wp\/v2\/product_cat?post=829"},{"taxonomy":"product_tag","embeddable":true,"href":"https:\/\/ringkoebing-bolcher.dk\/de\/wp-json\/wp\/v2\/product_tag?post=829"}],"curies":[{"name":"wp","href":"https:\/\/api.w.org\/{rel}","templated":true}]}}