{"id":468,"date":"2021-08-11T12:39:10","date_gmt":"2021-08-11T10:39:10","guid":{"rendered":"https:\/\/ringkoebing-bolcher.dk\/?post_type=product&#038;p=468"},"modified":"2024-08-06T13:54:43","modified_gmt":"2024-08-06T11:54:43","slug":"tutti-frutti-bonbons","status":"publish","type":"product","link":"https:\/\/ringkoebing-bolcher.dk\/de\/vare\/tutti-frutti-bonbons\/","title":{"rendered":"Tutti-Frutti-Bonbons"},"content":{"rendered":"<hr \/>\n<p><strong>Verpackung<\/strong><br \/>\nWenn Sie bei uns gemischte Bonbons kaufen, werden diese in einem durchsichtigen und luftdichten Beh\u00e4lter verpackt, der Platz f\u00fcr 110 Gramm k\u00f6stliche und schmackhafte Bonbons bietet und je nach Bedarf immer wieder verwendet werden kann.<\/p>\n<p><strong>Zutaten<\/strong><br \/>\nZucker, Wasser, Glukosesirup, Dextrose-Monohydrat, Farbstoff: E141, E100, E133, E120, Apfels\u00e4ure, Tutti-Frutti-Aroma.<\/p>\n<table border=\"1\">\n<tbody>\n<tr>\n<td><strong>N\u00e4hrwertgehalt pro 100 g<\/strong><\/td>\n<td><\/td>\n<\/tr>\n<tr>\n<td>Energiegehalt<\/td>\n<td>1639kJ\/38kcal<\/td>\n<\/tr>\n<tr>\n<td>Fettgehalt<\/td>\n<td>0g<\/td>\n<\/tr>\n<tr>\n<td>Davon ges\u00e4ttigte Fetts\u00e4ure<\/td>\n<td>0g<\/td>\n<\/tr>\n<tr>\n<td>Kohlenhydrate<\/td>\n<td>96g<\/td>\n<\/tr>\n<tr>\n<td>Davon Zucker<\/td>\n<td>71g<\/td>\n<\/tr>\n<tr>\n<td>Eiwei\u00df<\/td>\n<td>0g<\/td>\n<\/tr>\n<tr>\n<td>Salz (Salz)<\/td>\n<td>0g<\/td>\n<\/tr>\n<\/tbody>\n<\/table>\n<p><strong>Lagerung\/Frische<\/strong><br \/>\nHandgefertigte Bonbons werden t\u00e4glich in unserer K\u00fcche in Ringk\u00f8bing hergestellt, so dass Sie garantiert frische und leckere Bonbons erhalten, wenn Sie in einem unserer Gesch\u00e4fte in S\u00f8ndervig, Hvidsande oder Ringk\u00f8bing einkaufen.<\/p>\n<p><strong>Alagener<br \/>\n<\/strong><br \/>\nUnsere Bonbons werden aus Glukosesirup, Traubenzucker und Wasser hergestellt. Der von uns verwendete Glukosesirup wird aus Weizen und Gerste gewonnen, aber der Restglutengehalt ist so gering, dass wir unsere Bonbons als glutenfrei bezeichnen d\u00fcrfen.<\/p>\n<p><strong>Nicht vergessen<\/strong> Wenn Sie die Bonbons aufbewahren, halten sie sich am l\u00e4ngsten in einem luftdichten Gef\u00e4\u00df, z. B. einem Marmeladenglas oder dem durchsichtigen Plastikbecher, in dem die Bonbons geliefert wurden. Vermeiden Sie es, die Bonbons in die N\u00e4he einer W\u00e4rmequelle oder in direktes Sonnenlicht zu stellen, damit sie nicht klebrig werden oder sich verf\u00e4rben. Mindestens haltbar bis: Siehe Datum auf der R\u00fcckseite des Produkts.<\/p>\n<hr \/>\n","protected":false},"excerpt":{"rendered":"<p>Genie\u00dfen Sie unsere handgefertigten Tutti-Frutti-Bonbons &#8211; ein festliches Geschmackserlebnis aus fruchtigem und s\u00fc\u00dfem Genuss, das an Jahrmarktsstreusel erinnert. Jedes Bonbon ist wie eine farbenfrohe Reise durch die Aromen verschiedener Fr\u00fcchte, sorgf\u00e4ltig hergestellt, um einen Kinderliebling zu liefern, der die Geschmacksknospen mit jedem Biss verzaubert. Lassen Sie sich von Tutti frutti Bonbons ein L\u00e4cheln ins Gesicht zaubern!<\/p>\n","protected":false},"featured_media":1351,"template":"","meta":{"_expiration-date-status":"","_expiration-date":0,"_expiration-date-type":"","_expiration-date-categories":[],"_expiration-date-options":[]},"product_cat":[53,181,122,34],"product_tag":[176,183],"yoast_head":"<!-- This site is optimized with the Yoast SEO plugin v16.3 - https:\/\/yoast.com\/wordpress\/plugins\/seo\/ -->\n<meta name=\"description\" content=\"Genie\u00dfen Sie unsere handgefertigten Tutti frutti Bonbons - ein festliches Geschmackserlebnis aus fruchtiger und s\u00fc\u00dfer Freude. Lassen Sie sich von Tutti frutti Bonbons ein L\u00e4cheln ins Gesicht zaubern!\" \/>\n<meta name=\"robots\" content=\"index, follow, max-snippet:-1, max-image-preview:large, max-video-preview:-1\" \/>\n<link rel=\"canonical\" href=\"https:\/\/ringkoebing-bolcher.dk\/de\/vare\/tutti-frutti-bonbons\/\" \/>\n<meta property=\"og:locale\" content=\"de_DE\" \/>\n<meta property=\"og:type\" content=\"article\" \/>\n<meta property=\"og:title\" content=\"Handgemachte Tutti-Frutti-Bonbons - Ringk\u00f8bing Bolcher ApS%\" \/>\n<meta property=\"og:description\" content=\"Genie\u00dfen Sie unsere handgefertigten Tutti frutti Bonbons - ein festliches Geschmackserlebnis aus fruchtiger und s\u00fc\u00dfer Freude. Lassen Sie sich von Tutti frutti Bonbons ein L\u00e4cheln ins Gesicht zaubern!\" \/>\n<meta property=\"og:url\" content=\"https:\/\/ringkoebing-bolcher.dk\/de\/vare\/tutti-frutti-bonbons\/\" \/>\n<meta property=\"og:site_name\" content=\"Ringk\u00f8bing Bolcher ApS\" \/>\n<meta property=\"article:modified_time\" content=\"2024-08-06T11:54:43+00:00\" \/>\n<meta property=\"og:image\" content=\"https:\/\/ringkoebing-bolcher.dk\/de\/wp-content\/uploads\/sites\/4\/2021\/08\/img-0680-scaled.jpg\" \/>\n\t<meta property=\"og:image:width\" content=\"1920\" \/>\n\t<meta property=\"og:image:height\" content=\"2560\" \/>\n<meta name=\"twitter:card\" content=\"summary_large_image\" \/>\n<meta name=\"twitter:label1\" content=\"Gesch\u00e4tzte Lesezeit\">\n\t<meta name=\"twitter:data1\" content=\"1 Minute\">\n<!-- \/ Yoast SEO plugin. -->","_links":{"self":[{"href":"https:\/\/ringkoebing-bolcher.dk\/de\/wp-json\/wp\/v2\/product\/468"}],"collection":[{"href":"https:\/\/ringkoebing-bolcher.dk\/de\/wp-json\/wp\/v2\/product"}],"about":[{"href":"https:\/\/ringkoebing-bolcher.dk\/de\/wp-json\/wp\/v2\/types\/product"}],"wp:featuredmedia":[{"embeddable":true,"href":"https:\/\/ringkoebing-bolcher.dk\/de\/wp-json\/wp\/v2\/media\/1351"}],"wp:attachment":[{"href":"https:\/\/ringkoebing-bolcher.dk\/de\/wp-json\/wp\/v2\/media?parent=468"}],"wp:term":[{"taxonomy":"product_cat","embeddable":true,"href":"https:\/\/ringkoebing-bolcher.dk\/de\/wp-json\/wp\/v2\/product_cat?post=468"},{"taxonomy":"product_tag","embeddable":true,"href":"https:\/\/ringkoebing-bolcher.dk\/de\/wp-json\/wp\/v2\/product_tag?post=468"}],"curies":[{"name":"wp","href":"https:\/\/api.w.org\/{rel}","templated":true}]}}