{"id":428,"date":"2021-08-11T12:38:24","date_gmt":"2021-08-11T10:38:24","guid":{"rendered":"https:\/\/ringkoebing-bolcher.dk\/?post_type=product&#038;p=428"},"modified":"2024-08-06T13:55:50","modified_gmt":"2024-08-06T11:55:50","slug":"aprikosen-bonbons","status":"publish","type":"product","link":"https:\/\/ringkoebing-bolcher.dk\/de\/vare\/aprikosen-bonbons\/","title":{"rendered":"Aprikosen-Bonbons"},"content":{"rendered":"<hr \/>\n<p><strong>Verpackung<\/strong><br \/>\nWenn Sie bei uns gemischte Bonbons kaufen, werden diese in einem durchsichtigen und luftdichten Beh\u00e4lter verpackt, der Platz f\u00fcr 110 Gramm k\u00f6stliche und schmackhafte Bonbons bietet und je nach Bedarf immer wieder verwendet werden kann.<\/p>\n<p><strong>Zutaten<\/strong><br \/>\nZucker, Wasser, Glukosesirup, Dextrose-Monohydrat, Farbstoff: E120, Apfels\u00e4ure, Aprikosenaroma.<\/p>\n<table border=\"1\">\n<tbody>\n<tr>\n<td><strong>N\u00e4hrwertgehalt pro 100 g<\/strong><\/td>\n<td><\/td>\n<\/tr>\n<tr>\n<td>Energiegehalt<\/td>\n<td>1639kJ\/38kcal<\/td>\n<\/tr>\n<tr>\n<td>Fettgehalt<\/td>\n<td>0g<\/td>\n<\/tr>\n<tr>\n<td>Davon ges\u00e4ttigte Fetts\u00e4ure<\/td>\n<td>0g<\/td>\n<\/tr>\n<tr>\n<td>Kohlenhydrate<\/td>\n<td>96g<\/td>\n<\/tr>\n<tr>\n<td>Davon Zucker<\/td>\n<td>71g<\/td>\n<\/tr>\n<tr>\n<td>Eiwei\u00df<\/td>\n<td>0g<\/td>\n<\/tr>\n<tr>\n<td>Salz (Salz)<\/td>\n<td>0g<\/td>\n<\/tr>\n<\/tbody>\n<\/table>\n<p><strong>Lagerung\/Frische<\/strong><br \/>\nHandgefertigte Bonbons werden t\u00e4glich in unserer K\u00fcche in Ringk\u00f8bing hergestellt, so dass Sie garantiert frische und leckere Bonbons erhalten, wenn Sie in einem unserer Gesch\u00e4fte in S\u00f8ndervig, Hvidsande oder Ringk\u00f8bing einkaufen.<\/p>\n<p><strong>Alagener<br \/>\n<\/strong><br \/>\nUnsere Bonbons werden aus Glukosesirup, Traubenzucker und Wasser hergestellt. Der von uns verwendete Glukosesirup wird aus Weizen und Gerste gewonnen, aber der Restglutengehalt ist so gering, dass wir unsere Bonbons als glutenfrei bezeichnen d\u00fcrfen.<\/p>\n<p><strong>Nicht vergessen<\/strong> Wenn Sie die Bonbons aufbewahren, halten sie sich am l\u00e4ngsten in einem luftdichten Gef\u00e4\u00df, z. B. einem Marmeladenglas oder dem durchsichtigen Plastikbecher, in dem die Bonbons geliefert wurden. Vermeiden Sie es, die Bonbons in die N\u00e4he einer W\u00e4rmequelle oder in direktes Sonnenlicht zu stellen, damit sie nicht klebrig werden oder sich verf\u00e4rben. Mindestens haltbar bis: Siehe Datum auf der R\u00fcckseite des Produkts.<\/p>\n<hr \/>\n","protected":false},"excerpt":{"rendered":"<p>Genie\u00dfen Sie unsere handgefertigten Aprikosenbonbons &#8211; ein erfrischendes Geschmackserlebnis aus leicht s\u00e4uerlicher Aprikose. Jedes Bonbon ist wie ein sonnengereifter Biss in eine saftige Aprikose, die in sorgf\u00e4ltiger Handarbeit hergestellt wird, um die nat\u00fcrliche Frische und den zarten S\u00e4uregehalt zu bewahren. Lassen Sie sich von diesem einfachen, aber unwiderstehlichen Geschmackserlebnis verf\u00fchren, das die Sonne direkt auf Ihre Geschmacksknospen bringt.<\/p>\n","protected":false},"featured_media":1549,"template":"","meta":{"_expiration-date-status":"","_expiration-date":0,"_expiration-date-type":"","_expiration-date-categories":[],"_expiration-date-options":[]},"product_cat":[53,105,122,34],"product_tag":[187,176,43,173,144],"yoast_head":"<!-- This site is optimized with the Yoast SEO plugin v16.3 - https:\/\/yoast.com\/wordpress\/plugins\/seo\/ -->\n<meta name=\"description\" content=\"Genie\u00dfen Sie unsere handgefertigten Aprikosen-Bonbons - ein erfrischendes Geschmackserlebnis aus leicht herber Aprikose. Jedes Bonbon ist wie ein sonnengereifter Biss in eine saftige Aprikose.\" \/>\n<meta name=\"robots\" content=\"index, follow, max-snippet:-1, max-image-preview:large, max-video-preview:-1\" \/>\n<link rel=\"canonical\" href=\"https:\/\/ringkoebing-bolcher.dk\/de\/vare\/aprikosen-bonbons\/\" \/>\n<meta property=\"og:locale\" content=\"de_DE\" \/>\n<meta property=\"og:type\" content=\"article\" \/>\n<meta property=\"og:title\" content=\"Handgemachte Aprikosen-Bonbons % - Ringk\u00f8bing Bolcher ApS%\" \/>\n<meta property=\"og:description\" content=\"Genie\u00dfen Sie unsere handgefertigten Aprikosen-Bonbons - ein erfrischendes Geschmackserlebnis aus leicht herber Aprikose. Jedes Bonbon ist wie ein sonnengereifter Biss in eine saftige Aprikose.\" \/>\n<meta property=\"og:url\" content=\"https:\/\/ringkoebing-bolcher.dk\/de\/vare\/aprikosen-bonbons\/\" \/>\n<meta property=\"og:site_name\" content=\"Ringk\u00f8bing Bolcher ApS\" \/>\n<meta property=\"article:modified_time\" content=\"2024-08-06T11:55:50+00:00\" \/>\n<meta property=\"og:image\" content=\"https:\/\/ringkoebing-bolcher.dk\/de\/wp-content\/uploads\/sites\/4\/2021\/08\/img-0764-scaled.jpg\" \/>\n\t<meta property=\"og:image:width\" content=\"1920\" \/>\n\t<meta property=\"og:image:height\" content=\"2560\" \/>\n<meta name=\"twitter:card\" content=\"summary_large_image\" \/>\n<meta name=\"twitter:label1\" content=\"Gesch\u00e4tzte Lesezeit\">\n\t<meta name=\"twitter:data1\" content=\"1 Minute\">\n<!-- \/ Yoast SEO plugin. -->","_links":{"self":[{"href":"https:\/\/ringkoebing-bolcher.dk\/de\/wp-json\/wp\/v2\/product\/428"}],"collection":[{"href":"https:\/\/ringkoebing-bolcher.dk\/de\/wp-json\/wp\/v2\/product"}],"about":[{"href":"https:\/\/ringkoebing-bolcher.dk\/de\/wp-json\/wp\/v2\/types\/product"}],"wp:featuredmedia":[{"embeddable":true,"href":"https:\/\/ringkoebing-bolcher.dk\/de\/wp-json\/wp\/v2\/media\/1549"}],"wp:attachment":[{"href":"https:\/\/ringkoebing-bolcher.dk\/de\/wp-json\/wp\/v2\/media?parent=428"}],"wp:term":[{"taxonomy":"product_cat","embeddable":true,"href":"https:\/\/ringkoebing-bolcher.dk\/de\/wp-json\/wp\/v2\/product_cat?post=428"},{"taxonomy":"product_tag","embeddable":true,"href":"https:\/\/ringkoebing-bolcher.dk\/de\/wp-json\/wp\/v2\/product_tag?post=428"}],"curies":[{"name":"wp","href":"https:\/\/api.w.org\/{rel}","templated":true}]}}