{"id":421,"date":"2021-08-11T12:38:23","date_gmt":"2021-08-11T10:38:23","guid":{"rendered":"https:\/\/ringkoebing-bolcher.dk\/?post_type=product&#038;p=421"},"modified":"2024-08-06T13:56:03","modified_gmt":"2024-08-06T11:56:03","slug":"lakritze-schuss","status":"publish","type":"product","link":"https:\/\/ringkoebing-bolcher.dk\/de\/vare\/lakritze-schuss\/","title":{"rendered":"Lakritze Schuss"},"content":{"rendered":"<hr \/>\n<p><strong>Verpackung<\/strong><br \/>\nWenn Sie bei uns eine Schnapsflasche kaufen, werden die Bonbons in einer Flasche geliefert, die mit Alkohol bef\u00fcllt werden kann. Die Flasche sollte vor dem Gebrauch vier Stunden lang mit Alkohol gef\u00fcllt werden.<\/p>\n<p><strong>Zutaten<\/strong><br \/>\nZucker, Wasser, Glukosesirup, Dextrosemonohydrat, Farbstoff: E153, Lakritzpulver, Salmiakpulver.<\/p>\n<table border=\"1\">\n<tbody>\n<tr>\n<td><strong>N\u00e4hrwertgehalt pro 100 g<\/strong><\/td>\n<td><\/td>\n<\/tr>\n<tr>\n<td>Energiegehalt<\/td>\n<td>1639kJ\/38kcal<\/td>\n<\/tr>\n<tr>\n<td>Fettgehalt<\/td>\n<td>0g<\/td>\n<\/tr>\n<tr>\n<td>Davon ges\u00e4ttigte Fetts\u00e4ure<\/td>\n<td>0g<\/td>\n<\/tr>\n<tr>\n<td>Kohlenhydrate<\/td>\n<td>96g<\/td>\n<\/tr>\n<tr>\n<td>Davon Zucker<\/td>\n<td>71g<\/td>\n<\/tr>\n<tr>\n<td>Eiwei\u00df<\/td>\n<td>0g<\/td>\n<\/tr>\n<tr>\n<td>Salz (Salz)<\/td>\n<td>0g<\/td>\n<\/tr>\n<\/tbody>\n<\/table>\n<p><strong>Lagerung\/Frische<\/strong><br \/>\nDie handgefertigten Bonbons werden t\u00e4glich in unserer K\u00fcche in Ringk\u00f8bing hergestellt, so dass Sie garantiert frische und leckere Bonbons erhalten, wenn Sie in einem unserer Gesch\u00e4fte in S\u00f8ndervig, Hvidsande oder Ringk\u00f8bing einkaufen.<\/p>\n<p><strong>Alagener<br \/>\n<\/strong><br \/>\nUnsere Bonbons werden aus Glukosesirup, Traubenzucker und Wasser hergestellt. Der von uns verwendete Glukosesirup wird aus Weizen und Gerste gewonnen. Der Restgehalt an Gluten ist jedoch so gering, dass wir unsere Bonbons als glutenfrei bezeichnen k\u00f6nnen.<\/p>\n<p><strong>Nicht vergessen<\/strong> Vermeiden Sie bei der Lagerung der Schnapsflasche die N\u00e4he zu einer W\u00e4rmequelle oder direkte Sonneneinstrahlung, da sich die Bonbons in der Flasche weder verf\u00e4rben noch schmelzen. Mindestens haltbar bis: Siehe das Datum auf der R\u00fcckseite des Produkts.<\/p>\n<hr \/>\n","protected":false},"excerpt":{"rendered":"<p>Wir stellen unsere handgefertigten Liquorice Shots vor &#8211; ein klassisches Geschmackserlebnis, bei dem jeder Shot den authentischen und unwiderstehlichen Geschmack von normalem Lakritz bietet. Das intensive Lakritz-Erlebnis wird in jedem gedrehten Bonbon sorgf\u00e4ltig bewahrt und steht in der Flasche stolz als Symbol f\u00fcr reinen und zeitlosen Genuss. Genie\u00dfen Sie eine geschmackliche Reise mit unserem Lakritz-Shot, der mit jedem Schluck die perfekte Balance zwischen Tradition und Qualit\u00e4t bietet.<\/p>\n","protected":false},"featured_media":1622,"template":"","meta":{"_expiration-date-status":"","_expiration-date":0,"_expiration-date-type":"","_expiration-date-categories":[],"_expiration-date-options":[]},"product_cat":[53,112,113],"product_tag":[44,168,189],"yoast_head":"<!-- This site is optimized with the Yoast SEO plugin v16.3 - https:\/\/yoast.com\/wordpress\/plugins\/seo\/ -->\n<meta name=\"description\" content=\"Wir stellen unsere handgefertigten Liquorice Shots vor - ein klassisches Geschmackserlebnis, bei dem jeder Shot den authentischen und unwiderstehlichen Geschmack von Lakritz bietet.\" \/>\n<meta name=\"robots\" content=\"index, follow, max-snippet:-1, max-image-preview:large, max-video-preview:-1\" \/>\n<link rel=\"canonical\" href=\"https:\/\/ringkoebing-bolcher.dk\/de\/vare\/lakritze-schuss\/\" \/>\n<meta property=\"og:locale\" content=\"de_DE\" \/>\n<meta property=\"og:type\" content=\"article\" \/>\n<meta property=\"og:title\" content=\"Handgemachte Lakritz-Shots % - Ringk\u00f8bing Bolcher ApS%\" \/>\n<meta property=\"og:description\" content=\"Wir stellen unsere handgefertigten Liquorice Shots vor - ein klassisches Geschmackserlebnis, bei dem jeder Shot den authentischen und unwiderstehlichen Geschmack von Lakritz bietet.\" \/>\n<meta property=\"og:url\" content=\"https:\/\/ringkoebing-bolcher.dk\/de\/vare\/lakritze-schuss\/\" \/>\n<meta property=\"og:site_name\" content=\"Ringk\u00f8bing Bolcher ApS\" \/>\n<meta property=\"article:modified_time\" content=\"2024-08-06T11:56:03+00:00\" \/>\n<meta property=\"og:image\" content=\"https:\/\/ringkoebing-bolcher.dk\/de\/wp-content\/uploads\/sites\/4\/2021\/08\/img-0852-scaled.jpg\" \/>\n\t<meta property=\"og:image:width\" content=\"1920\" \/>\n\t<meta property=\"og:image:height\" content=\"2560\" \/>\n<meta name=\"twitter:card\" content=\"summary_large_image\" \/>\n<meta name=\"twitter:label1\" content=\"Gesch\u00e4tzte Lesezeit\">\n\t<meta name=\"twitter:data1\" content=\"1 Minute\">\n<!-- \/ Yoast SEO plugin. -->","_links":{"self":[{"href":"https:\/\/ringkoebing-bolcher.dk\/de\/wp-json\/wp\/v2\/product\/421"}],"collection":[{"href":"https:\/\/ringkoebing-bolcher.dk\/de\/wp-json\/wp\/v2\/product"}],"about":[{"href":"https:\/\/ringkoebing-bolcher.dk\/de\/wp-json\/wp\/v2\/types\/product"}],"wp:featuredmedia":[{"embeddable":true,"href":"https:\/\/ringkoebing-bolcher.dk\/de\/wp-json\/wp\/v2\/media\/1622"}],"wp:attachment":[{"href":"https:\/\/ringkoebing-bolcher.dk\/de\/wp-json\/wp\/v2\/media?parent=421"}],"wp:term":[{"taxonomy":"product_cat","embeddable":true,"href":"https:\/\/ringkoebing-bolcher.dk\/de\/wp-json\/wp\/v2\/product_cat?post=421"},{"taxonomy":"product_tag","embeddable":true,"href":"https:\/\/ringkoebing-bolcher.dk\/de\/wp-json\/wp\/v2\/product_tag?post=421"}],"curies":[{"name":"wp","href":"https:\/\/api.w.org\/{rel}","templated":true}]}}