{"id":2342,"date":"2025-01-05T22:32:11","date_gmt":"2025-01-05T21:32:11","guid":{"rendered":"https:\/\/ringkoebing-bolcher.dk\/de\/?post_type=product&#038;p=2342"},"modified":"2025-08-27T12:50:55","modified_gmt":"2025-08-27T10:50:55","slug":"ueberzogenes-marzipanbrot-mit-nougat","status":"publish","type":"product","link":"https:\/\/ringkoebing-bolcher.dk\/de\/vare\/ueberzogenes-marzipanbrot-mit-nougat\/","title":{"rendered":"Marzipanbrot mit Nougat"},"content":{"rendered":"","protected":false},"excerpt":{"rendered":"<p>Verw\u00f6hne dich mit unserem handgefertigten Marzipanbrot, hergestellt aus d\u00e4nischem Marzipan, \u00fcberzogen mit 60 % dunkler Schokolade von Callebaut und gef\u00fcllt mit einer besonders delikaten Nougatcreme. Jedes Marzipanbrot besticht durch eine glatte, gl\u00e4nzende Oberfl\u00e4che und den perfekten Biss, der das samtweiche Marzipan und die zarte Nougatf\u00fcllung im Inneren enth\u00fcllt \u2013 eine exquisite Kombination aus Qualit\u00e4t und Genuss.<\/p>\n<p>Unser Marzipanbrot wird individuell auf Bestellung gefertigt. Kontaktiere uns daher gerne per E-Mail oder Telefon, um deine Bestellung aufzugeben.<\/p>\n<p>Tel.: <a href=\"tel:+45 61 55 12 55\">+45 61 55 12 55<\/a><br \/>\nE-Mail: <a href=\"mailto:info@ringkoebingbolcher.dk\">info@ringkoebingbolcher.dk<\/a><\/p>\n","protected":false},"featured_media":0,"template":"","meta":{"_expiration-date-status":"","_expiration-date":0,"_expiration-date-type":"","_expiration-date-categories":[],"_expiration-date-options":[]},"product_cat":[53,182],"product_tag":[159],"yoast_head":"<!-- This site is optimized with the Yoast SEO plugin v16.3 - https:\/\/yoast.com\/wordpress\/plugins\/seo\/ -->\n<meta name=\"description\" content=\"Verw\u00f6hne dich mit unserem handgefertigten Marzipanbrot mit Nougat, hergestellt aus d\u00e4nischem Marzipan und \u00fcberzogen mit 60 % dunkler Schokolade von Callebaut.\" \/>\n<meta name=\"robots\" content=\"index, follow, max-snippet:-1, max-image-preview:large, max-video-preview:-1\" \/>\n<link rel=\"canonical\" href=\"https:\/\/ringkoebing-bolcher.dk\/de\/vare\/ueberzogenes-marzipanbrot-mit-nougat\/\" \/>\n<meta property=\"og:locale\" content=\"de_DE\" \/>\n<meta property=\"og:type\" content=\"article\" \/>\n<meta property=\"og:title\" content=\"Marzipanbrot mit Nougat - Ringk\u00f8bing Bolcher ApS\" \/>\n<meta property=\"og:description\" content=\"Verw\u00f6hne dich mit unserem handgefertigten Marzipanbrot mit Nougat, hergestellt aus d\u00e4nischem Marzipan und \u00fcberzogen mit 60 % dunkler Schokolade von Callebaut.\" \/>\n<meta property=\"og:url\" content=\"https:\/\/ringkoebing-bolcher.dk\/de\/vare\/ueberzogenes-marzipanbrot-mit-nougat\/\" \/>\n<meta property=\"og:site_name\" content=\"Ringk\u00f8bing Bolcher ApS\" \/>\n<meta property=\"article:modified_time\" content=\"2025-08-27T10:50:55+00:00\" \/>\n<meta name=\"twitter:card\" content=\"summary_large_image\" \/>\n<!-- \/ Yoast SEO plugin. -->","_links":{"self":[{"href":"https:\/\/ringkoebing-bolcher.dk\/de\/wp-json\/wp\/v2\/product\/2342"}],"collection":[{"href":"https:\/\/ringkoebing-bolcher.dk\/de\/wp-json\/wp\/v2\/product"}],"about":[{"href":"https:\/\/ringkoebing-bolcher.dk\/de\/wp-json\/wp\/v2\/types\/product"}],"wp:attachment":[{"href":"https:\/\/ringkoebing-bolcher.dk\/de\/wp-json\/wp\/v2\/media?parent=2342"}],"wp:term":[{"taxonomy":"product_cat","embeddable":true,"href":"https:\/\/ringkoebing-bolcher.dk\/de\/wp-json\/wp\/v2\/product_cat?post=2342"},{"taxonomy":"product_tag","embeddable":true,"href":"https:\/\/ringkoebing-bolcher.dk\/de\/wp-json\/wp\/v2\/product_tag?post=2342"}],"curies":[{"name":"wp","href":"https:\/\/api.w.org\/{rel}","templated":true}]}}