{"id":2258,"date":"2024-06-14T13:36:24","date_gmt":"2024-06-14T11:36:24","guid":{"rendered":"https:\/\/ringkoebing-bolcher.dk\/?post_type=product&#038;p=2258"},"modified":"2024-08-06T13:42:23","modified_gmt":"2024-08-06T11:42:23","slug":"rkb-licht","status":"publish","type":"product","link":"https:\/\/ringkoebing-bolcher.dk\/de\/vare\/rkb-licht\/","title":{"rendered":"RKB &#8211; Licht"},"content":{"rendered":"<h3>Mehr Details<\/h3>\n<p>Material: 100% Paraffinwachs<br \/>\nGr\u00f6\u00dfe H\/B: 10 x 6,2 cm<br \/>\nFarbe: Wei\u00df<br \/>\nLeuchtdauer: ca. 24 Stunden<\/p>\n","protected":false},"excerpt":{"rendered":"<hr \/>\n<h3><strong>Kerzen mit einem Ringk\u00f8bing-Motiv<\/strong><\/h3>\n<p>Ob Sie sie zu Hause aufbewahren oder verschenken m\u00f6chten, diese Glaskerze ist perfekt. Kaufen Sie eine Glaskerze mit einem Motiv unserer fantastischen Marktstadt, mit den charakteristischen roten D\u00e4chern und unseren stolzen W\u00e4chtern. Diese Kerze f\u00e4ngt die historische Atmosph\u00e4re wunderbar ein.<\/p>\n<hr \/>\n","protected":false},"featured_media":2270,"template":"","meta":{"_expiration-date-status":"","_expiration-date":0,"_expiration-date-type":"","_expiration-date-categories":[],"_expiration-date-options":[]},"product_cat":[75,211],"product_tag":[],"yoast_head":"<!-- This site is optimized with the Yoast SEO plugin v16.3 - https:\/\/yoast.com\/wordpress\/plugins\/seo\/ -->\n<meta name=\"description\" content=\"Als Geschenk f\u00fcr Sie selbst oder Ihre Lieben. Kaufen Sie hier eine Kerze aus Glas mit einem Plastikband drum herum, mit einem Motiv unserer fantastischen Marktgemeinde.\" \/>\n<meta name=\"robots\" content=\"index, follow, max-snippet:-1, max-image-preview:large, max-video-preview:-1\" \/>\n<link rel=\"canonical\" href=\"https:\/\/ringkoebing-bolcher.dk\/de\/vare\/rkb-licht\/\" \/>\n<meta property=\"og:locale\" content=\"de_DE\" \/>\n<meta property=\"og:type\" content=\"article\" \/>\n<meta property=\"og:title\" content=\"Ringk\u00f8bing Light% -\" \/>\n<meta property=\"og:description\" content=\"Als Geschenk f\u00fcr Sie selbst oder Ihre Lieben. Kaufen Sie hier eine Kerze aus Glas mit einem Plastikband drum herum, mit einem Motiv unserer fantastischen Marktgemeinde.\" \/>\n<meta property=\"og:url\" content=\"https:\/\/ringkoebing-bolcher.dk\/de\/vare\/rkb-licht\/\" \/>\n<meta property=\"og:site_name\" content=\"Ringk\u00f8bing Bolcher ApS\" \/>\n<meta property=\"article:modified_time\" content=\"2024-08-06T11:42:23+00:00\" \/>\n<meta property=\"og:image\" content=\"https:\/\/ringkoebing-bolcher.dk\/de\/wp-content\/uploads\/sites\/4\/2024\/06\/lys-rkb-1.jpg\" \/>\n\t<meta property=\"og:image:width\" content=\"1512\" \/>\n\t<meta property=\"og:image:height\" content=\"2016\" \/>\n<meta name=\"twitter:card\" content=\"summary_large_image\" \/>\n<meta name=\"twitter:label1\" content=\"Gesch\u00e4tzte Lesezeit\">\n\t<meta name=\"twitter:data1\" content=\"1 Minute\">\n<!-- \/ Yoast SEO plugin. -->","_links":{"self":[{"href":"https:\/\/ringkoebing-bolcher.dk\/de\/wp-json\/wp\/v2\/product\/2258"}],"collection":[{"href":"https:\/\/ringkoebing-bolcher.dk\/de\/wp-json\/wp\/v2\/product"}],"about":[{"href":"https:\/\/ringkoebing-bolcher.dk\/de\/wp-json\/wp\/v2\/types\/product"}],"wp:featuredmedia":[{"embeddable":true,"href":"https:\/\/ringkoebing-bolcher.dk\/de\/wp-json\/wp\/v2\/media\/2270"}],"wp:attachment":[{"href":"https:\/\/ringkoebing-bolcher.dk\/de\/wp-json\/wp\/v2\/media?parent=2258"}],"wp:term":[{"taxonomy":"product_cat","embeddable":true,"href":"https:\/\/ringkoebing-bolcher.dk\/de\/wp-json\/wp\/v2\/product_cat?post=2258"},{"taxonomy":"product_tag","embeddable":true,"href":"https:\/\/ringkoebing-bolcher.dk\/de\/wp-json\/wp\/v2\/product_tag?post=2258"}],"curies":[{"name":"wp","href":"https:\/\/api.w.org\/{rel}","templated":true}]}}