{"id":2257,"date":"2024-06-14T13:20:44","date_gmt":"2024-06-14T11:20:44","guid":{"rendered":"https:\/\/ringkoebing-bolcher.dk\/?post_type=product&#038;p=2257"},"modified":"2024-08-06T13:42:26","modified_gmt":"2024-08-06T11:42:26","slug":"rkb-geschenktuete","status":"publish","type":"product","link":"https:\/\/ringkoebing-bolcher.dk\/de\/vare\/rkb-geschenktuete\/","title":{"rendered":"RKB &#8211; Geschenkt\u00fcte"},"content":{"rendered":"<h3>Mehr Details<\/h3>\n<p>Abmessungen H\/B\/L: 32 x 26 x 10 cm<br \/>\nMaterial: Pappe<br \/>\nMenge: 1 &#8211; Packung<\/p>\n","protected":false},"excerpt":{"rendered":"<hr \/>\n<h3><strong>Geschenkt\u00fcte mit Ringk\u00f8bing-Motiv<\/strong><\/h3>\n<p>Wenn Sie Weihnachtsgeschenke verschenken m\u00f6chten, k\u00f6nnen Sie deren Herkunft mit einer Geschenkt\u00fcte, die den einzigartigen Charakter der Stadt perfekt unterstreicht, stolz zur Schau stellen. Kaufen Sie eine Geschenkt\u00fcte mit einem Druck unserer roten D\u00e4cher und singenden W\u00e4chter, die die historische und gem\u00fctliche Atmosph\u00e4re unserer Kleinstadt einf\u00e4ngt.<\/p>\n<hr \/>\n","protected":false},"featured_media":2268,"template":"","meta":{"_expiration-date-status":"","_expiration-date":0,"_expiration-date-type":"","_expiration-date-categories":[],"_expiration-date-options":[]},"product_cat":[75,211],"product_tag":[],"yoast_head":"<!-- This site is optimized with the Yoast SEO plugin v16.3 - https:\/\/yoast.com\/wordpress\/plugins\/seo\/ -->\n<meta name=\"description\" content=\"Wenn es darum geht, Weihnachtsgeschenke zu machen, k\u00f6nnen Sie mit einer Geschenkt\u00fcte, die den einzigartigen Charakter der Stadt perfekt unterstreicht, stolz auf ihre Herkunft hinweisen.\" \/>\n<meta name=\"robots\" content=\"index, follow, max-snippet:-1, max-image-preview:large, max-video-preview:-1\" \/>\n<link rel=\"canonical\" href=\"https:\/\/ringkoebing-bolcher.dk\/de\/vare\/rkb-geschenktuete\/\" \/>\n<meta property=\"og:locale\" content=\"de_DE\" \/>\n<meta property=\"og:type\" content=\"article\" \/>\n<meta property=\"og:title\" content=\"Ringk\u00f8bing Geschenktasche% -\" \/>\n<meta property=\"og:description\" content=\"Wenn es darum geht, Weihnachtsgeschenke zu machen, k\u00f6nnen Sie mit einer Geschenkt\u00fcte, die den einzigartigen Charakter der Stadt perfekt unterstreicht, stolz auf ihre Herkunft hinweisen.\" \/>\n<meta property=\"og:url\" content=\"https:\/\/ringkoebing-bolcher.dk\/de\/vare\/rkb-geschenktuete\/\" \/>\n<meta property=\"og:site_name\" content=\"Ringk\u00f8bing Bolcher ApS\" \/>\n<meta property=\"article:modified_time\" content=\"2024-08-06T11:42:26+00:00\" \/>\n<meta property=\"og:image\" content=\"https:\/\/ringkoebing-bolcher.dk\/de\/wp-content\/uploads\/sites\/4\/2024\/06\/gavepose-rkb.jpg\" \/>\n\t<meta property=\"og:image:width\" content=\"1512\" \/>\n\t<meta property=\"og:image:height\" content=\"2016\" \/>\n<meta name=\"twitter:card\" content=\"summary_large_image\" \/>\n<meta name=\"twitter:label1\" content=\"Gesch\u00e4tzte Lesezeit\">\n\t<meta name=\"twitter:data1\" content=\"1 Minute\">\n<!-- \/ Yoast SEO plugin. -->","_links":{"self":[{"href":"https:\/\/ringkoebing-bolcher.dk\/de\/wp-json\/wp\/v2\/product\/2257"}],"collection":[{"href":"https:\/\/ringkoebing-bolcher.dk\/de\/wp-json\/wp\/v2\/product"}],"about":[{"href":"https:\/\/ringkoebing-bolcher.dk\/de\/wp-json\/wp\/v2\/types\/product"}],"wp:featuredmedia":[{"embeddable":true,"href":"https:\/\/ringkoebing-bolcher.dk\/de\/wp-json\/wp\/v2\/media\/2268"}],"wp:attachment":[{"href":"https:\/\/ringkoebing-bolcher.dk\/de\/wp-json\/wp\/v2\/media?parent=2257"}],"wp:term":[{"taxonomy":"product_cat","embeddable":true,"href":"https:\/\/ringkoebing-bolcher.dk\/de\/wp-json\/wp\/v2\/product_cat?post=2257"},{"taxonomy":"product_tag","embeddable":true,"href":"https:\/\/ringkoebing-bolcher.dk\/de\/wp-json\/wp\/v2\/product_tag?post=2257"}],"curies":[{"name":"wp","href":"https:\/\/api.w.org\/{rel}","templated":true}]}}