{"id":2256,"date":"2024-06-14T12:41:55","date_gmt":"2024-06-14T10:41:55","guid":{"rendered":"https:\/\/ringkoebing-bolcher.dk\/?post_type=product&#038;p=2256"},"modified":"2024-08-06T13:42:30","modified_gmt":"2024-08-06T11:42:30","slug":"rkb-maultiertasche","status":"publish","type":"product","link":"https:\/\/ringkoebing-bolcher.dk\/de\/vare\/rkb-maultiertasche\/","title":{"rendered":"RKB &#8211; Maultiertasche"},"content":{"rendered":"<h3>Mehr Details<\/h3>\n<p>Ma\u00dfe H\/B: 42 x 37 cm<br \/>\nMaterial: Segeltuch 100% Baumwolle<br \/>\nWir empfehlen keine Maschinenw\u00e4sche<\/p>\n","protected":false},"excerpt":{"rendered":"<hr \/>\n<h3><strong>Maultasche mit Ringk\u00f8bing-Motiv<\/strong><\/h3>\n<p>Spazieren Sie stilvoll durch unsere alte Marktstadt. Kaufen Sie eine Tragetasche aus 100 % Baumwolle mit einem Aufdruck unserer roten D\u00e4cher und singenden W\u00e4chter, der die historische und gem\u00fctliche Atmosph\u00e4re unserer Kleinstadt perfekt einf\u00e4ngt.<\/p>\n<hr \/>\n","protected":false},"featured_media":2267,"template":"","meta":{"_expiration-date-status":"","_expiration-date":0,"_expiration-date-type":"","_expiration-date-categories":[],"_expiration-date-options":[]},"product_cat":[75,211],"product_tag":[],"yoast_head":"<!-- This site is optimized with the Yoast SEO plugin v16.3 - https:\/\/yoast.com\/wordpress\/plugins\/seo\/ -->\n<meta name=\"description\" content=\"Spazieren Sie stilvoll durch unsere alte Marktstadt. Kaufen Sie eine Tragetasche aus 100 % Baumwolle mit einem Aufdruck unserer roten D\u00e4cher und singenden W\u00e4chter.\" \/>\n<meta name=\"robots\" content=\"index, follow, max-snippet:-1, max-image-preview:large, max-video-preview:-1\" \/>\n<link rel=\"canonical\" href=\"https:\/\/ringkoebing-bolcher.dk\/de\/vare\/rkb-maultiertasche\/\" \/>\n<meta property=\"og:locale\" content=\"de_DE\" \/>\n<meta property=\"og:type\" content=\"article\" \/>\n<meta property=\"og:title\" content=\"Ringk\u00f8bing Mule Bag% - Ringk\u00f8bing Bolcher ApS%\" \/>\n<meta property=\"og:description\" content=\"Spazieren Sie stilvoll durch unsere alte Marktstadt. Kaufen Sie eine Tragetasche aus 100 % Baumwolle mit einem Aufdruck unserer roten D\u00e4cher und singenden W\u00e4chter.\" \/>\n<meta property=\"og:url\" content=\"https:\/\/ringkoebing-bolcher.dk\/de\/vare\/rkb-maultiertasche\/\" \/>\n<meta property=\"og:site_name\" content=\"Ringk\u00f8bing Bolcher ApS\" \/>\n<meta property=\"article:modified_time\" content=\"2024-08-06T11:42:30+00:00\" \/>\n<meta property=\"og:image\" content=\"https:\/\/ringkoebing-bolcher.dk\/de\/wp-content\/uploads\/sites\/4\/2024\/06\/mulepose-rkb.jpg\" \/>\n\t<meta property=\"og:image:width\" content=\"1512\" \/>\n\t<meta property=\"og:image:height\" content=\"2016\" \/>\n<meta name=\"twitter:card\" content=\"summary_large_image\" \/>\n<meta name=\"twitter:label1\" content=\"Gesch\u00e4tzte Lesezeit\">\n\t<meta name=\"twitter:data1\" content=\"1 Minute\">\n<!-- \/ Yoast SEO plugin. -->","_links":{"self":[{"href":"https:\/\/ringkoebing-bolcher.dk\/de\/wp-json\/wp\/v2\/product\/2256"}],"collection":[{"href":"https:\/\/ringkoebing-bolcher.dk\/de\/wp-json\/wp\/v2\/product"}],"about":[{"href":"https:\/\/ringkoebing-bolcher.dk\/de\/wp-json\/wp\/v2\/types\/product"}],"wp:featuredmedia":[{"embeddable":true,"href":"https:\/\/ringkoebing-bolcher.dk\/de\/wp-json\/wp\/v2\/media\/2267"}],"wp:attachment":[{"href":"https:\/\/ringkoebing-bolcher.dk\/de\/wp-json\/wp\/v2\/media?parent=2256"}],"wp:term":[{"taxonomy":"product_cat","embeddable":true,"href":"https:\/\/ringkoebing-bolcher.dk\/de\/wp-json\/wp\/v2\/product_cat?post=2256"},{"taxonomy":"product_tag","embeddable":true,"href":"https:\/\/ringkoebing-bolcher.dk\/de\/wp-json\/wp\/v2\/product_tag?post=2256"}],"curies":[{"name":"wp","href":"https:\/\/api.w.org\/{rel}","templated":true}]}}