{"id":2254,"date":"2024-06-13T13:04:22","date_gmt":"2024-06-13T11:04:22","guid":{"rendered":"https:\/\/ringkoebing-bolcher.dk\/?post_type=product&#038;p=2254"},"modified":"2024-08-06T13:42:34","modified_gmt":"2024-08-06T11:42:34","slug":"rkb-servietten","status":"publish","type":"product","link":"https:\/\/ringkoebing-bolcher.dk\/de\/vare\/rkb-servietten\/","title":{"rendered":"RKB &#8211; Servietten"},"content":{"rendered":"<h3>Mehr Details<\/h3>\n<p>Menge: 20 Stk.<br \/>\nAnzahl der Lagen: 3-lagig<br \/>\nFaltart: 1\/4-Faltung<br \/>\nL\/B: 33 x 33 cm<br \/>\nDruck: auf Wasserbasis<br \/>\nChlorfrei und kompostierbar<br \/>\nNordic Ecolabel und FSC-zertifiziert<br \/>\nZugelassen f\u00fcr Lebensmittel<br \/>\nLagerungshinweise: Sauber und trocken lagern.<br \/>\nProduktentsorgung: Kann mit dem normalen Hausm\u00fcll entsorgt werden.<br \/>\nEntsorgung der Verpackung: Kann recycelt oder verbrannt werden.<\/p>\n","protected":false},"excerpt":{"rendered":"<hr \/>\n<h3><strong>Servietten mit Ringk\u00f8bing-Motiv<\/strong><\/h3>\n<p>Nehmen Sie ein Souvenir von Ihrem Besuch in einer der \u00e4ltesten Marktst\u00e4dte D\u00e4nemarks mit nach Hause. Eine echte Ringk\u00f8bing-Spezialit\u00e4t. Kaufen Sie Servietten mit Aufdrucken unserer sch\u00f6nen Stadt, auf denen die charakteristischen roten D\u00e4cher und eines der Wahrzeichen der Stadt als alte Marktstadt zu sehen sind &#8211; unsere stolzen W\u00e4chter!<\/p>\n<hr \/>\n","protected":false},"featured_media":2259,"template":"","meta":{"_expiration-date-status":"","_expiration-date":0,"_expiration-date-type":"","_expiration-date-categories":[],"_expiration-date-options":[]},"product_cat":[75,211],"product_tag":[],"yoast_head":"<!-- This site is optimized with the Yoast SEO plugin v16.3 - https:\/\/yoast.com\/wordpress\/plugins\/seo\/ -->\n<meta name=\"description\" content=\"Nehmen Sie ein Souvenir von Ihrem Besuch in einer der \u00e4ltesten Marktst\u00e4dte D\u00e4nemarks mit nach Hause. Eine echte Ringk\u00f8bing-Spezialit\u00e4t. Kaufen Sie hier eine Packung Servietten mit Ringk\u00f8bing-Aufdruck.\" \/>\n<meta name=\"robots\" content=\"index, follow, max-snippet:-1, max-image-preview:large, max-video-preview:-1\" \/>\n<link rel=\"canonical\" href=\"https:\/\/ringkoebing-bolcher.dk\/de\/vare\/rkb-servietten\/\" \/>\n<meta property=\"og:locale\" content=\"de_DE\" \/>\n<meta property=\"og:type\" content=\"article\" \/>\n<meta property=\"og:title\" content=\"Ringk\u00f8bing Servietten % - Ringk\u00f8bing Bolcher ApS%\" \/>\n<meta property=\"og:description\" content=\"Nehmen Sie ein Souvenir von Ihrem Besuch in einer der \u00e4ltesten Marktst\u00e4dte D\u00e4nemarks mit nach Hause. Eine echte Ringk\u00f8bing-Spezialit\u00e4t. Kaufen Sie hier eine Packung Servietten mit Ringk\u00f8bing-Aufdruck.\" \/>\n<meta property=\"og:url\" content=\"https:\/\/ringkoebing-bolcher.dk\/de\/vare\/rkb-servietten\/\" \/>\n<meta property=\"og:site_name\" content=\"Ringk\u00f8bing Bolcher ApS\" \/>\n<meta property=\"article:modified_time\" content=\"2024-08-06T11:42:34+00:00\" \/>\n<meta property=\"og:image\" content=\"https:\/\/ringkoebing-bolcher.dk\/de\/wp-content\/uploads\/sites\/4\/2024\/06\/serviertter-rkb.jpg\" \/>\n\t<meta property=\"og:image:width\" content=\"1512\" \/>\n\t<meta property=\"og:image:height\" content=\"2016\" \/>\n<meta name=\"twitter:card\" content=\"summary_large_image\" \/>\n<meta name=\"twitter:label1\" content=\"Gesch\u00e4tzte Lesezeit\">\n\t<meta name=\"twitter:data1\" content=\"1 Minute\">\n<!-- \/ Yoast SEO plugin. -->","_links":{"self":[{"href":"https:\/\/ringkoebing-bolcher.dk\/de\/wp-json\/wp\/v2\/product\/2254"}],"collection":[{"href":"https:\/\/ringkoebing-bolcher.dk\/de\/wp-json\/wp\/v2\/product"}],"about":[{"href":"https:\/\/ringkoebing-bolcher.dk\/de\/wp-json\/wp\/v2\/types\/product"}],"wp:featuredmedia":[{"embeddable":true,"href":"https:\/\/ringkoebing-bolcher.dk\/de\/wp-json\/wp\/v2\/media\/2259"}],"wp:attachment":[{"href":"https:\/\/ringkoebing-bolcher.dk\/de\/wp-json\/wp\/v2\/media?parent=2254"}],"wp:term":[{"taxonomy":"product_cat","embeddable":true,"href":"https:\/\/ringkoebing-bolcher.dk\/de\/wp-json\/wp\/v2\/product_cat?post=2254"},{"taxonomy":"product_tag","embeddable":true,"href":"https:\/\/ringkoebing-bolcher.dk\/de\/wp-json\/wp\/v2\/product_tag?post=2254"}],"curies":[{"name":"wp","href":"https:\/\/api.w.org\/{rel}","templated":true}]}}