{"id":2253,"date":"2024-06-13T13:01:45","date_gmt":"2024-06-13T11:01:45","guid":{"rendered":"https:\/\/ringkoebing-bolcher.dk\/?post_type=product&#038;p=2253"},"modified":"2024-08-06T13:42:37","modified_gmt":"2024-08-06T11:42:37","slug":"rkb-becher","status":"publish","type":"product","link":"https:\/\/ringkoebing-bolcher.dk\/de\/vare\/rkb-becher\/","title":{"rendered":"RKB &#8211; Becher"},"content":{"rendered":"<h3>Mehr Details<\/h3>\n<p>Fassungsverm\u00f6gen: 30cl<br \/>\nMaterial: Porzellan<\/p>\n","protected":false},"excerpt":{"rendered":"<hr \/>\n<h3><strong>Becher mit Ringk\u00f8bing-Motiv<\/strong><\/h3>\n<p>Nehmen Sie ein Souvenir von Ihrem Besuch in einer der \u00e4ltesten Marktst\u00e4dte D\u00e4nemarks mit nach Hause. Eine echte Ringk\u00f8bing-Spezialit\u00e4t. Kaufen Sie eine Tasse mit einem Abdruck unserer sch\u00f6nen Stadt, auf der Sie die charakteristischen roten D\u00e4cher und eines der Wahrzeichen der Stadt als alte Marktstadt sehen k\u00f6nnen &#8211; unsere stolzen W\u00e4chter!<\/p>\n<hr \/>\n","protected":false},"featured_media":2260,"template":"","meta":{"_expiration-date-status":"","_expiration-date":0,"_expiration-date-type":"","_expiration-date-categories":[],"_expiration-date-options":[]},"product_cat":[75,211],"product_tag":[],"yoast_head":"<!-- This site is optimized with the Yoast SEO plugin v16.3 - https:\/\/yoast.com\/wordpress\/plugins\/seo\/ -->\n<meta name=\"description\" content=\"Nehmen Sie ein Souvenir von Ihrem Besuch in einer der \u00e4ltesten Marktst\u00e4dte D\u00e4nemarks mit nach Hause. Eine echte Ringk\u00f8bing-Spezialit\u00e4t. Kaufen Sie hier eine Tasse mit einem Ringk\u00f8bing-Aufdruck.\" \/>\n<meta name=\"robots\" content=\"index, follow, max-snippet:-1, max-image-preview:large, max-video-preview:-1\" \/>\n<link rel=\"canonical\" href=\"https:\/\/ringkoebing-bolcher.dk\/de\/vare\/rkb-becher\/\" \/>\n<meta property=\"og:locale\" content=\"de_DE\" \/>\n<meta property=\"og:type\" content=\"article\" \/>\n<meta property=\"og:title\" content=\"Ringk\u00f8bing Mug -\" \/>\n<meta property=\"og:description\" content=\"Nehmen Sie ein Souvenir von Ihrem Besuch in einer der \u00e4ltesten Marktst\u00e4dte D\u00e4nemarks mit nach Hause. Eine echte Ringk\u00f8bing-Spezialit\u00e4t. Kaufen Sie hier eine Tasse mit einem Ringk\u00f8bing-Aufdruck.\" \/>\n<meta property=\"og:url\" content=\"https:\/\/ringkoebing-bolcher.dk\/de\/vare\/rkb-becher\/\" \/>\n<meta property=\"og:site_name\" content=\"Ringk\u00f8bing Bolcher ApS\" \/>\n<meta property=\"article:modified_time\" content=\"2024-08-06T11:42:37+00:00\" \/>\n<meta property=\"og:image\" content=\"https:\/\/ringkoebing-bolcher.dk\/de\/wp-content\/uploads\/sites\/4\/2024\/06\/kop-rkb.jpg\" \/>\n\t<meta property=\"og:image:width\" content=\"1512\" \/>\n\t<meta property=\"og:image:height\" content=\"2016\" \/>\n<meta name=\"twitter:card\" content=\"summary_large_image\" \/>\n<meta name=\"twitter:label1\" content=\"Gesch\u00e4tzte Lesezeit\">\n\t<meta name=\"twitter:data1\" content=\"1 Minute\">\n<!-- \/ Yoast SEO plugin. -->","_links":{"self":[{"href":"https:\/\/ringkoebing-bolcher.dk\/de\/wp-json\/wp\/v2\/product\/2253"}],"collection":[{"href":"https:\/\/ringkoebing-bolcher.dk\/de\/wp-json\/wp\/v2\/product"}],"about":[{"href":"https:\/\/ringkoebing-bolcher.dk\/de\/wp-json\/wp\/v2\/types\/product"}],"wp:featuredmedia":[{"embeddable":true,"href":"https:\/\/ringkoebing-bolcher.dk\/de\/wp-json\/wp\/v2\/media\/2260"}],"wp:attachment":[{"href":"https:\/\/ringkoebing-bolcher.dk\/de\/wp-json\/wp\/v2\/media?parent=2253"}],"wp:term":[{"taxonomy":"product_cat","embeddable":true,"href":"https:\/\/ringkoebing-bolcher.dk\/de\/wp-json\/wp\/v2\/product_cat?post=2253"},{"taxonomy":"product_tag","embeddable":true,"href":"https:\/\/ringkoebing-bolcher.dk\/de\/wp-json\/wp\/v2\/product_tag?post=2253"}],"curies":[{"name":"wp","href":"https:\/\/api.w.org\/{rel}","templated":true}]}}