{"id":1993,"date":"2024-02-06T12:02:14","date_gmt":"2024-02-06T11:02:14","guid":{"rendered":"https:\/\/ringkoebing-bolcher.dk\/?post_type=product&#038;p=1993"},"modified":"2025-05-31T10:19:00","modified_gmt":"2025-05-31T08:19:00","slug":"karamellriegel-sahne-und-salz-in-zartbitterschokolade","status":"publish","type":"product","link":"https:\/\/ringkoebing-bolcher.dk\/de\/vare\/karamellriegel-sahne-und-salz-in-zartbitterschokolade\/","title":{"rendered":"Karamellriegel, Sahne und Salz in Zartbitterschokolade"},"content":{"rendered":"<hr \/>\n<p><strong>Zutatenliste<\/strong><br \/>\nGlukosesirup, <strong>Kondensmilch<\/strong>, Schokolade &#8211; mindestens 55% Kakaotrockenmasse (Kakaomasse, Zucker, Kakaobutter, <strong>Sojalecithin<\/strong>, nat\u00fcrliches Vanillearoma), Zucker, Wasser, geh\u00e4rtetes Pflanzenfett (Palmkern &#8211; rspo mas balance), Kochsalz (1%), Emulgator (Mono- und Diglyceride), Salz, Aroma. Kann Spuren von Sesam, Erdn\u00fcssen, N\u00fcssen enthalten.<\/p>\n<div class=\"uk-container uk-container-large\">\n<div>\n<div class=\"uk-grid uk-grid-stack\">\n<div class=\"uk-width-1-1@m uk-first-column\">\n<div>\n<div><\/div>\n<\/div>\n<\/div>\n<\/div>\n<\/div>\n<\/div>\n<table style=\"height: 197px;\" border=\"1\">\n<tbody>\n<tr style=\"height: 24px;\">\n<td style=\"height: 24px;\"><strong>N\u00e4hrwertgehalt pro 100 g<\/strong><\/td>\n<td style=\"height: 24px;\"><\/td>\n<\/tr>\n<tr style=\"height: 24px;\">\n<td style=\"height: 24px;\">Energiegehalt<\/td>\n<td style=\"height: 24px;\">1543kJ\/368kcal<\/td>\n<\/tr>\n<tr style=\"height: 24px;\">\n<td style=\"height: 24px;\">Fettgehalt<\/td>\n<td style=\"height: 24px;\">13g<\/td>\n<\/tr>\n<tr style=\"height: 24px;\">\n<td style=\"height: 24px;\">Davon ges\u00e4ttigte Fetts\u00e4ure<\/td>\n<td style=\"height: 24px;\">11g<\/td>\n<\/tr>\n<tr style=\"height: 24px;\">\n<td style=\"height: 24px;\">Kohlenhydrate<\/td>\n<td style=\"height: 24px;\">59g<\/td>\n<\/tr>\n<tr style=\"height: 24px;\">\n<td style=\"height: 24px;\">Davon Zucker<\/td>\n<td style=\"height: 24px;\">36g<\/td>\n<\/tr>\n<tr style=\"height: 24px;\">\n<td style=\"height: 24px;\">Ballaststoffe<br \/>\nEiwei\u00df<\/td>\n<td style=\"height: 24px;\">0g<br \/>\n2,7g<\/td>\n<\/tr>\n<tr style=\"height: 29px;\">\n<td style=\"height: 29px;\">Salz (Salz)<\/td>\n<td style=\"height: 29px;\">1,8g<\/td>\n<\/tr>\n<\/tbody>\n<\/table>\n<hr \/>\n","protected":false},"excerpt":{"rendered":"<p>Die Karamellvariante Sahne &amp; Meersalz ist mit ungew\u00f6hnlich k\u00f6stlicher Zartbitterschokolade \u00fcberzogen und mit einer leichten Prise L\u00e6s\u00f8 Meersalz bestreut. Das salzige Karamell und die dunkle, reichhaltige Schokolade sorgen f\u00fcr unwiderstehliche Geschmacksnuancen.<\/p>\n<p><strong>Enth\u00e4lt<\/strong><br \/>\n1 x 50g Karamellriegel &#8211; Sahne &amp; Salz in Zartbitterschokolade<br \/>\nMit englischer Familientradition und einer verfeinerten Version eines Geheimrezepts aus dem Jahr 1894 stellen wir seit 2004 in Gudhjem und R\u00f8nne handgefertigte Karamellbonbons her.<br \/>\nUnsere neuen Schachteln sind plastikfrei, aus FSC-zertifizierten Materialien hergestellt &#8211; und die Karamellen sind in kompostierbarem Zellophan verpackt, mit OK Compost Home-Zertifizierung. Denken Sie daran, Ihren Abfall entsprechend den \u00f6rtlichen M\u00f6glichkeiten zu trennen.<\/p>\n<p><strong>Handgefertigt und verpackt auf Bornholm<\/strong><\/p>\n","protected":false},"featured_media":1997,"template":"","meta":{"_expiration-date-status":"","_expiration-date":0,"_expiration-date-type":"","_expiration-date-categories":[],"_expiration-date-options":[]},"product_cat":[53,75,36,207],"product_tag":[199],"yoast_head":"<!-- This site is optimized with the Yoast SEO plugin v16.3 - https:\/\/yoast.com\/wordpress\/plugins\/seo\/ -->\n<meta name=\"description\" content=\"Die Karamellvariante Creme &amp; Meersalz ist mit k\u00f6stlicher Zartbitterschokolade \u00fcberzogen und mit einer leichten Prise L\u00e6s\u00f8 Meersalz bestreut.\" \/>\n<meta name=\"robots\" content=\"index, follow, max-snippet:-1, max-image-preview:large, max-video-preview:-1\" \/>\n<link rel=\"canonical\" href=\"https:\/\/ringkoebing-bolcher.dk\/de\/vare\/karamellriegel-sahne-und-salz-in-zartbitterschokolade\/\" \/>\n<meta property=\"og:locale\" content=\"de_DE\" \/>\n<meta property=\"og:type\" content=\"article\" \/>\n<meta property=\"og:title\" content=\"Karamellriegel, Sahne und Salz in Zartbitterschokolade - Ringk\u00f8bing Bolcher ApS\" \/>\n<meta property=\"og:description\" content=\"Die Karamellvariante Creme &amp; Meersalz ist mit k\u00f6stlicher Zartbitterschokolade \u00fcberzogen und mit einer leichten Prise L\u00e6s\u00f8 Meersalz bestreut.\" \/>\n<meta property=\"og:url\" content=\"https:\/\/ringkoebing-bolcher.dk\/de\/vare\/karamellriegel-sahne-und-salz-in-zartbitterschokolade\/\" \/>\n<meta property=\"og:site_name\" content=\"Ringk\u00f8bing Bolcher ApS\" \/>\n<meta property=\"article:modified_time\" content=\"2025-05-31T08:19:00+00:00\" \/>\n<meta property=\"og:image\" content=\"https:\/\/ringkoebing-bolcher.dk\/de\/wp-content\/uploads\/sites\/4\/2024\/02\/karamel-kompagniet-karamel-bar-floede-salt.jpg\" \/>\n\t<meta property=\"og:image:width\" content=\"900\" \/>\n\t<meta property=\"og:image:height\" content=\"1200\" \/>\n<meta name=\"twitter:card\" content=\"summary_large_image\" \/>\n<meta name=\"twitter:label1\" content=\"Gesch\u00e4tzte Lesezeit\">\n\t<meta name=\"twitter:data1\" content=\"1 Minute\">\n<!-- \/ Yoast SEO plugin. -->","_links":{"self":[{"href":"https:\/\/ringkoebing-bolcher.dk\/de\/wp-json\/wp\/v2\/product\/1993"}],"collection":[{"href":"https:\/\/ringkoebing-bolcher.dk\/de\/wp-json\/wp\/v2\/product"}],"about":[{"href":"https:\/\/ringkoebing-bolcher.dk\/de\/wp-json\/wp\/v2\/types\/product"}],"wp:featuredmedia":[{"embeddable":true,"href":"https:\/\/ringkoebing-bolcher.dk\/de\/wp-json\/wp\/v2\/media\/1997"}],"wp:attachment":[{"href":"https:\/\/ringkoebing-bolcher.dk\/de\/wp-json\/wp\/v2\/media?parent=1993"}],"wp:term":[{"taxonomy":"product_cat","embeddable":true,"href":"https:\/\/ringkoebing-bolcher.dk\/de\/wp-json\/wp\/v2\/product_cat?post=1993"},{"taxonomy":"product_tag","embeddable":true,"href":"https:\/\/ringkoebing-bolcher.dk\/de\/wp-json\/wp\/v2\/product_tag?post=1993"}],"curies":[{"name":"wp","href":"https:\/\/api.w.org\/{rel}","templated":true}]}}