{"id":1992,"date":"2024-02-06T12:02:12","date_gmt":"2024-02-06T11:02:12","guid":{"rendered":"https:\/\/ringkoebing-bolcher.dk\/?post_type=product&#038;p=1992"},"modified":"2025-05-31T10:19:00","modified_gmt":"2025-05-31T08:19:00","slug":"karamellriegel-creme-in-heller-schokolade","status":"publish","type":"product","link":"https:\/\/ringkoebing-bolcher.dk\/de\/vare\/karamellriegel-creme-in-heller-schokolade\/","title":{"rendered":"Karamellriegel, Creme in heller Schokolade"},"content":{"rendered":"<hr \/>\n<p><strong>Liste der Inhaltsstoffe<br \/>\n<\/strong><\/p>\n<p>Glukosesirup, <strong>Kondensmilch<\/strong>, Schokolade &#8211; mindestens 35% Kakaotrockenmasse (Zucker, Kakaobutter, Vollmilchpulver, Kakaomasse, <strong>Sojalecithin<\/strong>, nat\u00fcrliches Vanillearoma), Wasser, Zucker, geh\u00e4rtetes Pflanzenfett (Palmkern &#8211; rspo), Massenausgleich, Emulgator (Mono- und Diglyceride), Salz, Aroma. Kann Spuren von Sesamsamen, Erdn\u00fcssen und Schalenfr\u00fcchten enthalten.<\/p>\n<table style=\"height: 197px;\" border=\"1\">\n<tbody>\n<tr style=\"height: 24px;\">\n<td style=\"height: 24px;\"><strong>N\u00e4hrwertgehalt pro 100 g<\/strong><\/td>\n<td style=\"height: 24px;\"><\/td>\n<\/tr>\n<tr style=\"height: 24px;\">\n<td style=\"height: 24px;\">Energiegehalt<\/td>\n<td style=\"height: 24px;\">1572kJ\/375kcal<\/td>\n<\/tr>\n<tr style=\"height: 24px;\">\n<td style=\"height: 24px;\">Fettgehalt<\/td>\n<td style=\"height: 24px;\">13g<\/td>\n<\/tr>\n<tr style=\"height: 24px;\">\n<td style=\"height: 24px;\">Davon ges\u00e4ttigte Fetts\u00e4ure<\/td>\n<td style=\"height: 24px;\">11g<\/td>\n<\/tr>\n<tr style=\"height: 24px;\">\n<td style=\"height: 24px;\">Kohlenhydrate<\/td>\n<td style=\"height: 24px;\">61g<\/td>\n<\/tr>\n<tr style=\"height: 24px;\">\n<td style=\"height: 24px;\">Davon Zucker<\/td>\n<td style=\"height: 24px;\">38g<\/td>\n<\/tr>\n<tr style=\"height: 24px;\">\n<td style=\"height: 24px;\">Ballaststoffe<br \/>\nEiwei\u00df<\/td>\n<td style=\"height: 24px;\">0g<br \/>\n2,8g<\/td>\n<\/tr>\n<tr style=\"height: 29px;\">\n<td style=\"height: 29px;\">Salzgehalt<\/td>\n<td style=\"height: 29px;\">0,23g<\/td>\n<\/tr>\n<\/tbody>\n<\/table>\n<hr \/>\n","protected":false},"excerpt":{"rendered":"<p>Unter der leichten Schokolade wartet die s\u00fc\u00dfe Karamellvariante Classic Cream. Schokolade und Karamell vereinen die Geschmacksrichtungen zu einem kompletten Erlebnis. Ein Karamellriegel f\u00fcr alle, die einfach alles S\u00fc\u00dfe lieben.<\/p>\n<p><strong>Enth\u00e4lt<\/strong><br \/>\n1 x 50g Karamellriegel &#8211; Classic Cream in heller Schokolade<br \/>\nMit englischer Familientradition und einer verfeinerten Version eines Geheimrezepts aus dem Jahr 1894 stellen wir seit 2004 in Gudhjem und R\u00f8nne handgemachte Karamellen her.<br \/>\nUnsere neuen Verpackungen sind plastikfrei und aus FSC-zertifizierten Materialien hergestellt. Die Karamellen sind in kompostierbarem Zellophan verpackt und mit dem OK Compost Home-Zertifikat versehen. Denken Sie daran, Ihren Abfall entsprechend den \u00f6rtlichen M\u00f6glichkeiten zu trennen.<\/p>\n<p><strong>Handgefertigt und verpackt auf Bornholm<\/strong><\/p>\n","protected":false},"featured_media":1996,"template":"","meta":{"_expiration-date-status":"","_expiration-date":0,"_expiration-date-type":"","_expiration-date-categories":[],"_expiration-date-options":[]},"product_cat":[53,75,36,207],"product_tag":[199],"yoast_head":"<!-- This site is optimized with the Yoast SEO plugin v16.3 - https:\/\/yoast.com\/wordpress\/plugins\/seo\/ -->\n<meta name=\"description\" content=\"Unter der leichten Schokolade verbirgt sich die s\u00fc\u00dfe Karamellvariante Classic Cream. Schokolade und Karamell vereinen sich zu einem kompletten Geschmackserlebnis.\" \/>\n<meta name=\"robots\" content=\"index, follow, max-snippet:-1, max-image-preview:large, max-video-preview:-1\" \/>\n<link rel=\"canonical\" href=\"https:\/\/ringkoebing-bolcher.dk\/de\/vare\/karamellriegel-creme-in-heller-schokolade\/\" \/>\n<meta property=\"og:locale\" content=\"de_DE\" \/>\n<meta property=\"og:type\" content=\"article\" \/>\n<meta property=\"og:title\" content=\"Karamellriegel, Creme in heller Schokolade - Ringk\u00f8bing Bolcher ApS\" \/>\n<meta property=\"og:description\" content=\"Unter der leichten Schokolade verbirgt sich die s\u00fc\u00dfe Karamellvariante Classic Cream. Schokolade und Karamell vereinen sich zu einem kompletten Geschmackserlebnis.\" \/>\n<meta property=\"og:url\" content=\"https:\/\/ringkoebing-bolcher.dk\/de\/vare\/karamellriegel-creme-in-heller-schokolade\/\" \/>\n<meta property=\"og:site_name\" content=\"Ringk\u00f8bing Bolcher ApS\" \/>\n<meta property=\"article:modified_time\" content=\"2025-05-31T08:19:00+00:00\" \/>\n<meta property=\"og:image\" content=\"https:\/\/ringkoebing-bolcher.dk\/de\/wp-content\/uploads\/sites\/4\/2024\/02\/karamel-kompagniet-karamel-bar-klassisk-floede-lys.jpg\" \/>\n\t<meta property=\"og:image:width\" content=\"900\" \/>\n\t<meta property=\"og:image:height\" content=\"1200\" \/>\n<meta name=\"twitter:card\" content=\"summary_large_image\" \/>\n<meta name=\"twitter:label1\" content=\"Gesch\u00e4tzte Lesezeit\">\n\t<meta name=\"twitter:data1\" content=\"1 Minute\">\n<!-- \/ Yoast SEO plugin. -->","_links":{"self":[{"href":"https:\/\/ringkoebing-bolcher.dk\/de\/wp-json\/wp\/v2\/product\/1992"}],"collection":[{"href":"https:\/\/ringkoebing-bolcher.dk\/de\/wp-json\/wp\/v2\/product"}],"about":[{"href":"https:\/\/ringkoebing-bolcher.dk\/de\/wp-json\/wp\/v2\/types\/product"}],"wp:featuredmedia":[{"embeddable":true,"href":"https:\/\/ringkoebing-bolcher.dk\/de\/wp-json\/wp\/v2\/media\/1996"}],"wp:attachment":[{"href":"https:\/\/ringkoebing-bolcher.dk\/de\/wp-json\/wp\/v2\/media?parent=1992"}],"wp:term":[{"taxonomy":"product_cat","embeddable":true,"href":"https:\/\/ringkoebing-bolcher.dk\/de\/wp-json\/wp\/v2\/product_cat?post=1992"},{"taxonomy":"product_tag","embeddable":true,"href":"https:\/\/ringkoebing-bolcher.dk\/de\/wp-json\/wp\/v2\/product_tag?post=1992"}],"curies":[{"name":"wp","href":"https:\/\/api.w.org\/{rel}","templated":true}]}}