{"id":1982,"date":"2024-02-06T11:32:04","date_gmt":"2024-02-06T10:32:04","guid":{"rendered":"https:\/\/ringkoebing-bolcher.dk\/?post_type=product&#038;p=1982"},"modified":"2026-02-25T11:24:25","modified_gmt":"2026-02-25T10:24:25","slug":"schokoladenkugeln-gesalzenes-karamell","status":"publish","type":"product","link":"https:\/\/ringkoebing-bolcher.dk\/de\/vare\/schokoladenkugeln-gesalzenes-karamell\/","title":{"rendered":"Schokoladenkugeln, gesalzenes Karamell"},"content":{"rendered":"<hr \/>\n<p><strong>Liste der Inhaltsstoffe<\/strong><br \/>\nZutaten: Schokolade &#8211; mindestens 35% Kakaotrockenmasse (Zucker, Kakaobutter, <strong>Vollmilchpulver<\/strong>, Kakaomasse, Emulgator: <strong>Sojalecithin<\/strong>, nat. vanillearoma), Glukosesirup, <strong>Kondensmilch<\/strong>, Wasser, Zucker, geh\u00e4rtetes Pflanzenfett (Palmkern &#8211; rspo Massenbilanz), Puderzucker, \u00dcberzugsmittel (Gummi arabicum, Schellack), N\u00e4hsalz, Emulgator (Mono- und Diglyceride), Salz, Aroma. Kann Spuren von N\u00fcssen enthalten.<\/p>\n<table style=\"height: 197px;\" border=\"1\">\n<tbody>\n<tr style=\"height: 24px;\">\n<td style=\"height: 24px;\"><strong>N\u00e4hrwertangaben pro 100g<\/strong><\/td>\n<td style=\"height: 24px;\"><\/td>\n<\/tr>\n<tr style=\"height: 24px;\">\n<td style=\"height: 24px;\">Energiegehalt<\/td>\n<td style=\"height: 24px;\">1897kJ\/453kcal<\/td>\n<\/tr>\n<tr style=\"height: 24px;\">\n<td style=\"height: 24px;\">Fettgehalt<\/td>\n<td style=\"height: 24px;\">23g<\/td>\n<\/tr>\n<tr style=\"height: 24px;\">\n<td style=\"height: 24px;\">Davon ges\u00e4ttigte Fetts\u00e4ure<\/td>\n<td style=\"height: 24px;\">16g<\/td>\n<\/tr>\n<tr style=\"height: 24px;\">\n<td style=\"height: 24px;\">Kohlenhydrate<\/td>\n<td style=\"height: 24px;\">56g<\/td>\n<\/tr>\n<tr style=\"height: 24px;\">\n<td style=\"height: 24px;\">Davon Zucker<\/td>\n<td style=\"height: 24px;\">44g<\/td>\n<\/tr>\n<tr style=\"height: 24px;\">\n<td style=\"height: 24px;\">Ballaststoffe<br \/>\nEiwei\u00df<\/td>\n<td style=\"height: 24px;\">0g<br \/>\n5g<\/td>\n<\/tr>\n<tr style=\"height: 29px;\">\n<td style=\"height: 29px;\">Salz (Salz)<\/td>\n<td style=\"height: 29px;\">0,8g<\/td>\n<\/tr>\n<\/tbody>\n<\/table>\n<hr \/>\n","protected":false},"excerpt":{"rendered":"<p>Mundgerechte Kugeln aus weichem Karamell in heller Schokolade. Die Gourmet-Version der klassischen Geschmackskombination aus Karamell und Schokolade.<\/p>\n<p><strong>Enth\u00e4lt<\/strong><br \/>\n1 x 109g Karamellkugeln &#8211; Sahne &amp; Salz in Schokolade<br \/>\nMit englischer Familientradition und einer verfeinerten Version eines Geheimrezepts aus dem Jahr 1894 stellen wir seit 2004 in Gudhjem und R\u00f8nne handgemachte Karamellbonbons her.<br \/>\nUnsere neuen Schachteln sind plastikfrei, aus FSC-zertifizierten Materialien hergestellt &#8211; und die Karamellen sind in kompostierbarem Zellophan verpackt, mit OK Compost Home-Zertifizierung. Denken Sie daran, Ihren Abfall entsprechend den \u00f6rtlichen M\u00f6glichkeiten zu trennen.<\/p>\n<p><strong>Handgefertigt und verpackt auf Bornholm<\/strong><\/p>\n","protected":false},"featured_media":1985,"template":"","meta":{"_expiration-date-status":"","_expiration-date":0,"_expiration-date-type":"","_expiration-date-categories":[],"_expiration-date-options":[]},"product_cat":[53,75,36,207],"product_tag":[203],"yoast_head":"<!-- This site is optimized with the Yoast SEO plugin v16.3 - https:\/\/yoast.com\/wordpress\/plugins\/seo\/ -->\n<meta name=\"description\" content=\"Mundgerechte Kugeln aus weichem Karamell in heller Schokolade. Die Gourmet-Version der klassischen Geschmackskombination aus Karamell und Schokolade.\" \/>\n<meta name=\"robots\" content=\"index, follow, max-snippet:-1, max-image-preview:large, max-video-preview:-1\" \/>\n<link rel=\"canonical\" href=\"https:\/\/ringkoebing-bolcher.dk\/de\/vare\/schokoladenkugeln-gesalzenes-karamell\/\" \/>\n<meta property=\"og:locale\" content=\"de_DE\" \/>\n<meta property=\"og:type\" content=\"article\" \/>\n<meta property=\"og:title\" content=\"% -\" \/>\n<meta property=\"og:description\" content=\"Mundgerechte Kugeln aus weichem Karamell in heller Schokolade. Die Gourmet-Version der klassischen Geschmackskombination aus Karamell und Schokolade.\" \/>\n<meta property=\"og:url\" content=\"https:\/\/ringkoebing-bolcher.dk\/de\/vare\/schokoladenkugeln-gesalzenes-karamell\/\" \/>\n<meta property=\"og:site_name\" content=\"Ringk\u00f8bing Bolcher ApS\" \/>\n<meta property=\"article:modified_time\" content=\"2026-02-25T10:24:25+00:00\" \/>\n<meta property=\"og:image\" content=\"https:\/\/ringkoebing-bolcher.dk\/de\/wp-content\/uploads\/sites\/4\/2024\/02\/kk-e-floede-salt-lys-chokolade.jpg\" \/>\n\t<meta property=\"og:image:width\" content=\"900\" \/>\n\t<meta property=\"og:image:height\" content=\"1200\" \/>\n<meta name=\"twitter:card\" content=\"summary_large_image\" \/>\n<meta name=\"twitter:label1\" content=\"Gesch\u00e4tzte Lesezeit\">\n\t<meta name=\"twitter:data1\" content=\"1 Minute\">\n<!-- \/ Yoast SEO plugin. -->","_links":{"self":[{"href":"https:\/\/ringkoebing-bolcher.dk\/de\/wp-json\/wp\/v2\/product\/1982"}],"collection":[{"href":"https:\/\/ringkoebing-bolcher.dk\/de\/wp-json\/wp\/v2\/product"}],"about":[{"href":"https:\/\/ringkoebing-bolcher.dk\/de\/wp-json\/wp\/v2\/types\/product"}],"wp:featuredmedia":[{"embeddable":true,"href":"https:\/\/ringkoebing-bolcher.dk\/de\/wp-json\/wp\/v2\/media\/1985"}],"wp:attachment":[{"href":"https:\/\/ringkoebing-bolcher.dk\/de\/wp-json\/wp\/v2\/media?parent=1982"}],"wp:term":[{"taxonomy":"product_cat","embeddable":true,"href":"https:\/\/ringkoebing-bolcher.dk\/de\/wp-json\/wp\/v2\/product_cat?post=1982"},{"taxonomy":"product_tag","embeddable":true,"href":"https:\/\/ringkoebing-bolcher.dk\/de\/wp-json\/wp\/v2\/product_tag?post=1982"}],"curies":[{"name":"wp","href":"https:\/\/api.w.org\/{rel}","templated":true}]}}