{"id":1971,"date":"2024-02-05T17:02:57","date_gmt":"2024-02-05T16:02:57","guid":{"rendered":"https:\/\/ringkoebing-bolcher.dk\/?post_type=product&#038;p=1971"},"modified":"2026-02-25T11:12:57","modified_gmt":"2026-02-25T10:12:57","slug":"amalienborg","status":"publish","type":"product","link":"https:\/\/ringkoebing-bolcher.dk\/de\/vare\/amalienborg\/","title":{"rendered":"Amalienborg"},"content":{"rendered":"<hr \/>\n<p><strong>Zutatenliste<\/strong><br \/>\nGlukosesirup, <strong>Kondensmilch\/Milch<\/strong>, Wasser, Zucker, geh\u00e4rtetes Pflanzenfett (Palmkern &#8211; rspo Massenbilanz), Kakaopulver, Emulgator (Mono- und Diglyceride), Kochsalz, Salz, Aroma, nat\u00fcrliches Aroma. Kann Spuren von N\u00fcssen enthalten.<\/p>\n<table border=\"1\">\n<tbody>\n<tr>\n<td><strong>N\u00e4hrwertangaben pro 100 g<\/strong><\/td>\n<td><\/td>\n<\/tr>\n<tr>\n<td>Energiegehalt<\/td>\n<td>1468kJ\/350kcal<\/td>\n<\/tr>\n<tr>\n<td>Fettgehalt<\/td>\n<td>11g<\/td>\n<\/tr>\n<tr>\n<td>Davon ges\u00e4ttigte Fetts\u00e4ure<\/td>\n<td>10g<\/td>\n<\/tr>\n<tr>\n<td>Kohlenhydrate<\/td>\n<td>60g<\/td>\n<\/tr>\n<tr>\n<td>Davon Zucker<\/td>\n<td>36g<\/td>\n<\/tr>\n<tr>\n<td>Eiwei\u00df<\/td>\n<td>2,5g<\/td>\n<\/tr>\n<tr>\n<td>Salz (Salz)<\/td>\n<td>0,60g<\/td>\n<\/tr>\n<\/tbody>\n<\/table>\n<hr \/>\n","protected":false},"excerpt":{"rendered":"<p>Amalienborg, wie wir diese sch\u00f6ne neue Dose nennen, kann f\u00fcr unz\u00e4hlige M\u00f6glichkeiten verwendet werden. Geburtstage, Abschlussfeiern und mehr.<\/p>\n<p>Der geschickte und talentierte K\u00fcnstler Mads Berg hat das sch\u00f6ne Motiv Amalienborg exklusiv f\u00fcr Karamel Kompagniet entworfen.<\/p>\n<p><b><strong>Enth\u00e4lt<br \/>\n<\/strong><\/b><\/p>\n<p>1 x 300g Karamell &#8211; Bokul-Mischung<\/p>\n<ul>\n<li>Klassisch Sahne<\/li>\n<li>Klassische Schokolade<\/li>\n<li>Sahne mit S\u00fcdsalz<\/li>\n<\/ul>\n<p>Die Karamellen sind einzeln in kompostierbarem Zellophan verpackt, mit OK Compost Home Zertifikat. Die Metalldose wird in Frankreich hergestellt und bedruckt, mit Origine France Garantie. Denken Sie daran, Ihre Abf\u00e4lle entsprechend den \u00f6rtlichen M\u00f6glichkeiten zu trennen.<\/p>\n<p>Die Dose wird mit Sorgfalt hergestellt und kann recycelt werden, wenn sie leer ist.<\/p>\n<p><b><strong>Handgefertigt und verpackt auf Bornholm<\/strong><\/b><\/p>\n","protected":false},"featured_media":1972,"template":"","meta":{"_expiration-date-status":"","_expiration-date":0,"_expiration-date-type":"","_expiration-date-categories":[],"_expiration-date-options":[]},"product_cat":[53,75,36,204],"product_tag":[199,203,200],"yoast_head":"<!-- This site is optimized with the Yoast SEO plugin v16.3 - https:\/\/yoast.com\/wordpress\/plugins\/seo\/ -->\n<meta name=\"description\" content=\"Amalienborg, wie wir diese sch\u00f6ne neue Dose nennen, kann f\u00fcr unz\u00e4hlige M\u00f6glichkeiten verwendet werden. Geburtstage, Abschlussfeiern usw. 1 x 300g Karamellen - Bokul-Mischung\" \/>\n<meta name=\"robots\" content=\"index, follow, max-snippet:-1, max-image-preview:large, max-video-preview:-1\" \/>\n<link rel=\"canonical\" href=\"https:\/\/ringkoebing-bolcher.dk\/de\/vare\/amalienborg\/\" \/>\n<meta property=\"og:locale\" content=\"de_DE\" \/>\n<meta property=\"og:type\" content=\"article\" \/>\n<meta property=\"og:title\" content=\"Amalienborg - Ringk\u00f8bing Bolcher ApS\" \/>\n<meta property=\"og:description\" content=\"Amalienborg, wie wir diese sch\u00f6ne neue Dose nennen, kann f\u00fcr unz\u00e4hlige M\u00f6glichkeiten verwendet werden. Geburtstage, Abschlussfeiern usw. 1 x 300g Karamellen - Bokul-Mischung\" \/>\n<meta property=\"og:url\" content=\"https:\/\/ringkoebing-bolcher.dk\/de\/vare\/amalienborg\/\" \/>\n<meta property=\"og:site_name\" content=\"Ringk\u00f8bing Bolcher ApS\" \/>\n<meta property=\"article:modified_time\" content=\"2026-02-25T10:12:57+00:00\" \/>\n<meta property=\"og:image\" content=\"https:\/\/ringkoebing-bolcher.dk\/de\/wp-content\/uploads\/sites\/4\/2024\/02\/kk-signatur-amalienborg-kobber.jpg\" \/>\n\t<meta property=\"og:image:width\" content=\"900\" \/>\n\t<meta property=\"og:image:height\" content=\"1200\" \/>\n<meta name=\"twitter:card\" content=\"summary_large_image\" \/>\n<meta name=\"twitter:label1\" content=\"Gesch\u00e4tzte Lesezeit\">\n\t<meta name=\"twitter:data1\" content=\"1 Minute\">\n<!-- \/ Yoast SEO plugin. -->","_links":{"self":[{"href":"https:\/\/ringkoebing-bolcher.dk\/de\/wp-json\/wp\/v2\/product\/1971"}],"collection":[{"href":"https:\/\/ringkoebing-bolcher.dk\/de\/wp-json\/wp\/v2\/product"}],"about":[{"href":"https:\/\/ringkoebing-bolcher.dk\/de\/wp-json\/wp\/v2\/types\/product"}],"wp:featuredmedia":[{"embeddable":true,"href":"https:\/\/ringkoebing-bolcher.dk\/de\/wp-json\/wp\/v2\/media\/1972"}],"wp:attachment":[{"href":"https:\/\/ringkoebing-bolcher.dk\/de\/wp-json\/wp\/v2\/media?parent=1971"}],"wp:term":[{"taxonomy":"product_cat","embeddable":true,"href":"https:\/\/ringkoebing-bolcher.dk\/de\/wp-json\/wp\/v2\/product_cat?post=1971"},{"taxonomy":"product_tag","embeddable":true,"href":"https:\/\/ringkoebing-bolcher.dk\/de\/wp-json\/wp\/v2\/product_tag?post=1971"}],"curies":[{"name":"wp","href":"https:\/\/api.w.org\/{rel}","templated":true}]}}