{"id":1966,"date":"2024-02-05T16:55:27","date_gmt":"2024-02-05T15:55:27","guid":{"rendered":"https:\/\/ringkoebing-bolcher.dk\/?post_type=product&#038;p=1966"},"modified":"2025-05-31T10:19:32","modified_gmt":"2025-05-31T08:19:32","slug":"das-katzenmaedchen","status":"publish","type":"product","link":"https:\/\/ringkoebing-bolcher.dk\/de\/vare\/das-katzenmaedchen\/","title":{"rendered":"Das Katzenm\u00e4dchen"},"content":{"rendered":"<hr \/>\n<p><strong>Zutatenliste<\/strong><br \/>\nGlukosesirup, <strong>Kondensmilch\/Milch<\/strong>, Wasser, Zucker, geh\u00e4rtetes Pflanzenfett (Palmkern &#8211; rspo Massenbilanz), Lakritzextrakt (1%), Kakaopulver (1%), Farbstoff: Pflanzenkohle, Emulgator (Mono- und Diglyceride), Salz, Ammoniumchlorid, Lakritzpulver, nat\u00fcrliches Aroma, Aroma. Kann Spuren von Soja und N\u00fcssen enthalten<\/p>\n<table border=\"1\">\n<tbody>\n<tr>\n<td><strong>N\u00e4hrwertgehalt pro 100g<\/strong><\/td>\n<td><\/td>\n<\/tr>\n<tr>\n<td>Energiegehalt<\/td>\n<td>1446kJ\/345kcal<\/td>\n<\/tr>\n<tr>\n<td>Fettgehalt<\/td>\n<td>11g<\/td>\n<\/tr>\n<tr>\n<td>Davon ges\u00e4ttigte Fetts\u00e4ure<\/td>\n<td>9,9g<\/td>\n<\/tr>\n<tr>\n<td>Kohlenhydrate<\/td>\n<td>59g<\/td>\n<\/tr>\n<tr>\n<td>Davon Zucker<\/td>\n<td>35g<\/td>\n<\/tr>\n<tr>\n<td>Ballaststoffe<br \/>\nEiwei\u00df<\/td>\n<td>0g<br \/>\n2,5g<\/td>\n<\/tr>\n<tr>\n<td>Salzgehalt<\/td>\n<td>0,24g<\/td>\n<\/tr>\n<\/tbody>\n<\/table>\n<hr \/>\n","protected":false},"excerpt":{"rendered":"<p>Der geschickte und talentierte K\u00fcnstler Mads Berg hat das sch\u00f6ne Design f\u00fcr diese Dose exklusiv f\u00fcr Karamel Kompagniet gezeichnet. Die Illustration ist direkt auf die Dose gedruckt, die 300 g Gudhjem &#8211; Classic Mix mit Classic Cream, Classic Liquorice und Classic Chocolate Karamellen enth\u00e4lt.<\/p>\n<p><b><strong>Enth\u00e4lt<br \/>\n<\/strong><\/b><\/p>\n<p>1 x 300g Karamellbonbons &#8211; Klassischer Mix<br \/>\nMit englischer Familientradition und einer verfeinerten Version eines Geheimrezepts aus dem Jahr 1894 stellen wir seit 2004 in Gudhjem und R\u00f8nne handgemachte Karamellbonbons her.<br \/>\nDie Karamellbonbons sind einzeln in kompostierbarem Zellophan verpackt, mit OK Compost Home-Zertifikat. Denken Sie daran, Ihren Abfall entsprechend den \u00f6rtlichen M\u00f6glichkeiten zu sortieren.<br \/>\nDie Dose wird mit Sorgfalt hergestellt und kann recycelt werden, wenn sie leer ist.<\/p>\n<p><b><strong>Handgefertigt und verpackt auf Bornholm<\/strong><\/b><\/p>\n","protected":false},"featured_media":1968,"template":"","meta":{"_expiration-date-status":"","_expiration-date":0,"_expiration-date-type":"","_expiration-date-categories":[],"_expiration-date-options":[]},"product_cat":[53,75,36,204],"product_tag":[201,199,200],"yoast_head":"<!-- This site is optimized with the Yoast SEO plugin v16.3 - https:\/\/yoast.com\/wordpress\/plugins\/seo\/ -->\n<meta name=\"description\" content=\"Karamellen von Karamel Kompagniet - enth\u00e4lt 300 g Gudhjem - Classic Mix, mit Classic Cream, Classic Liquorice und Classic Chocolate Karamellen.\" \/>\n<meta name=\"robots\" content=\"index, follow, max-snippet:-1, max-image-preview:large, max-video-preview:-1\" \/>\n<link rel=\"canonical\" href=\"https:\/\/ringkoebing-bolcher.dk\/de\/vare\/das-katzenmaedchen\/\" \/>\n<meta property=\"og:locale\" content=\"de_DE\" \/>\n<meta property=\"og:type\" content=\"article\" \/>\n<meta property=\"og:title\" content=\"Das Katzenm\u00e4dchen - Ringk\u00f8bing Bolcher ApS\" \/>\n<meta property=\"og:description\" content=\"Karamellen von Karamel Kompagniet - enth\u00e4lt 300 g Gudhjem - Classic Mix, mit Classic Cream, Classic Liquorice und Classic Chocolate Karamellen.\" \/>\n<meta property=\"og:url\" content=\"https:\/\/ringkoebing-bolcher.dk\/de\/vare\/das-katzenmaedchen\/\" \/>\n<meta property=\"og:site_name\" content=\"Ringk\u00f8bing Bolcher ApS\" \/>\n<meta property=\"article:modified_time\" content=\"2025-05-31T08:19:32+00:00\" \/>\n<meta property=\"og:image\" content=\"https:\/\/ringkoebing-bolcher.dk\/de\/wp-content\/uploads\/sites\/4\/2024\/02\/karamel-kompagniet-signatur-kattepige.jpg\" \/>\n\t<meta property=\"og:image:width\" content=\"900\" \/>\n\t<meta property=\"og:image:height\" content=\"1200\" \/>\n<meta name=\"twitter:card\" content=\"summary_large_image\" \/>\n<meta name=\"twitter:label1\" content=\"Gesch\u00e4tzte Lesezeit\">\n\t<meta name=\"twitter:data1\" content=\"1 Minute\">\n<!-- \/ Yoast SEO plugin. -->","_links":{"self":[{"href":"https:\/\/ringkoebing-bolcher.dk\/de\/wp-json\/wp\/v2\/product\/1966"}],"collection":[{"href":"https:\/\/ringkoebing-bolcher.dk\/de\/wp-json\/wp\/v2\/product"}],"about":[{"href":"https:\/\/ringkoebing-bolcher.dk\/de\/wp-json\/wp\/v2\/types\/product"}],"wp:featuredmedia":[{"embeddable":true,"href":"https:\/\/ringkoebing-bolcher.dk\/de\/wp-json\/wp\/v2\/media\/1968"}],"wp:attachment":[{"href":"https:\/\/ringkoebing-bolcher.dk\/de\/wp-json\/wp\/v2\/media?parent=1966"}],"wp:term":[{"taxonomy":"product_cat","embeddable":true,"href":"https:\/\/ringkoebing-bolcher.dk\/de\/wp-json\/wp\/v2\/product_cat?post=1966"},{"taxonomy":"product_tag","embeddable":true,"href":"https:\/\/ringkoebing-bolcher.dk\/de\/wp-json\/wp\/v2\/product_tag?post=1966"}],"curies":[{"name":"wp","href":"https:\/\/api.w.org\/{rel}","templated":true}]}}