{"id":1916,"date":"2024-01-20T13:01:57","date_gmt":"2024-01-20T12:01:57","guid":{"rendered":"https:\/\/ringkoebing-bolcher.dk\/?post_type=product&#038;p=1916"},"modified":"2024-08-06T13:44:38","modified_gmt":"2024-08-06T11:44:38","slug":"hans-christian-andersen-andersen-das-haessliche-entlein","status":"publish","type":"product","link":"https:\/\/ringkoebing-bolcher.dk\/de\/vare\/hans-christian-andersen-andersen-das-haessliche-entlein\/","title":{"rendered":"HANS CHRISTIAN ANDERSEN Andersen &#8211; Das h\u00e4ssliche Entlein"},"content":{"rendered":"<hr \/>\n<p><strong>Zutatenliste<\/strong><br \/>\nGlukosesirup, <strong>Kondensmilch\/Milch<\/strong>, Zucker, Wasser, hydriertes Pflanzenfett (Palmkern), Sojasalz (1%), Emulgator (Mono- und Diglyceride), Salz, Aroma. Kann Spuren von N\u00fcssen enthalten<\/p>\n<table border=\"1\">\n<tbody>\n<tr>\n<td><strong>N\u00e4hrwertangaben pro 100 g<\/strong><\/td>\n<td><\/td>\n<\/tr>\n<tr>\n<td>Energiegehalt<\/td>\n<td>1497kJ\/357kcal<\/td>\n<\/tr>\n<tr>\n<td>Fettgehalt<\/td>\n<td>11g<\/td>\n<\/tr>\n<tr>\n<td>Davon ges\u00e4ttigte Fetts\u00e4ure<\/td>\n<td>10g<\/td>\n<\/tr>\n<tr>\n<td>Kohlenhydrate<\/td>\n<td>62g<\/td>\n<\/tr>\n<tr>\n<td>Davon Zucker<\/td>\n<td>37g<\/td>\n<\/tr>\n<tr>\n<td>Eiwei\u00df<\/td>\n<td>2,4g<\/td>\n<\/tr>\n<tr>\n<td>Salz (Salz)<\/td>\n<td>0,24g<\/td>\n<\/tr>\n<\/tbody>\n<\/table>\n<hr \/>\n","protected":false},"excerpt":{"rendered":"<p>Der K\u00fcnstler, Geschichtenerz\u00e4hler und Autor Carl Quist-M\u00f8ller, der f\u00fcr die Gestaltung und Animation von Hugo, dem Dschungeltier, bekannt ist, hat in enger Zusammenarbeit mit Karamel Kompagniet eine neue Serie von Kunstdosen mit wundersch\u00f6nen Motiven von Hans Christian Andersen entworfen. Andersen-Motive. Hier bekommen Sie das h\u00e4ssliche Entlein und die Dose enth\u00e4lt 300 g der weichen und leckeren Karamellvariante Classic Cream von Karamel Kompagniet.<\/p>\n<p><b><strong>Enth\u00e4lt<br \/>\n<\/strong><\/b><\/p>\n<p>1 x 300g Karamell &#8211; Klassische Sahne<br \/>\nMit englischer Familientradition und einer verfeinerten Version eines Geheimrezepts aus dem Jahr 1894 stellen wir seit 2004 in Gudhjem und R\u00f8nne handgemachte Karamellbonbons her.<br \/>\nDie Karamellbonbons sind einzeln in kompostierbarem Zellophan verpackt, mit OK Compost Home-Zertifikat. Denken Sie daran, Ihren Abfall entsprechend den \u00f6rtlichen M\u00f6glichkeiten zu sortieren.<br \/>\nDie Dose wird mit Sorgfalt hergestellt und kann recycelt werden, wenn sie leer ist.<\/p>\n<p><b><strong>Handgefertigt und verpackt auf Bornholm<\/strong><\/b><\/p>\n","protected":false},"featured_media":1917,"template":"","meta":{"_expiration-date-status":"","_expiration-date":0,"_expiration-date-type":"","_expiration-date-categories":[],"_expiration-date-options":[]},"product_cat":[53,75,36,204],"product_tag":[199],"yoast_head":"<!-- This site is optimized with the Yoast SEO plugin v16.3 - https:\/\/yoast.com\/wordpress\/plugins\/seo\/ -->\n<meta name=\"description\" content=\"Hier bekommen Sie das h\u00e4ssliche Entlein und die Dose enth\u00e4lt 300 g der weichen und leckeren Karamellvariante Classic Cream von Karamel Kompagniet.\" \/>\n<meta name=\"robots\" content=\"index, follow, max-snippet:-1, max-image-preview:large, max-video-preview:-1\" \/>\n<link rel=\"canonical\" href=\"https:\/\/ringkoebing-bolcher.dk\/de\/vare\/hans-christian-andersen-andersen-das-haessliche-entlein\/\" \/>\n<meta property=\"og:locale\" content=\"de_DE\" \/>\n<meta property=\"og:type\" content=\"article\" \/>\n<meta property=\"og:title\" content=\"HANS CHRISTIAN ANDERSEN Andersen - Das h\u00e4ssliche Entlein - Ringk\u00f8bing Bolcher ApS\" \/>\n<meta property=\"og:description\" content=\"Hier bekommen Sie das h\u00e4ssliche Entlein und die Dose enth\u00e4lt 300 g der weichen und leckeren Karamellvariante Classic Cream von Karamel Kompagniet.\" \/>\n<meta property=\"og:url\" content=\"https:\/\/ringkoebing-bolcher.dk\/de\/vare\/hans-christian-andersen-andersen-das-haessliche-entlein\/\" \/>\n<meta property=\"og:site_name\" content=\"Ringk\u00f8bing Bolcher ApS\" \/>\n<meta property=\"article:modified_time\" content=\"2024-08-06T11:44:38+00:00\" \/>\n<meta property=\"og:image\" content=\"https:\/\/ringkoebing-bolcher.dk\/de\/wp-content\/uploads\/sites\/4\/2024\/01\/kk-hca-ugly-duckling.jpg\" \/>\n\t<meta property=\"og:image:width\" content=\"900\" \/>\n\t<meta property=\"og:image:height\" content=\"1200\" \/>\n<meta name=\"twitter:card\" content=\"summary_large_image\" \/>\n<meta name=\"twitter:label1\" content=\"Gesch\u00e4tzte Lesezeit\">\n\t<meta name=\"twitter:data1\" content=\"1 Minute\">\n<!-- \/ Yoast SEO plugin. -->","_links":{"self":[{"href":"https:\/\/ringkoebing-bolcher.dk\/de\/wp-json\/wp\/v2\/product\/1916"}],"collection":[{"href":"https:\/\/ringkoebing-bolcher.dk\/de\/wp-json\/wp\/v2\/product"}],"about":[{"href":"https:\/\/ringkoebing-bolcher.dk\/de\/wp-json\/wp\/v2\/types\/product"}],"wp:featuredmedia":[{"embeddable":true,"href":"https:\/\/ringkoebing-bolcher.dk\/de\/wp-json\/wp\/v2\/media\/1917"}],"wp:attachment":[{"href":"https:\/\/ringkoebing-bolcher.dk\/de\/wp-json\/wp\/v2\/media?parent=1916"}],"wp:term":[{"taxonomy":"product_cat","embeddable":true,"href":"https:\/\/ringkoebing-bolcher.dk\/de\/wp-json\/wp\/v2\/product_cat?post=1916"},{"taxonomy":"product_tag","embeddable":true,"href":"https:\/\/ringkoebing-bolcher.dk\/de\/wp-json\/wp\/v2\/product_tag?post=1916"}],"curies":[{"name":"wp","href":"https:\/\/api.w.org\/{rel}","templated":true}]}}