{"id":1901,"date":"2024-01-20T11:14:03","date_gmt":"2024-01-20T10:14:03","guid":{"rendered":"https:\/\/ringkoebing-bolcher.dk\/?post_type=product&#038;p=1901"},"modified":"2024-08-06T13:45:05","modified_gmt":"2024-08-06T11:45:05","slug":"gesalzenes-karamell-bornholm","status":"publish","type":"product","link":"https:\/\/ringkoebing-bolcher.dk\/de\/vare\/gesalzenes-karamell-bornholm\/","title":{"rendered":"Gesalzenes Karamell, Bornholm"},"content":{"rendered":"<hr \/>\n<p><strong>Zutatenliste<\/strong><br \/>\nGlukosesirup, <strong>Kondensmilch\/Milch<\/strong>, Zucker, Wasser, geh\u00e4rtetes Pflanzenfett (Palmkern), <strong>Erdn\u00fcsse<\/strong> (1%), Kochsalz, Lakritzextrakt, Emulgator (Mono- und Diglyceride), Farbstoff: Pflanzenkohle, Salz, Ammoniumchlorid, Lakritzpulver, Aroma, nat\u00fcrliches Aroma. Kann Spuren von N\u00fcssen enthalten<\/p>\n<table border=\"1\">\n<tbody>\n<tr>\n<td><strong>N\u00e4hrwertgehalt pro 100 g<\/strong><\/td>\n<td><\/td>\n<\/tr>\n<tr>\n<td>Energiegehalt<\/td>\n<td>1497kJ\/358kcal<\/td>\n<\/tr>\n<tr>\n<td>Fettgehalt<\/td>\n<td>12g<\/td>\n<\/tr>\n<tr>\n<td>Davon ges\u00e4ttigte Fetts\u00e4ure<\/td>\n<td>10g<\/td>\n<\/tr>\n<tr>\n<td>Kohlenhydrate<\/td>\n<td>60g<\/td>\n<\/tr>\n<tr>\n<td>Davon Zucker<\/td>\n<td>35g<\/td>\n<\/tr>\n<tr>\n<td>Eiwei\u00df<\/td>\n<td>2,9g<\/td>\n<\/tr>\n<tr>\n<td>Salz (Salz)<br \/>\nBallaststoffe<\/td>\n<td>1,1g<br \/>\n0g<\/td>\n<\/tr>\n<\/tbody>\n<\/table>\n<hr \/>\n","protected":false},"excerpt":{"rendered":"<p>Karamell-Mix mit Sahne &amp; L\u00e6s\u00f8-S\u00fcdsalz, Erdn\u00fcsse &amp; L\u00e6s\u00f8-S\u00fcdsalz und nicht zuletzt Lakritz &amp; Sahne mit L\u00e6s\u00f8-S\u00fcdsalz. Die drei salzigen Gourmet-Favoriten.<\/p>\n<p><b><strong>Enth\u00e4lt<\/strong><\/b><br \/>\n1 x 216g Karamell-Salz-Mischung<br \/>\nMit englischer Familientradition und einer verfeinerten Version eines Geheimrezepts aus dem Jahr 1894 stellen wir seit 2004 in Gudhjem und R\u00f8nne handgemachte Karamellbonbons her.<br \/>\nUnsere neuen Schachteln sind plastikfrei und aus FSC-zertifizierten Materialien hergestellt. Die Karamellen sind in kompostierbarem Zellophan verpackt und mit dem OK Compost Home-Zertifikat versehen. Denken Sie daran, Ihren Abfall entsprechend den \u00f6rtlichen M\u00f6glichkeiten zu trennen.<\/p>\n<p><b><strong>Handgefertigt und verpackt auf Bornholm<\/strong><\/b><\/p>\n","protected":false},"featured_media":1902,"template":"","meta":{"_expiration-date-status":"","_expiration-date":0,"_expiration-date-type":"","_expiration-date-categories":[],"_expiration-date-options":[]},"product_cat":[53,75,36,205],"product_tag":[201,203],"yoast_head":"<!-- This site is optimized with the Yoast SEO plugin v16.3 - https:\/\/yoast.com\/wordpress\/plugins\/seo\/ -->\n<meta name=\"description\" content=\"Karamellmischung mit Sahne &amp; L\u00e6s\u00f8-S\u00fcdsalz, Erdn\u00fcsse &amp; L\u00e6s\u00f8-S\u00fcdsalz und zu guter Letzt Lakritz &amp; Sahne mit L\u00e6s\u00f8-S\u00fcdsalz.\" \/>\n<meta name=\"robots\" content=\"index, follow, max-snippet:-1, max-image-preview:large, max-video-preview:-1\" \/>\n<link rel=\"canonical\" href=\"https:\/\/ringkoebing-bolcher.dk\/de\/vare\/gesalzenes-karamell-bornholm\/\" \/>\n<meta property=\"og:locale\" content=\"de_DE\" \/>\n<meta property=\"og:type\" content=\"article\" \/>\n<meta property=\"og:title\" content=\"Gesalzenes Karamell, Bornholm - Ringk\u00f8bing Bolcher ApS\" \/>\n<meta property=\"og:description\" content=\"Karamellmischung mit Sahne &amp; L\u00e6s\u00f8-S\u00fcdsalz, Erdn\u00fcsse &amp; L\u00e6s\u00f8-S\u00fcdsalz und zu guter Letzt Lakritz &amp; Sahne mit L\u00e6s\u00f8-S\u00fcdsalz.\" \/>\n<meta property=\"og:url\" content=\"https:\/\/ringkoebing-bolcher.dk\/de\/vare\/gesalzenes-karamell-bornholm\/\" \/>\n<meta property=\"og:site_name\" content=\"Ringk\u00f8bing Bolcher ApS\" \/>\n<meta property=\"article:modified_time\" content=\"2024-08-06T11:45:05+00:00\" \/>\n<meta property=\"og:image\" content=\"https:\/\/ringkoebing-bolcher.dk\/de\/wp-content\/uploads\/sites\/4\/2024\/01\/karamel-kompagniet-bornholm-blanding-h.jpg\" \/>\n\t<meta property=\"og:image:width\" content=\"900\" \/>\n\t<meta property=\"og:image:height\" content=\"1200\" \/>\n<meta name=\"twitter:card\" content=\"summary_large_image\" \/>\n<meta name=\"twitter:label1\" content=\"Gesch\u00e4tzte Lesezeit\">\n\t<meta name=\"twitter:data1\" content=\"1 Minute\">\n<!-- \/ Yoast SEO plugin. -->","_links":{"self":[{"href":"https:\/\/ringkoebing-bolcher.dk\/de\/wp-json\/wp\/v2\/product\/1901"}],"collection":[{"href":"https:\/\/ringkoebing-bolcher.dk\/de\/wp-json\/wp\/v2\/product"}],"about":[{"href":"https:\/\/ringkoebing-bolcher.dk\/de\/wp-json\/wp\/v2\/types\/product"}],"wp:featuredmedia":[{"embeddable":true,"href":"https:\/\/ringkoebing-bolcher.dk\/de\/wp-json\/wp\/v2\/media\/1902"}],"wp:attachment":[{"href":"https:\/\/ringkoebing-bolcher.dk\/de\/wp-json\/wp\/v2\/media?parent=1901"}],"wp:term":[{"taxonomy":"product_cat","embeddable":true,"href":"https:\/\/ringkoebing-bolcher.dk\/de\/wp-json\/wp\/v2\/product_cat?post=1901"},{"taxonomy":"product_tag","embeddable":true,"href":"https:\/\/ringkoebing-bolcher.dk\/de\/wp-json\/wp\/v2\/product_tag?post=1901"}],"curies":[{"name":"wp","href":"https:\/\/api.w.org\/{rel}","templated":true}]}}