{"id":1865,"date":"2024-01-18T11:28:53","date_gmt":"2024-01-18T10:28:53","guid":{"rendered":"https:\/\/ringkoebing-bolcher.dk\/?post_type=product&#038;p=1865"},"modified":"2024-08-06T13:45:23","modified_gmt":"2024-08-06T11:45:23","slug":"zuckerfreie-himbeerbonbons","status":"publish","type":"product","link":"https:\/\/ringkoebing-bolcher.dk\/de\/vare\/zuckerfreie-himbeerbonbons\/","title":{"rendered":"Zuckerfreie Himbeerbonbons"},"content":{"rendered":"<hr \/>\n<p><strong>Verpackung<\/strong><br \/>\nWenn Sie bei uns gemischte zuckerfreie Bonbons kaufen, werden diese in einem durchsichtigen und luftdichten Beh\u00e4lter verpackt, der Platz f\u00fcr 100 Gramm k\u00f6stliche und schmackhafte Bonbons bietet und bei Bedarf immer wieder verwendet werden kann.<\/p>\n<p><strong>Zutaten<\/strong><br \/>\nIsomalt, Aspertam, Zitronens\u00e4ure, Aroma, Farbstoff: E120, E170<\/p>\n<table border=\"1\">\n<tbody>\n<tr>\n<td><strong>N\u00e4hrwertgehalt pro 100 g<\/strong><\/td>\n<td><\/td>\n<\/tr>\n<tr>\n<td>Energiegehalt<\/td>\n<td>988kJ\/236kcal<\/td>\n<\/tr>\n<tr>\n<td>Fettgehalt<\/td>\n<td>0g<\/td>\n<\/tr>\n<tr>\n<td>Davon ges\u00e4ttigte Fetts\u00e4ure<\/td>\n<td>0g<\/td>\n<\/tr>\n<tr>\n<td>Kohlenhydrate<\/td>\n<td>98g<\/td>\n<\/tr>\n<tr>\n<td>Davon Zucker<br \/>\n&#8211; Davon Zuckeralkohole<\/td>\n<td>0g<br \/>\n98g<\/td>\n<\/tr>\n<tr>\n<td>Eiwei\u00df<\/td>\n<td>0g<\/td>\n<\/tr>\n<tr>\n<td>Salz (Salz)<br \/>\nBallaststoffe<\/td>\n<td>0g<br \/>\n0g<\/td>\n<\/tr>\n<\/tbody>\n<\/table>\n<p><strong>Nicht vergessen<\/strong> Wenn Sie die Bonbons aufbewahren, halten sie sich am l\u00e4ngsten in einem luftdicht verschlossenen Gef\u00e4\u00df, z. B. einem Marmeladenglas oder dem durchsichtigen Plastikbecher, in dem die Bonbons geliefert wurden. Vermeiden Sie es, die Bonbons in die N\u00e4he einer W\u00e4rmequelle oder in direktes Sonnenlicht zu stellen, damit sie nicht klebrig werden oder sich verf\u00e4rben. Mindestens haltbar bis: Siehe Datum auf der R\u00fcckseite des Produkts.<\/p>\n<p><strong><span style=\"color: #800000;\">Verschlucken<br \/>\n<\/span><\/strong><br \/>\n\u00dcBERM\u00c4SSIGER VERZEHR KANN ABF\u00dcHRENDE WIRKUNG HABEN<\/p>\n<hr \/>\n","protected":false},"excerpt":{"rendered":"<p>Genie\u00dfen Sie unsere handgefertigten zuckerfreien Himbeerbonbons &#8211; ein verlockendes Geschmackserlebnis aus frischen Himbeeren, ohne Zuckerzusatz. Jedes Bonbon wird in sorgf\u00e4ltiger Handarbeit mit einem herzf\u00f6rmigen Motiv versehen, um ihm eine besonders liebevolle Note zu verleihen. Lassen Sie sich von dieser zuckerfreien Delikatesse verf\u00fchren, die nicht nur den saftigen Geschmack frischer Himbeeren bietet, sondern auch mit einem Herz auf jedem Bonbon Liebe verbreitet. Eine ideale Wahl f\u00fcr alle, die sich eine zuckerfreie und herzerw\u00e4rmende Leckerei w\u00fcnschen.<\/p>\n","protected":false},"featured_media":2213,"template":"","meta":{"_expiration-date-status":"","_expiration-date":0,"_expiration-date-type":"","_expiration-date-categories":[],"_expiration-date-options":[]},"product_cat":[53,34,74],"product_tag":[179,176,152,167],"yoast_head":"<!-- This site is optimized with the Yoast SEO plugin v16.3 - https:\/\/yoast.com\/wordpress\/plugins\/seo\/ -->\n<meta name=\"description\" content=\"Genie\u00dfen Sie unsere handgefertigten zuckerfreien Himbeerbonbons - ein verlockendes Geschmackserlebnis aus frischen Himbeeren, ohne Zuckerzusatz.\" \/>\n<meta name=\"robots\" content=\"index, follow, max-snippet:-1, max-image-preview:large, max-video-preview:-1\" \/>\n<link rel=\"canonical\" href=\"https:\/\/ringkoebing-bolcher.dk\/de\/vare\/zuckerfreie-himbeerbonbons\/\" \/>\n<meta property=\"og:locale\" content=\"de_DE\" \/>\n<meta property=\"og:type\" content=\"article\" \/>\n<meta property=\"og:title\" content=\"Handgemachte zuckerfreie Himbeerbonbons - Ringk\u00f8bing Bolcher ApS%\" \/>\n<meta property=\"og:description\" content=\"Genie\u00dfen Sie unsere handgefertigten zuckerfreien Himbeerbonbons - ein verlockendes Geschmackserlebnis aus frischen Himbeeren, ohne Zuckerzusatz.\" \/>\n<meta property=\"og:url\" content=\"https:\/\/ringkoebing-bolcher.dk\/de\/vare\/zuckerfreie-himbeerbonbons\/\" \/>\n<meta property=\"og:site_name\" content=\"Ringk\u00f8bing Bolcher ApS\" \/>\n<meta property=\"article:modified_time\" content=\"2024-08-06T11:45:23+00:00\" \/>\n<meta property=\"og:image\" content=\"https:\/\/ringkoebing-bolcher.dk\/de\/wp-content\/uploads\/sites\/4\/2024\/01\/img-1125-scaled.jpg\" \/>\n\t<meta property=\"og:image:width\" content=\"1920\" \/>\n\t<meta property=\"og:image:height\" content=\"2560\" \/>\n<meta name=\"twitter:card\" content=\"summary_large_image\" \/>\n<meta name=\"twitter:label1\" content=\"Gesch\u00e4tzte Lesezeit\">\n\t<meta name=\"twitter:data1\" content=\"1 Minute\">\n<!-- \/ Yoast SEO plugin. -->","_links":{"self":[{"href":"https:\/\/ringkoebing-bolcher.dk\/de\/wp-json\/wp\/v2\/product\/1865"}],"collection":[{"href":"https:\/\/ringkoebing-bolcher.dk\/de\/wp-json\/wp\/v2\/product"}],"about":[{"href":"https:\/\/ringkoebing-bolcher.dk\/de\/wp-json\/wp\/v2\/types\/product"}],"wp:featuredmedia":[{"embeddable":true,"href":"https:\/\/ringkoebing-bolcher.dk\/de\/wp-json\/wp\/v2\/media\/2213"}],"wp:attachment":[{"href":"https:\/\/ringkoebing-bolcher.dk\/de\/wp-json\/wp\/v2\/media?parent=1865"}],"wp:term":[{"taxonomy":"product_cat","embeddable":true,"href":"https:\/\/ringkoebing-bolcher.dk\/de\/wp-json\/wp\/v2\/product_cat?post=1865"},{"taxonomy":"product_tag","embeddable":true,"href":"https:\/\/ringkoebing-bolcher.dk\/de\/wp-json\/wp\/v2\/product_tag?post=1865"}],"curies":[{"name":"wp","href":"https:\/\/api.w.org\/{rel}","templated":true}]}}