{"id":1573,"date":"2023-12-22T14:59:38","date_gmt":"2023-12-22T13:59:38","guid":{"rendered":"https:\/\/ringkoebing-bolcher.dk\/?post_type=product&#038;p=1573"},"modified":"2025-05-31T10:13:58","modified_gmt":"2025-05-31T08:13:58","slug":"rostige-naegel","status":"publish","type":"product","link":"https:\/\/ringkoebing-bolcher.dk\/de\/vare\/rostige-naegel\/","title":{"rendered":"Rostige N\u00e4gel"},"content":{"rendered":"<hr \/>\n<p><strong>Verpackung<\/strong><br \/>\nWenn Sie Rusty Nails bei uns kaufen, werden sie in einem durchsichtigen Beutel verpackt, der luftdicht verschwei\u00dft ist, damit die Bonbons trocken und knusprig bei Ihnen ankommen.<\/p>\n<p><strong>Zutaten<\/strong><br \/>\nZucker, Wasser, Glukosesirup, Dextrose (Dextrosemonohydrat), Farbstoffe: E153 Anisaroma, Lakritzpulver, Salmiakpulver.<\/p>\n<table border=\"1\">\n<tbody>\n<tr>\n<td><strong>N\u00e4hrwertgehalt pro 100 g<\/strong><\/td>\n<td><\/td>\n<\/tr>\n<tr>\n<td>Energiegehalt<\/td>\n<td>1639kJ\/38kcal<\/td>\n<\/tr>\n<tr>\n<td>Fettgehalt<\/td>\n<td>0g<\/td>\n<\/tr>\n<tr>\n<td>Davon ges\u00e4ttigte Fetts\u00e4ure<\/td>\n<td>0g<\/td>\n<\/tr>\n<tr>\n<td>Kohlenhydrate<\/td>\n<td>96g<\/td>\n<\/tr>\n<tr>\n<td>Davon Zucker<\/td>\n<td>71g<\/td>\n<\/tr>\n<tr>\n<td>Eiwei\u00df<\/td>\n<td>0g<\/td>\n<\/tr>\n<tr>\n<td>Salz (Salz)<\/td>\n<td>0g<\/td>\n<\/tr>\n<\/tbody>\n<\/table>\n<p><strong>Lagerung\/Frische<\/strong><br \/>\nHandgefertigte Bonbons werden t\u00e4glich in unserer K\u00fcche in Ringk\u00f8bing hergestellt, so dass Sie garantiert frische und leckere Bonbons erhalten, wenn Sie in einem unserer Gesch\u00e4fte in S\u00f8ndervig, Hvidsande oder Ringk\u00f8bing einkaufen.<\/p>\n<p><strong>Alagener<br \/>\n<\/strong><br \/>\nUnsere Bonbons werden aus Glukosesirup, Traubenzucker und Wasser hergestellt. Der von uns verwendete Glukosesirup wird aus Weizen und Gerste gewonnen, aber der Restglutengehalt ist so gering, dass wir unsere Bonbons als glutenfrei bezeichnen d\u00fcrfen.<\/p>\n<p><strong>Nicht vergessen<\/strong> Wenn Sie Bonbons aufbewahren, halten sie sich am l\u00e4ngsten in einem luftdichten Gef\u00e4\u00df, z. B. einem Marmeladenglas oder einem luftdichten Plastikbeh\u00e4lter. Vermeiden Sie es, die Bonbons in der N\u00e4he einer W\u00e4rmequelle oder im direkten Sonnenlicht aufzubewahren, da sie sonst klebrig werden oder sich verf\u00e4rben k\u00f6nnen. Mindestens haltbar bis: Siehe das Datum auf der R\u00fcckseite des Produkts.<\/p>\n<hr \/>\n","protected":false},"excerpt":{"rendered":"<p>Genie\u00dfen Sie unsere handgefertigten &#8220;Rusty Nails&#8221;-Bonbons &#8211; ein k\u00fchnes Geschmackserlebnis aus starker Lakritze, das Ihre Geschmacksknospen mit einem kr\u00e4ftigen Ausbruch von Intensit\u00e4t trifft. Diese Schokoriegel sind wie eine k\u00fchne Reise in die Welt der Lakritze, sorgf\u00e4ltig hergestellt, um ein unverwechselbares und starkes Geschmackserlebnis zu bieten. Lassen Sie sich bei jedem Bissen von dem intensiven Lakritzgeschmack verf\u00fchren, der diese Schokoriegel zur perfekten Wahl f\u00fcr Lakritzliebhaber macht.<\/p>\n","protected":false},"featured_media":1604,"template":"","meta":{"_expiration-date-status":"","_expiration-date":0,"_expiration-date-type":"","_expiration-date-categories":[],"_expiration-date-options":[]},"product_cat":[53,78,34],"product_tag":[176,161,168,41],"yoast_head":"<!-- This site is optimized with the Yoast SEO plugin v16.3 - https:\/\/yoast.com\/wordpress\/plugins\/seo\/ -->\n<meta name=\"description\" content=\"Genie\u00dfen Sie unsere handgefertigten &quot;Rusty Nails&quot;-Bonbons - ein k\u00fchnes Geschmackserlebnis aus starker Lakritze, das Ihre Geschmacksknospen mit einem kr\u00e4ftigen Sto\u00df an Intensit\u00e4t trifft.\" \/>\n<meta name=\"robots\" content=\"index, follow, max-snippet:-1, max-image-preview:large, max-video-preview:-1\" \/>\n<link rel=\"canonical\" href=\"https:\/\/ringkoebing-bolcher.dk\/de\/vare\/rostige-naegel\/\" \/>\n<meta property=\"og:locale\" content=\"de_DE\" \/>\n<meta property=\"og:type\" content=\"article\" \/>\n<meta property=\"og:title\" content=\"Handgefertigte &quot;Rusty Nails&quot;-Bonbons - %\" \/>\n<meta property=\"og:description\" content=\"Genie\u00dfen Sie unsere handgefertigten &quot;Rusty Nails&quot;-Bonbons - ein k\u00fchnes Geschmackserlebnis aus starker Lakritze, das Ihre Geschmacksknospen mit einem kr\u00e4ftigen Sto\u00df an Intensit\u00e4t trifft.\" \/>\n<meta property=\"og:url\" content=\"https:\/\/ringkoebing-bolcher.dk\/de\/vare\/rostige-naegel\/\" \/>\n<meta property=\"og:site_name\" content=\"Ringk\u00f8bing Bolcher ApS\" \/>\n<meta property=\"article:modified_time\" content=\"2025-05-31T08:13:58+00:00\" \/>\n<meta property=\"og:image\" content=\"https:\/\/ringkoebing-bolcher.dk\/de\/wp-content\/uploads\/sites\/4\/2023\/12\/img-0316-scaled.jpg\" \/>\n\t<meta property=\"og:image:width\" content=\"1920\" \/>\n\t<meta property=\"og:image:height\" content=\"2560\" \/>\n<meta name=\"twitter:card\" content=\"summary_large_image\" \/>\n<meta name=\"twitter:label1\" content=\"Gesch\u00e4tzte Lesezeit\">\n\t<meta name=\"twitter:data1\" content=\"1 Minute\">\n<!-- \/ Yoast SEO plugin. -->","_links":{"self":[{"href":"https:\/\/ringkoebing-bolcher.dk\/de\/wp-json\/wp\/v2\/product\/1573"}],"collection":[{"href":"https:\/\/ringkoebing-bolcher.dk\/de\/wp-json\/wp\/v2\/product"}],"about":[{"href":"https:\/\/ringkoebing-bolcher.dk\/de\/wp-json\/wp\/v2\/types\/product"}],"wp:featuredmedia":[{"embeddable":true,"href":"https:\/\/ringkoebing-bolcher.dk\/de\/wp-json\/wp\/v2\/media\/1604"}],"wp:attachment":[{"href":"https:\/\/ringkoebing-bolcher.dk\/de\/wp-json\/wp\/v2\/media?parent=1573"}],"wp:term":[{"taxonomy":"product_cat","embeddable":true,"href":"https:\/\/ringkoebing-bolcher.dk\/de\/wp-json\/wp\/v2\/product_cat?post=1573"},{"taxonomy":"product_tag","embeddable":true,"href":"https:\/\/ringkoebing-bolcher.dk\/de\/wp-json\/wp\/v2\/product_tag?post=1573"}],"curies":[{"name":"wp","href":"https:\/\/api.w.org\/{rel}","templated":true}]}}