{"id":1571,"date":"2023-12-22T14:32:40","date_gmt":"2023-12-22T13:32:40","guid":{"rendered":"https:\/\/ringkoebing-bolcher.dk\/?post_type=product&#038;p=1571"},"modified":"2025-05-31T10:13:59","modified_gmt":"2025-05-31T08:13:59","slug":"tutti-frutti-riegel","status":"publish","type":"product","link":"https:\/\/ringkoebing-bolcher.dk\/de\/vare\/tutti-frutti-riegel\/","title":{"rendered":"Tutti-Frutti-Riegel"},"content":{"rendered":"<hr \/>\n<p><strong>Verpacken<\/strong><br \/>\nWenn Sie bei uns Schokoriegel kaufen, werden sie in einem durchsichtigen Beutel verpackt, der luftdicht verschwei\u00dft ist, so dass die Bonbons trocken und knusprig sind, wenn sie bei uns ankommen.<\/p>\n<p><strong>Zutaten<\/strong><br \/>\nZucker, Wasser, Glukosesirup, Dextrose-Monohydrat, Farbstoffe: E141, E100, E133, E120, Apfels\u00e4ure, Tutti-Frutti-Aroma.<\/p>\n<table border=\"1\">\n<tbody>\n<tr>\n<td><strong>N\u00e4hrwertgehalt pro 100 g<\/strong><\/td>\n<td><\/td>\n<\/tr>\n<tr>\n<td>Energiegehalt<\/td>\n<td>1639kJ\/38kcal<\/td>\n<\/tr>\n<tr>\n<td>Fettgehalt<\/td>\n<td>0g<\/td>\n<\/tr>\n<tr>\n<td>Davon ges\u00e4ttigte Fetts\u00e4ure<\/td>\n<td>0g<\/td>\n<\/tr>\n<tr>\n<td>Kohlenhydrate<\/td>\n<td>96g<\/td>\n<\/tr>\n<tr>\n<td>Davon Zucker<\/td>\n<td>71g<\/td>\n<\/tr>\n<tr>\n<td>Eiwei\u00df<\/td>\n<td>0g<\/td>\n<\/tr>\n<tr>\n<td>Salz (Salz)<\/td>\n<td>0g<\/td>\n<\/tr>\n<\/tbody>\n<\/table>\n<p><strong>Lagerung\/Frische<\/strong><br \/>\nHandgefertigte Bonbons werden t\u00e4glich in unserer K\u00fcche in Ringk\u00f8bing hergestellt, so dass Sie garantiert frische und leckere Bonbons erhalten, wenn Sie in einem unserer Gesch\u00e4fte in S\u00f8ndervig, Hvidsande oder Ringk\u00f8bing einkaufen.<\/p>\n<p><strong>Alagener<br \/>\n<\/strong><br \/>\nUnsere Bonbons werden aus Glukosesirup, Traubenzucker und Wasser hergestellt. Der von uns verwendete Glukosesirup wird aus Weizen und Gerste gewonnen, aber der Restglutengehalt ist so gering, dass wir unsere Bonbons als glutenfrei bezeichnen d\u00fcrfen.<\/p>\n<p><strong>Nicht vergessen<\/strong> Wenn Sie Bonbons aufbewahren, halten sie sich am l\u00e4ngsten in einem luftdichten Gef\u00e4\u00df, z. B. einem Marmeladenglas oder einem luftdichten Plastikbeh\u00e4lter. Vermeiden Sie es, die Bonbons in der N\u00e4he einer W\u00e4rmequelle oder im direkten Sonnenlicht aufzubewahren, da sie sonst klebrig werden oder sich verf\u00e4rben k\u00f6nnen. Mindestens haltbar bis: Siehe das Datum auf der R\u00fcckseite des Produkts.<\/p>\n<hr \/>\n","protected":false},"excerpt":{"rendered":"<p>Genie\u00dfen Sie unsere handgefertigten Tutti Frutti-Schokoriegel &#8211; ein farbenfrohes Geschmackserlebnis, das Ihre Geschmacksknospen mit einer F\u00fclle von Fruchtaromen weckt. Diese Schokoriegel sind wie ein Regenbogen in Ihrer Hand, bei dem jeder Bissen eine neue und k\u00f6stliche Kombination von Fruchtnoten mit sich bringt. Lassen Sie sich von dem \u00fcberschw\u00e4nglichen Tutti Frutti-Geschmack verf\u00fchren, der sorgf\u00e4ltig entwickelt wurde, um mit jedem Riegel ein lustiges und leckeres Erlebnis zu bieten.<\/p>\n","protected":false},"featured_media":1606,"template":"","meta":{"_expiration-date-status":"","_expiration-date":0,"_expiration-date-type":"","_expiration-date-categories":[],"_expiration-date-options":[]},"product_cat":[53,78,34],"product_tag":[176,183],"yoast_head":"<!-- This site is optimized with the Yoast SEO plugin v16.3 - https:\/\/yoast.com\/wordpress\/plugins\/seo\/ -->\n<meta name=\"description\" content=\"Genie\u00dfen Sie unsere handgefertigten Tutti Frutti-Bonbons - ein farbenfrohes Geschmackserlebnis, das Ihre Geschmacksknospen mit einer F\u00fclle von Fruchtaromen weckt.\" \/>\n<meta name=\"robots\" content=\"index, follow, max-snippet:-1, max-image-preview:large, max-video-preview:-1\" \/>\n<link rel=\"canonical\" href=\"https:\/\/ringkoebing-bolcher.dk\/de\/vare\/tutti-frutti-riegel\/\" \/>\n<meta property=\"og:locale\" content=\"de_DE\" \/>\n<meta property=\"og:type\" content=\"article\" \/>\n<meta property=\"og:title\" content=\"Handgemachte Tutti Frutti Schokoriegel - Ringk\u00f8bing Bolcher ApS%\" \/>\n<meta property=\"og:description\" content=\"Genie\u00dfen Sie unsere handgefertigten Tutti Frutti-Bonbons - ein farbenfrohes Geschmackserlebnis, das Ihre Geschmacksknospen mit einer F\u00fclle von Fruchtaromen weckt.\" \/>\n<meta property=\"og:url\" content=\"https:\/\/ringkoebing-bolcher.dk\/de\/vare\/tutti-frutti-riegel\/\" \/>\n<meta property=\"og:site_name\" content=\"Ringk\u00f8bing Bolcher ApS\" \/>\n<meta property=\"article:modified_time\" content=\"2025-05-31T08:13:59+00:00\" \/>\n<meta property=\"og:image\" content=\"https:\/\/ringkoebing-bolcher.dk\/de\/wp-content\/uploads\/sites\/4\/2023\/12\/img-0319-scaled-e1703679547492.jpg\" \/>\n\t<meta property=\"og:image:width\" content=\"2291\" \/>\n\t<meta property=\"og:image:height\" content=\"2208\" \/>\n<meta name=\"twitter:card\" content=\"summary_large_image\" \/>\n<meta name=\"twitter:label1\" content=\"Gesch\u00e4tzte Lesezeit\">\n\t<meta name=\"twitter:data1\" content=\"1 Minute\">\n<!-- \/ Yoast SEO plugin. -->","_links":{"self":[{"href":"https:\/\/ringkoebing-bolcher.dk\/de\/wp-json\/wp\/v2\/product\/1571"}],"collection":[{"href":"https:\/\/ringkoebing-bolcher.dk\/de\/wp-json\/wp\/v2\/product"}],"about":[{"href":"https:\/\/ringkoebing-bolcher.dk\/de\/wp-json\/wp\/v2\/types\/product"}],"wp:featuredmedia":[{"embeddable":true,"href":"https:\/\/ringkoebing-bolcher.dk\/de\/wp-json\/wp\/v2\/media\/1606"}],"wp:attachment":[{"href":"https:\/\/ringkoebing-bolcher.dk\/de\/wp-json\/wp\/v2\/media?parent=1571"}],"wp:term":[{"taxonomy":"product_cat","embeddable":true,"href":"https:\/\/ringkoebing-bolcher.dk\/de\/wp-json\/wp\/v2\/product_cat?post=1571"},{"taxonomy":"product_tag","embeddable":true,"href":"https:\/\/ringkoebing-bolcher.dk\/de\/wp-json\/wp\/v2\/product_tag?post=1571"}],"curies":[{"name":"wp","href":"https:\/\/api.w.org\/{rel}","templated":true}]}}