{"id":1451,"date":"2023-12-08T14:59:37","date_gmt":"2023-12-08T13:59:37","guid":{"rendered":"https:\/\/ringkoebing-bolcher.dk\/?post_type=product&#038;p=1451"},"modified":"2024-08-06T13:48:50","modified_gmt":"2024-08-06T11:48:50","slug":"geschenkkorb","status":"publish","type":"product","link":"https:\/\/ringkoebing-bolcher.dk\/de\/vare\/geschenkkorb\/","title":{"rendered":"Geschenkkorb"},"content":{"rendered":"<p>Entdecken Sie eine Welt voller s\u00fc\u00dfer Magie mit unserem exklusiven Geschenkkorb. Verw\u00f6hnen Sie Ihre Geschmacksnerven mit handgefertigten Bonbons, englischem Lakritz, Toffees und &#8220;Bummelb\u00e4llen&#8221;. Entdecken Sie eine Symphonie von Geschmacksrichtungen, darunter Candy Shots, verpackte S\u00fc\u00dfwaren, Weingummis und Bonbon-Lollis. Ein perfektes Geschenk, um K\u00f6stlichkeiten und Freude mit Ihren Liebsten zu teilen.<\/p>\n","protected":false},"excerpt":{"rendered":"<hr \/>\n<p><strong>Hausgemischter Geschenkkorb<\/strong><br \/>\nEntdecken Sie eine Welt voller s\u00fc\u00dfer Magie mit unserem pr\u00e4chtigen Geschenkkorb, der mit einer exquisiten Mischung aus himmlischen Aromen Freude verbreitet. Tauchen Sie ein in handgemachte Bonbons mit verf\u00fchrerischen Aromen wie Lakritz, Fr\u00fcchten und s\u00e4uerlichen Noten.<\/p>\n<p>Verw\u00f6hnen Sie Ihre Geschmacksknospen mit englischer Lakritze und reinen Lakritzstangen, von Salmiak bis zu s\u00fc\u00dfem Lakritz. Entdecken Sie eine Symphonie aus Karamell, die Nuancen wie Salz, Lakritz, Mandel und Brombeere umfasst. Erleben Sie den unwiderstehlichen Genuss unserer &#8220;Bummelkugeln&#8221; &#8211; schokoladenumh\u00fcllte Toffees, jedes mit seinem eigenen einzigartigen Geschmack.<\/p>\n<p>Begeben Sie sich mit unseren Candy Shots auf eine Geschmacksreise oder lassen Sie sich von verpackten S\u00fc\u00dfwaren, Weingummis und Lutschern verf\u00fchren, die diesen pr\u00e4chtigen Geschenkkorb vervollst\u00e4ndigen. Perfekt, um die Freude an K\u00f6stlichkeiten mit Ihren Liebsten zu teilen.<\/p>\n<p><strong>Mischen Sie Ihre eigenen!<\/strong><br \/>\nWenn Sie keinen der von uns gepackten Geschenkk\u00f6rbe m\u00f6chten, k\u00f6nnen Sie uns eine E-Mail schicken oder uns \u00fcber die sozialen Medien kontaktieren, um Ihren eigenen Korb zu erstellen. Hier k\u00f6nnen Sie aus unseren vielen Artikeln ganz nach Ihrem pers\u00f6nlichen Geschmack w\u00e4hlen!<\/p>\n<hr \/>\n","protected":false},"featured_media":1688,"template":"","meta":{"_expiration-date-status":"","_expiration-date":0,"_expiration-date-type":"","_expiration-date-categories":[],"_expiration-date-options":[]},"product_cat":[53,75,73,36,115,34,119],"product_tag":[176,148],"yoast_head":"<!-- This site is optimized with the Yoast SEO plugin v16.3 - https:\/\/yoast.com\/wordpress\/plugins\/seo\/ -->\n<meta name=\"description\" content=\"Genie\u00dfen Sie unsere exklusiven Geschenkk\u00f6rbe - das perfekte Geschenk. Verw\u00f6hnen Sie Ihre Geschmacksknospen mit handgemachten S\u00fc\u00dfigkeiten, englischem Lakritz, Toffees und &quot;Bummelkugeln&quot;.\" \/>\n<meta name=\"robots\" content=\"index, follow, max-snippet:-1, max-image-preview:large, max-video-preview:-1\" \/>\n<link rel=\"canonical\" href=\"https:\/\/ringkoebing-bolcher.dk\/de\/vare\/geschenkkorb\/\" \/>\n<meta property=\"og:locale\" content=\"de_DE\" \/>\n<meta property=\"og:type\" content=\"article\" \/>\n<meta property=\"og:title\" content=\"Exklusive Geschenkk\u00f6rbe - Das perfekte Geschenk % Ringk\u00f8bing Bolcher ApS\" \/>\n<meta property=\"og:description\" content=\"Genie\u00dfen Sie unsere exklusiven Geschenkk\u00f6rbe - das perfekte Geschenk. Verw\u00f6hnen Sie Ihre Geschmacksknospen mit handgemachten S\u00fc\u00dfigkeiten, englischem Lakritz, Toffees und &quot;Bummelkugeln&quot;.\" \/>\n<meta property=\"og:url\" content=\"https:\/\/ringkoebing-bolcher.dk\/de\/vare\/geschenkkorb\/\" \/>\n<meta property=\"og:site_name\" content=\"Ringk\u00f8bing Bolcher ApS\" \/>\n<meta property=\"article:modified_time\" content=\"2024-08-06T11:48:50+00:00\" \/>\n<meta property=\"og:image\" content=\"https:\/\/ringkoebing-bolcher.dk\/de\/wp-content\/uploads\/sites\/4\/2023\/12\/image11.jpeg\" \/>\n\t<meta property=\"og:image:width\" content=\"640\" \/>\n\t<meta property=\"og:image:height\" content=\"480\" \/>\n<meta name=\"twitter:card\" content=\"summary_large_image\" \/>\n<meta name=\"twitter:label1\" content=\"Gesch\u00e4tzte Lesezeit\">\n\t<meta name=\"twitter:data1\" content=\"1 Minute\">\n<!-- \/ Yoast SEO plugin. -->","_links":{"self":[{"href":"https:\/\/ringkoebing-bolcher.dk\/de\/wp-json\/wp\/v2\/product\/1451"}],"collection":[{"href":"https:\/\/ringkoebing-bolcher.dk\/de\/wp-json\/wp\/v2\/product"}],"about":[{"href":"https:\/\/ringkoebing-bolcher.dk\/de\/wp-json\/wp\/v2\/types\/product"}],"wp:featuredmedia":[{"embeddable":true,"href":"https:\/\/ringkoebing-bolcher.dk\/de\/wp-json\/wp\/v2\/media\/1688"}],"wp:attachment":[{"href":"https:\/\/ringkoebing-bolcher.dk\/de\/wp-json\/wp\/v2\/media?parent=1451"}],"wp:term":[{"taxonomy":"product_cat","embeddable":true,"href":"https:\/\/ringkoebing-bolcher.dk\/de\/wp-json\/wp\/v2\/product_cat?post=1451"},{"taxonomy":"product_tag","embeddable":true,"href":"https:\/\/ringkoebing-bolcher.dk\/de\/wp-json\/wp\/v2\/product_tag?post=1451"}],"curies":[{"name":"wp","href":"https:\/\/api.w.org\/{rel}","templated":true}]}}