{"id":1402,"date":"2023-12-06T13:31:54","date_gmt":"2023-12-06T12:31:54","guid":{"rendered":"https:\/\/ringkoebing-bolcher.dk\/?post_type=product&#038;p=1402"},"modified":"2024-08-06T13:49:27","modified_gmt":"2024-08-06T11:49:27","slug":"pulver-mix","status":"publish","type":"product","link":"https:\/\/ringkoebing-bolcher.dk\/de\/vare\/pulver-mix\/","title":{"rendered":"Pulver-Mix"},"content":{"rendered":"<hr \/>\n<p><strong>Verpackung<\/strong><br \/>\nWenn Sie bei uns gemischte Bonbons kaufen, werden diese in einem durchsichtigen und luftdichten Beh\u00e4lter verpackt, der Platz f\u00fcr 110 Gramm k\u00f6stliche und schmackhafte Bonbons bietet und je nach Bedarf immer wieder verwendet werden kann.<\/p>\n<p><strong>Zutaten<\/strong><br \/>\nZucker, Glucose, Ammoniumchlorid, Lakritzpulver, Cayenne-Extrakt, Dextrose, Gelantine, Zitronens\u00e4ure, Apfels\u00e4ure, Salz, Aroma, Farbstoffe: E120, E153<\/p>\n<table border=\"1\">\n<tbody>\n<tr>\n<td><strong>N\u00e4hrwertgehalt pro 100g<\/strong><\/td>\n<td><\/td>\n<\/tr>\n<tr>\n<td>Energiegehalt<\/td>\n<td>1639kJ\/38kcal<\/td>\n<\/tr>\n<tr>\n<td>Fettgehalt<\/td>\n<td>0g<\/td>\n<\/tr>\n<tr>\n<td>Davon ges\u00e4ttigte Fetts\u00e4ure<\/td>\n<td>0g<\/td>\n<\/tr>\n<tr>\n<td>Kohlenhydrate<\/td>\n<td>96g<\/td>\n<\/tr>\n<tr>\n<td>Davon Zucker<\/td>\n<td>71g<\/td>\n<\/tr>\n<tr>\n<td>Eiwei\u00df<\/td>\n<td>0g<\/td>\n<\/tr>\n<tr>\n<td>Salz (Salz)<\/td>\n<td>0g<\/td>\n<\/tr>\n<\/tbody>\n<\/table>\n<p><strong>Lagerung\/Frische<\/strong><br \/>\nHandgefertigte Bonbons werden t\u00e4glich in unserer K\u00fcche in Ringk\u00f8bing hergestellt, so dass Sie garantiert frische und leckere Bonbons erhalten, wenn Sie in einem unserer Gesch\u00e4fte in S\u00f8ndervig, Hvidsande oder Ringk\u00f8bing einkaufen.<\/p>\n<p><strong>Alageneric<\/strong><br \/>\n<span class=\"TextRun SCXW51557495 BCX0\" lang=\"DA-DK\" xml:lang=\"DA-DK\" data-contrast=\"auto\"><span class=\"NormalTextRun SCXW51557495 BCX0\">Kann <\/span><span class=\"NormalTextRun SCXW51557495 BCX0\"> Spuren von:<\/span><span class=\"NormalTextRun SCXW51557495 BCX0\"> Milch, N\u00fcssen, Soja und Gluten <\/span><span class=\"NormalTextRun ContextualSpellingAndGrammarErrorV2Themed SCXW51557495 BCX0\">enthalten<\/span><span class=\"NormalTextRun SCXW51557495 BCX0\">. <\/span><\/span><span class=\"EOP SCXW51557495 BCX0\" data-ccp-props=\"{&quot;201341983&quot;:0,&quot;335559739&quot;:160,&quot;335559740&quot;:259}\"> <\/span><\/p>\n<p><strong>Bitte beachten<\/strong> Wenn Sie die Bonbons aufbewahren, halten sie sich am l\u00e4ngsten in einem luftdichten Gef\u00e4\u00df, z. B. in einem Marmeladenglas oder in der durchsichtigen Plastikwanne, in der die Bonbons geliefert wurden. Nach dem Gebrauch lassen Sie bitte die Luft aus der Wanne, damit die Bonbons l\u00e4nger haltbar sind. Vermeiden Sie es, die Bonbons in die N\u00e4he einer W\u00e4rmequelle oder in direktes Sonnenlicht zu stellen, damit sie nicht klebrig werden oder sich verf\u00e4rben. Mindestens haltbar bis: Siehe Datum auf der R\u00fcckseite des Produkts.<\/p>\n<hr \/>\n","protected":false},"excerpt":{"rendered":"<p>Genie\u00dfen Sie unsere handgefertigten Powder Mix-Bonbons &#8211; eine Geschmacksexplosion aus Erdbeer-Lakritz, Pfadfinder-Hagel und Karamell-Lakritz, umgeben von k\u00f6stlichem Lakritzpulver. Jedes Bonbon ist eine \u00fcberraschende und schmackhafte Reise durch die Kontraste von S\u00fc\u00dfe und W\u00fcrze, sorgf\u00e4ltig hergestellt, um ein einzigartiges und k\u00f6stliches Geschmackserlebnis zu bieten. Lassen Sie sich von dieser aufregenden Mischung verf\u00fchren, die in jedem Bissen die besten Geschmacksrichtungen vereint.<\/p>\n","protected":false},"featured_media":0,"template":"","meta":{"_expiration-date-status":"","_expiration-date":0,"_expiration-date-type":"","_expiration-date-categories":[],"_expiration-date-options":[]},"product_cat":[53,90,122,34],"product_tag":[134,176,41],"yoast_head":"<!-- This site is optimized with the Yoast SEO plugin v16.3 - https:\/\/yoast.com\/wordpress\/plugins\/seo\/ -->\n<meta name=\"description\" content=\"Genie\u00dfen Sie unsere handgefertigten Powder Mix-Bonbons - eine Geschmacksexplosion aus Erdbeer-Lakritz, Pfadfinder-Hagel und Karamell-Lakritz, umgeben von leckerem Lakritzpulver.\" \/>\n<meta name=\"robots\" content=\"index, follow, max-snippet:-1, max-image-preview:large, max-video-preview:-1\" \/>\n<link rel=\"canonical\" href=\"https:\/\/ringkoebing-bolcher.dk\/de\/vare\/pulver-mix\/\" \/>\n<meta property=\"og:locale\" content=\"de_DE\" \/>\n<meta property=\"og:type\" content=\"article\" \/>\n<meta property=\"og:title\" content=\"Handgemachte Pulvermischbonbons % - Ringk\u00f8bing Bolcher ApS%\" \/>\n<meta property=\"og:description\" content=\"Genie\u00dfen Sie unsere handgefertigten Powder Mix-Bonbons - eine Geschmacksexplosion aus Erdbeer-Lakritz, Pfadfinder-Hagel und Karamell-Lakritz, umgeben von leckerem Lakritzpulver.\" \/>\n<meta property=\"og:url\" content=\"https:\/\/ringkoebing-bolcher.dk\/de\/vare\/pulver-mix\/\" \/>\n<meta property=\"og:site_name\" content=\"Ringk\u00f8bing Bolcher ApS\" \/>\n<meta property=\"article:modified_time\" content=\"2024-08-06T11:49:27+00:00\" \/>\n<meta name=\"twitter:card\" content=\"summary_large_image\" \/>\n<meta name=\"twitter:label1\" content=\"Gesch\u00e4tzte Lesezeit\">\n\t<meta name=\"twitter:data1\" content=\"1 Minute\">\n<!-- \/ Yoast SEO plugin. -->","_links":{"self":[{"href":"https:\/\/ringkoebing-bolcher.dk\/de\/wp-json\/wp\/v2\/product\/1402"}],"collection":[{"href":"https:\/\/ringkoebing-bolcher.dk\/de\/wp-json\/wp\/v2\/product"}],"about":[{"href":"https:\/\/ringkoebing-bolcher.dk\/de\/wp-json\/wp\/v2\/types\/product"}],"wp:attachment":[{"href":"https:\/\/ringkoebing-bolcher.dk\/de\/wp-json\/wp\/v2\/media?parent=1402"}],"wp:term":[{"taxonomy":"product_cat","embeddable":true,"href":"https:\/\/ringkoebing-bolcher.dk\/de\/wp-json\/wp\/v2\/product_cat?post=1402"},{"taxonomy":"product_tag","embeddable":true,"href":"https:\/\/ringkoebing-bolcher.dk\/de\/wp-json\/wp\/v2\/product_tag?post=1402"}],"curies":[{"name":"wp","href":"https:\/\/api.w.org\/{rel}","templated":true}]}}