{"id":1345,"date":"2023-12-01T16:23:16","date_gmt":"2023-12-01T15:23:16","guid":{"rendered":"https:\/\/ringkoebing-bolcher.dk\/?post_type=product&#038;p=1345"},"modified":"2025-01-05T22:36:37","modified_gmt":"2025-01-05T21:36:37","slug":"handgefertigte-pralinen","status":"publish","type":"product","link":"https:\/\/ringkoebing-bolcher.dk\/de\/vare\/handgefertigte-pralinen\/","title":{"rendered":"Gef\u00fcllte Pralinen"},"content":{"rendered":"","protected":false},"excerpt":{"rendered":"<p>Verw\u00f6hne dich mit unseren handgefertigten Pralinen aus 60 % dunkler Schokolade von Callebaut. W\u00e4hle aus 12 verschiedenen F\u00fcllungen, die individuell f\u00fcr deine Bestellung angepasst werden. Jede Praline bietet eine glatte, gl\u00e4nzende Oberfl\u00e4che und den perfekten Biss \u2013 eine exquisite Kombination aus Qualit\u00e4t und Genuss.<\/p>\n<p>Unsere Pralinen werden auf Bestellung gefertigt, kontaktiere uns daher gerne per E-Mail oder Telefon, um deine Bestellung aufzugeben.<\/p>\n<p>Tel.: <a href=\"tel:+45 61 55 12 55\">+45 61 55 12 55<\/a><br \/>\nE-Mail: <a href=\"mailto:info@ringkoebingbolcher.dk\" rel=\"noopener\">info@ringkoebingbolcher.dk<\/a><\/p>\n","protected":false},"featured_media":174,"template":"","meta":{"_expiration-date-status":"","_expiration-date":0,"_expiration-date-type":"","_expiration-date-categories":[],"_expiration-date-options":[]},"product_cat":[53,182],"product_tag":[159],"yoast_head":"<!-- This site is optimized with the Yoast SEO plugin v16.3 - https:\/\/yoast.com\/wordpress\/plugins\/seo\/ -->\n<meta name=\"description\" content=\"Verw\u00f6hne dich mit unseren handgefertigten Pralinen aus 60 % dunkler Schokolade von Callebaut. W\u00e4hle aus 12 verschiedenen F\u00fcllungen.\" \/>\n<meta name=\"robots\" content=\"index, follow, max-snippet:-1, max-image-preview:large, max-video-preview:-1\" \/>\n<link rel=\"canonical\" href=\"https:\/\/ringkoebing-bolcher.dk\/de\/vare\/handgefertigte-pralinen\/\" \/>\n<meta property=\"og:locale\" content=\"de_DE\" \/>\n<meta property=\"og:type\" content=\"article\" \/>\n<meta property=\"og:title\" content=\"Gef\u00fcllte Pralinen - Ringk\u00f8bing Bolcher ApS\" \/>\n<meta property=\"og:description\" content=\"Verw\u00f6hne dich mit unseren handgefertigten Pralinen aus 60 % dunkler Schokolade von Callebaut. W\u00e4hle aus 12 verschiedenen F\u00fcllungen.\" \/>\n<meta property=\"og:url\" content=\"https:\/\/ringkoebing-bolcher.dk\/de\/vare\/handgefertigte-pralinen\/\" \/>\n<meta property=\"og:site_name\" content=\"Ringk\u00f8bing Bolcher ApS\" \/>\n<meta property=\"article:modified_time\" content=\"2025-01-05T21:36:37+00:00\" \/>\n<meta property=\"og:image\" content=\"https:\/\/ringkoebing-bolcher.dk\/de\/wp-content\/uploads\/sites\/4\/2021\/07\/image-6.jpg\" \/>\n\t<meta property=\"og:image:width\" content=\"840\" \/>\n\t<meta property=\"og:image:height\" content=\"660\" \/>\n<meta name=\"twitter:card\" content=\"summary_large_image\" \/>\n<!-- \/ Yoast SEO plugin. -->","_links":{"self":[{"href":"https:\/\/ringkoebing-bolcher.dk\/de\/wp-json\/wp\/v2\/product\/1345"}],"collection":[{"href":"https:\/\/ringkoebing-bolcher.dk\/de\/wp-json\/wp\/v2\/product"}],"about":[{"href":"https:\/\/ringkoebing-bolcher.dk\/de\/wp-json\/wp\/v2\/types\/product"}],"wp:featuredmedia":[{"embeddable":true,"href":"https:\/\/ringkoebing-bolcher.dk\/de\/wp-json\/wp\/v2\/media\/174"}],"wp:attachment":[{"href":"https:\/\/ringkoebing-bolcher.dk\/de\/wp-json\/wp\/v2\/media?parent=1345"}],"wp:term":[{"taxonomy":"product_cat","embeddable":true,"href":"https:\/\/ringkoebing-bolcher.dk\/de\/wp-json\/wp\/v2\/product_cat?post=1345"},{"taxonomy":"product_tag","embeddable":true,"href":"https:\/\/ringkoebing-bolcher.dk\/de\/wp-json\/wp\/v2\/product_tag?post=1345"}],"curies":[{"name":"wp","href":"https:\/\/api.w.org\/{rel}","templated":true}]}}