{"id":1272,"date":"2023-11-16T17:04:24","date_gmt":"2023-11-16T16:04:24","guid":{"rendered":"https:\/\/ringkoebing-bolcher.dk\/?post_type=product&#038;p=1272"},"modified":"2026-02-25T11:09:13","modified_gmt":"2026-02-25T10:09:13","slug":"do-it-yourself-suessigkeiten","status":"publish","type":"product","link":"https:\/\/ringkoebing-bolcher.dk\/de\/vare\/do-it-yourself-suessigkeiten\/","title":{"rendered":"Do it yourself &#8211; S\u00fc\u00dfigkeiten"},"content":{"rendered":"<p><span style=\"color: #000000;\"><b>Kontaktinformationen<\/b><\/span><br \/>\nRingk\u00f8bing Bolcher<br \/>\nNygade 21c<br \/>\n6950 Ringk\u00f8bing, D\u00e4nemark<\/p>\n<p>Telefon: <a href=\"tel:+45 61 55 12 55\">+45 61 55 12 55<\/a><\/p>\n<p>E-mail: <a href=\"mailto:info@ringkoebingbolcher.dk\">info@ringkoebingbolcher.dk<\/a><\/p>\n<p>Facebook: <a href=\"https:\/\/www.facebook.com\/ringkoebingbolcher\/\">facebook.com\/ringk\u00f8bingbolcher<\/a><\/p>\n","protected":false},"excerpt":{"rendered":"<h3>Komm und mach deine eigenen S\u00fc\u00dfigkeiten.<\/h3>\n<p>Dieses Jahr haben Sie die M\u00f6glichkeit, bei uns vorbeizuschauen und zu erfahren, wie wir unsere Bonbons herstellen, und selbst zu probieren, wie es geht.<br \/>\nWir arbeiten mit denselben Farben und Geschmacksrichtungen, die auch im Laden erh\u00e4ltlich sind. Wie sie kombiniert werden, ist jedoch freigestellt.<\/p>\n<p>Eine Veranstaltung dauert ca. 1 Stunde und kostet 250DKK pro Person, einschlie\u00dflich einer T\u00fcte mit selbstgemachten Bonbons. Es k\u00f6nnen sowohl Kinder als auch Erwachsene teilnehmen. Die H\u00f6chstzahl der Teilnehmer pro Veranstaltung betr\u00e4gt 8 Personen.<\/p>\n<p>Wenn sich weniger als 4 Personen anmelden, wird die Veranstaltung abgesagt.<br \/>\nWir freuen uns auf Sie!<\/p>\n<p>Datum und Uhrzeit: Nach Absprache per Anruf, E-Mail oder \u00fcber soziale Medien.<br \/>\nOrt: Ringk\u00f8bing.<\/p>\n","protected":false},"featured_media":378,"template":"","meta":{"_expiration-date-status":"","_expiration-date":0,"_expiration-date-type":"","_expiration-date-categories":[],"_expiration-date-options":[]},"product_cat":[53,34,158],"product_tag":[176,160],"yoast_head":"<!-- This site is optimized with the Yoast SEO plugin v16.3 - https:\/\/yoast.com\/wordpress\/plugins\/seo\/ -->\n<meta name=\"description\" content=\"Nehmen Sie an unserem S\u00fc\u00dfigkeiten-Workshop teil und schaffen Sie Zweisamkeit mit lustigen Geschmacksrichtungen! Stellen Sie Ihre eigenen einzigartigen S\u00fc\u00dfigkeiten in bunten Geschmacksrichtungen her. Perfekt f\u00fcr alle Altersgruppen.\" \/>\n<meta name=\"robots\" content=\"index, follow, max-snippet:-1, max-image-preview:large, max-video-preview:-1\" \/>\n<link rel=\"canonical\" href=\"https:\/\/ringkoebing-bolcher.dk\/de\/vare\/do-it-yourself-suessigkeiten\/\" \/>\n<meta property=\"og:locale\" content=\"de_DE\" \/>\n<meta property=\"og:type\" content=\"article\" \/>\n<meta property=\"og:title\" content=\"Zweisamkeit und s\u00fc\u00dfe Leckereien schaffen - Workshop Ringk\u00f8bing Bolcher ApS\" \/>\n<meta property=\"og:description\" content=\"Nehmen Sie an unserem S\u00fc\u00dfigkeiten-Workshop teil und schaffen Sie Zweisamkeit mit lustigen Geschmacksrichtungen! Stellen Sie Ihre eigenen einzigartigen S\u00fc\u00dfigkeiten in bunten Geschmacksrichtungen her. Perfekt f\u00fcr alle Altersgruppen.\" \/>\n<meta property=\"og:url\" content=\"https:\/\/ringkoebing-bolcher.dk\/de\/vare\/do-it-yourself-suessigkeiten\/\" \/>\n<meta property=\"og:site_name\" content=\"Ringk\u00f8bing Bolcher ApS\" \/>\n<meta property=\"article:modified_time\" content=\"2026-02-25T10:09:13+00:00\" \/>\n<meta property=\"og:image\" content=\"https:\/\/ringkoebing-bolcher.dk\/de\/wp-content\/uploads\/sites\/4\/2021\/07\/21369168-371861036580541-6439159084371863719-n-ee5616af.jpeg\" \/>\n\t<meta property=\"og:image:width\" content=\"609\" \/>\n\t<meta property=\"og:image:height\" content=\"420\" \/>\n<meta name=\"twitter:card\" content=\"summary_large_image\" \/>\n<meta name=\"twitter:label1\" content=\"Gesch\u00e4tzte Lesezeit\">\n\t<meta name=\"twitter:data1\" content=\"1 Minute\">\n<!-- \/ Yoast SEO plugin. -->","_links":{"self":[{"href":"https:\/\/ringkoebing-bolcher.dk\/de\/wp-json\/wp\/v2\/product\/1272"}],"collection":[{"href":"https:\/\/ringkoebing-bolcher.dk\/de\/wp-json\/wp\/v2\/product"}],"about":[{"href":"https:\/\/ringkoebing-bolcher.dk\/de\/wp-json\/wp\/v2\/types\/product"}],"wp:featuredmedia":[{"embeddable":true,"href":"https:\/\/ringkoebing-bolcher.dk\/de\/wp-json\/wp\/v2\/media\/378"}],"wp:attachment":[{"href":"https:\/\/ringkoebing-bolcher.dk\/de\/wp-json\/wp\/v2\/media?parent=1272"}],"wp:term":[{"taxonomy":"product_cat","embeddable":true,"href":"https:\/\/ringkoebing-bolcher.dk\/de\/wp-json\/wp\/v2\/product_cat?post=1272"},{"taxonomy":"product_tag","embeddable":true,"href":"https:\/\/ringkoebing-bolcher.dk\/de\/wp-json\/wp\/v2\/product_tag?post=1272"}],"curies":[{"name":"wp","href":"https:\/\/api.w.org\/{rel}","templated":true}]}}