{"id":1229,"date":"2023-09-06T12:23:26","date_gmt":"2023-09-06T10:23:26","guid":{"rendered":"https:\/\/ringkoebing-bolcher.dk\/?post_type=product&#038;p=1229"},"modified":"2024-08-06T13:50:40","modified_gmt":"2024-08-06T11:50:40","slug":"himbeer-lakritzbonbons","status":"publish","type":"product","link":"https:\/\/ringkoebing-bolcher.dk\/de\/vare\/himbeer-lakritzbonbons\/","title":{"rendered":"Himbeer-\/ Lakritzbonbons"},"content":{"rendered":"<hr \/>\n<p><strong>Verpackung<\/strong><br \/>\nWenn Sie bei uns gemischte Bonbons kaufen, werden diese in einem durchsichtigen und luftdichten Beh\u00e4lter verpackt, der Platz f\u00fcr 110 Gramm k\u00f6stliche und schmackhafte Bonbons bietet und je nach Bedarf immer wieder verwendet werden kann.<\/p>\n<p><strong>Zutaten<\/strong><br \/>\nZucker, Wasser, Glukosesirup, Dextrose-Monohydrat, Farbstoff: E153, E120, Himbeeraroma, Lakritzpulver, Zitronens\u00e4ure.<\/p>\n<table style=\"height: 192px;\" border=\"1\">\n<tbody>\n<tr style=\"height: 24px;\">\n<td style=\"height: 24px;\"><strong>N\u00e4hrwertgehalt pro 100 g<\/strong><\/td>\n<td style=\"height: 24px;\"><\/td>\n<\/tr>\n<tr style=\"height: 24px;\">\n<td style=\"height: 24px;\">Energiegehalt<\/td>\n<td style=\"height: 24px;\">1639kJ\/38kcal<\/td>\n<\/tr>\n<tr style=\"height: 24px;\">\n<td style=\"height: 24px;\">Fettgehalt<\/td>\n<td style=\"height: 24px;\">0g<\/td>\n<\/tr>\n<tr style=\"height: 24px;\">\n<td style=\"height: 24px;\">Davon ges\u00e4ttigte Fetts\u00e4ure<\/td>\n<td style=\"height: 24px;\">0g<\/td>\n<\/tr>\n<tr style=\"height: 24px;\">\n<td style=\"height: 24px;\">Kohlenhydrate<\/td>\n<td style=\"height: 24px;\">96g<\/td>\n<\/tr>\n<tr style=\"height: 24px;\">\n<td style=\"height: 24px;\">Davon Zucker<\/td>\n<td style=\"height: 24px;\">71g<\/td>\n<\/tr>\n<tr style=\"height: 24px;\">\n<td style=\"height: 24px;\">Eiwei\u00df<\/td>\n<td style=\"height: 24px;\">0g<\/td>\n<\/tr>\n<tr style=\"height: 24px;\">\n<td style=\"height: 24px;\">Salz (Salz)<\/td>\n<td style=\"height: 24px;\">0g<\/td>\n<\/tr>\n<\/tbody>\n<\/table>\n<p><strong>Lagerung\/Frische<\/strong><br \/>\nHandgefertigte Bonbons werden t\u00e4glich in unserer K\u00fcche in Ringk\u00f8bing hergestellt, so dass Sie garantiert frische und leckere Bonbons erhalten, wenn Sie in einem unserer Gesch\u00e4fte in S\u00f8ndervig, Hvidsande oder Ringk\u00f8bing einkaufen.<\/p>\n<p><strong>Alagener<br \/>\n<\/strong><br \/>\nUnsere Bonbons werden aus Glukosesirup, Traubenzucker und Wasser hergestellt. Der von uns verwendete Glukosesirup wird aus Weizen und Gerste gewonnen, aber der Restglutengehalt ist so gering, dass wir unsere Bonbons als glutenfrei bezeichnen d\u00fcrfen.<\/p>\n<p><strong>Nicht vergessen<\/strong> Wenn Sie die Bonbons aufbewahren, halten sie sich am l\u00e4ngsten in einem luftdichten Gef\u00e4\u00df, z. B. einem Marmeladenglas oder dem durchsichtigen Plastikbecher, in dem die Bonbons geliefert wurden. Vermeiden Sie es, die Bonbons in die N\u00e4he einer W\u00e4rmequelle oder in direktes Sonnenlicht zu stellen, damit sie nicht klebrig werden oder sich verf\u00e4rben. Mindestens haltbar bis: Siehe Datum auf der R\u00fcckseite des Produkts.<\/p>\n<hr \/>\n","protected":false},"excerpt":{"rendered":"<p>Probieren Sie unsere handgemachten Himbeer-Lakritz-Bonbons! Diese zarten Leckerbissen sind ein Geschmackserlebnis aus frischen Himbeeren mit einem feinen Hauch von Lakritz. Ein herzf\u00f6rmiges Motiv tief im Inneren jedes Bonbons verleiht eine zus\u00e4tzliche Dimension der Liebe. Lassen Sie sich von der perfekten Balance aus S\u00fc\u00dfe und milder Lakritze in diesem einzigartigen Geschmackserlebnis verf\u00fchren.<\/p>\n","protected":false},"featured_media":1288,"template":"","meta":{"_expiration-date-status":"","_expiration-date":0,"_expiration-date-type":"","_expiration-date-categories":[],"_expiration-date-options":[]},"product_cat":[53,105,90,122,34],"product_tag":[179,176,152,44,167,168],"yoast_head":"<!-- This site is optimized with the Yoast SEO plugin v16.3 - https:\/\/yoast.com\/wordpress\/plugins\/seo\/ -->\n<meta name=\"description\" content=\"Probieren Sie unsere handgemachten milden Himbeer-Lakritz-Bonbons! Diese zarten Leckerbissen sind ein Geschmackserlebnis aus frischen Himbeeren mit einer dezenten Lakritznote.\" \/>\n<meta name=\"robots\" content=\"index, follow, max-snippet:-1, max-image-preview:large, max-video-preview:-1\" \/>\n<link rel=\"canonical\" href=\"https:\/\/ringkoebing-bolcher.dk\/de\/vare\/himbeer-lakritzbonbons\/\" \/>\n<meta property=\"og:locale\" content=\"de_DE\" \/>\n<meta property=\"og:type\" content=\"article\" \/>\n<meta property=\"og:title\" content=\"Handgefertigte milde Himbeer-Lakritz-Bonbons Ringk\u00f8bing Bolcher ApS%\" \/>\n<meta property=\"og:description\" content=\"Probieren Sie unsere handgemachten milden Himbeer-Lakritz-Bonbons! Diese zarten Leckerbissen sind ein Geschmackserlebnis aus frischen Himbeeren mit einer dezenten Lakritznote.\" \/>\n<meta property=\"og:url\" content=\"https:\/\/ringkoebing-bolcher.dk\/de\/vare\/himbeer-lakritzbonbons\/\" \/>\n<meta property=\"og:site_name\" content=\"Ringk\u00f8bing Bolcher ApS\" \/>\n<meta property=\"article:modified_time\" content=\"2024-08-06T11:50:40+00:00\" \/>\n<meta property=\"og:image\" content=\"https:\/\/ringkoebing-bolcher.dk\/de\/wp-content\/uploads\/sites\/4\/2023\/09\/img-0696-scaled.jpg\" \/>\n\t<meta property=\"og:image:width\" content=\"2042\" \/>\n\t<meta property=\"og:image:height\" content=\"2560\" \/>\n<meta name=\"twitter:card\" content=\"summary_large_image\" \/>\n<meta name=\"twitter:label1\" content=\"Gesch\u00e4tzte Lesezeit\">\n\t<meta name=\"twitter:data1\" content=\"1 Minute\">\n<!-- \/ Yoast SEO plugin. -->","_links":{"self":[{"href":"https:\/\/ringkoebing-bolcher.dk\/de\/wp-json\/wp\/v2\/product\/1229"}],"collection":[{"href":"https:\/\/ringkoebing-bolcher.dk\/de\/wp-json\/wp\/v2\/product"}],"about":[{"href":"https:\/\/ringkoebing-bolcher.dk\/de\/wp-json\/wp\/v2\/types\/product"}],"wp:featuredmedia":[{"embeddable":true,"href":"https:\/\/ringkoebing-bolcher.dk\/de\/wp-json\/wp\/v2\/media\/1288"}],"wp:attachment":[{"href":"https:\/\/ringkoebing-bolcher.dk\/de\/wp-json\/wp\/v2\/media?parent=1229"}],"wp:term":[{"taxonomy":"product_cat","embeddable":true,"href":"https:\/\/ringkoebing-bolcher.dk\/de\/wp-json\/wp\/v2\/product_cat?post=1229"},{"taxonomy":"product_tag","embeddable":true,"href":"https:\/\/ringkoebing-bolcher.dk\/de\/wp-json\/wp\/v2\/product_tag?post=1229"}],"curies":[{"name":"wp","href":"https:\/\/api.w.org\/{rel}","templated":true}]}}