{"id":9,"date":"2021-05-19T11:12:03","date_gmt":"2021-05-19T09:12:03","guid":{"rendered":"https:\/\/ringkoebing-bolcher.dk\/cookie-politik\/"},"modified":"2026-02-25T11:25:32","modified_gmt":"2026-02-25T10:25:32","slug":"cookie-politik","status":"publish","type":"page","link":"https:\/\/ringkoebing-bolcher.dk\/de\/cookie-politik\/","title":{"rendered":"Cookie-Politik"},"content":{"rendered":"<p><strong>Verwendung von Cookies<\/strong><\/p>\nRingk\u00f8bing Bolcher ApS ringkoebing-bolcher.dk\/de Ringk\u00f8bing Bolcher ApS Hier k\u00f6nnen Sie die Richtlinien f\u00fcr die Verwendung von Cookies lesen, wenn Sie die Website besuchen. Wenn Sie die Website besuchen, akzeptieren Sie die nachstehenden Cookie-Richtlinien.<\/p>\n<p><a href=\"https:\/\/ringkoebing-bolcher.dk\/de\/datenschutzbestimmungen\/\">Klicken Sie hier, um zur Datenschutzrichtlinie zu gelangen<\/a><\/p>\n<h2>Was ist ein Cookie?<\/h2>\n<p>Ein Cookie ist eine kleine Textdatei, die im Webbrowser auf Ihrem Computer, Smartphone, iPad oder einem anderen Ger\u00e4t, mit dem Sie online gehen, gespeichert wird. Cookies erm\u00f6glichen es, Ihren Computer usw. zu identifizieren und Informationen \u00fcber Ihr Online-Verhalten zu sammeln, u. a. welche Seiten und Funktionen mit Ihrem Browser besucht werden, und stellen sicher, dass er technisch funktioniert. In manchen F\u00e4llen sind Cookies notwendig, damit eine Website wie vorgesehen funktioniert. Ein Cookie ist statisch und kann keine Computerviren oder andere sch\u00e4dliche Programme verbreiten. Er ist anonym und enth\u00e4lt keine pers\u00f6nlichen Daten. Cookies werden von praktisch allen Websites verwendet.<\/p>\n<h2>Arten von Cookies<\/h2>\n<p>Es gibt zwei Arten von Cookies: Sitzungscookies und dauerhafte Cookies. Sitzungscookies werden automatisch aus dem Browser gel\u00f6scht, wenn Sie ihn schlie\u00dfen. Dauerhafte Cookies werden f\u00fcr einen bestimmten Zeitraum auf Ihrem Ger\u00e4t gespeichert und laufen danach ab.<\/p>\n<p>Es wird auch zwischen Erstanbieter-Cookies und Drittanbieter-Cookies unterschieden. Erstanbieter-Cookies werden von der von Ihnen besuchten Website gesetzt, Drittanbieter-Cookies werden von einem Dritten gesetzt, der Elemente auf der von Ihnen besuchten Website eingebettet hat. Drittanbieter-Cookies werden von Web-Analyseprogrammen wie Google Analytics und WebTrends gesetzt.<\/p>\nringkoebing-bolcher.dk\/de Ringk\u00f8bing Bolcher ApS Diese Cookie-Richtlinie gilt nur f\u00fcr . Wenn Sie auf Funktionen klicken, die zu anderen Websites navigieren, hat keine Verantwortung oder Kontrolle dar\u00fcber, welche Cookies verwendet werden.<\/p>\n<h2>Cookies auf ringkoebing-bolcher.dk\/de<\/h2>\n<div class=\"cookie-manager--cookie-table\" data-cookie-declaration=\"\"><\/div>\n<p>Keine gefunden &#8211; listet allgemeine Cookies auf<\/p>\n<h2>Wie man Cookies vermeiden oder l\u00f6schen kann<\/h2>\nringkoebing-bolcher.dk\/de Wenn Sie keine Cookies w\u00fcnschen, k\u00f6nnen Sie jederzeit alle Cookies blockieren, vorhandene Cookies auf Ihrem Computer l\u00f6schen oder eine Warnung erhalten, bevor ein Cookie gespeichert wird. Bei allen Browsern k\u00f6nnen Sie Cookies einzeln oder alle auf einmal l\u00f6schen. Wie Sie dies tun, h\u00e4ngt davon ab, welchen Browser Sie verwenden. Folgen Sie den nachstehenden Links, um Anweisungen f\u00fcr Ihren Browser zu erhalten. Denken Sie daran, dass Sie, wenn Sie mehrere Browser verwenden, die Cookies in allen Browsern l\u00f6schen m\u00fcssen.<\/p>\n<ul>\n<li><a href=\"http:\/\/windows.microsoft.com\/da-DK\/windows-vista\/Delete-your-Internet-cookies\" target=\"_blank\" rel=\"noopener\">So l\u00f6schen Sie Cookies im Microsoft Internet Explorer<\/a><\/li>\n<li><a href=\"https:\/\/support.apple.com\/kb\/PH17191\" target=\"_blank\" rel=\"noopener\">So l\u00f6schen Sie Cookies im Safari-Browser<\/a><\/li>\n<li><a href=\"http:\/\/support.google.com\/chrome\/bin\/answer.py?hl=da&amp;answer=95647\" target=\"_blank\" rel=\"noopener\">Anleitung zum L\u00f6schen von Cookies im Google Chrome-Browser<\/a><\/li>\n<li><a href=\"http:\/\/support.mozilla.org\/da\/kb\/delete-cookies-remove-info-websites-stored?redirectlocale=en-US&amp;redirectslug=Deleting+cookies\" target=\"_blank\" rel=\"noopener\">Anleitung zum L\u00f6schen von Cookies im Mozilla Firefox-Browser<\/a><\/li>\n<li><a href=\"http:\/\/timeread.hubpages.com\/hub\/How-to-delete-internet-cookies-on-your-Droid-or-any-Android-device\" target=\"_blank\" rel=\"noopener\">Anleitung zum L\u00f6schen von Cookies auf Android-Telefonen<\/a><\/li>\n<li><a href=\"http:\/\/help.opera.com\/Windows\/9.51\/da\/cookies.html\" target=\"_blank\" rel=\"noopener\">Anleitung zum L\u00f6schen von Cookies im Opera-Browser<\/a><\/li>\n<li><a href=\"http:\/\/support.apple.com\/kb\/HT1677?viewlocale=da_DK\" target=\"_blank\" rel=\"noopener\">Leitfaden zum L\u00f6schen von Cookies auf iPad, iPhone, iPod touch<\/a><\/li>\n<li><a href=\"https:\/\/kb.wisc.edu\/page.php?id=24078\" target=\"_blank\" rel=\"noopener\">Leitfaden zum L\u00f6schen von Cookies von Windows Phone<\/a><\/li>\n<\/ul>\n<h2>Was passiert, wenn Sie Cookies nicht akzeptieren oder l\u00f6schen?<\/h2>\nringkoebing-bolcher.dk\/deWenn Sie sich daf\u00fcr entscheiden, alle Cookies zu blockieren oder vorhandene Cookies auf Ihrem Computer zu l\u00f6schen, k\u00f6nnen Sie weiterhin Text auf lesen. Es kann jedoch sein, dass Sie bestimmte Funktionen und Dienste nicht nutzen k\u00f6nnen, weil die Website sich die von Ihnen getroffenen Entscheidungen merken muss.<\/p>\n<h2>Regeln und Vorschriften<\/h2>\nRingk\u00f8bing Bolcher ApS Die Regeln, die f\u00fcr die Verwendung von Cookies gelten, finden Sie unten.<\/p>\n<p><a href=\"https:\/\/www.retsinformation.dk\/Forms\/R0710.aspx?id=139279\" target=\"_blank\" rel=\"noopener\">Durchf\u00fchrungsverordnung \u00fcber Cookies<\/a><br \/>\n<a href=\"https:\/\/www.datatilsynet.dk\/regler-og-vejledning\/cookies-og-lignende-teknologier\" target=\"_blank\" rel=\"noopener\">Leitfaden f\u00fcr Cookies<\/a><\/p>\n<h2>Kontaktieren Sie uns<\/h2>\nringkoebing-bolcher.dk\/deWenn Sie weitere Fragen zur Verwendung von Cookies haben, kontaktieren Sie uns bitte unter .<\/p>\n","protected":false},"excerpt":{"rendered":"<p>Verwendung von Cookies Hier k\u00f6nnen Sie die Richtlinien f\u00fcr die Verwendung von Cookies lesen, wenn Sie die Website besuchen. Wenn Sie die Website besuchen, akzeptieren Sie die nachstehenden Cookie-Richtlinien. Klicken Sie hier, um zur Datenschutzrichtlinie zu gelangen Was ist ein Cookie? Ein Cookie ist eine kleine Textdatei, die im Webbrowser auf Ihrem Computer, Smartphone, iPad [&hellip;]<\/p>\n","protected":false},"author":1,"featured_media":0,"parent":0,"menu_order":0,"comment_status":"closed","ping_status":"closed","template":"","meta":{"_expiration-date-status":"","_expiration-date":0,"_expiration-date-type":"","_expiration-date-categories":[],"_expiration-date-options":[],"footnotes":""},"yoast_head":"<!-- This site is optimized with the Yoast SEO plugin v16.3 - https:\/\/yoast.com\/wordpress\/plugins\/seo\/ -->\n<meta name=\"robots\" content=\"index, follow, max-snippet:-1, max-image-preview:large, max-video-preview:-1\" \/>\n<link rel=\"canonical\" href=\"https:\/\/ringkoebing-bolcher.dk\/de\/cookie-politik\/\" \/>\n<meta property=\"og:locale\" content=\"de_DE\" \/>\n<meta property=\"og:type\" content=\"article\" \/>\n<meta property=\"og:title\" content=\"Cookie-Richtlinie - Ringk\u00f8bing Bolcher ApS\" \/>\n<meta property=\"og:description\" content=\"Verwendung von Cookies Hier k\u00f6nnen Sie die Richtlinien f\u00fcr die Verwendung von Cookies lesen, wenn Sie die Website besuchen. Wenn Sie die Website besuchen, akzeptieren Sie die nachstehenden Cookie-Richtlinien. Klicken Sie hier, um zur Datenschutzrichtlinie zu gelangen Was ist ein Cookie? Ein Cookie ist eine kleine Textdatei, die im Webbrowser auf Ihrem Computer, Smartphone, iPad [&hellip;]\" \/>\n<meta property=\"og:url\" content=\"https:\/\/ringkoebing-bolcher.dk\/de\/cookie-politik\/\" \/>\n<meta property=\"og:site_name\" content=\"Ringk\u00f8bing Bolcher ApS\" \/>\n<meta property=\"article:modified_time\" content=\"2026-02-25T10:25:32+00:00\" \/>\n<meta name=\"twitter:card\" content=\"summary_large_image\" \/>\n<meta name=\"twitter:label1\" content=\"Gesch\u00e4tzte Lesezeit\">\n\t<meta name=\"twitter:data1\" content=\"3 Minuten\">\n<!-- \/ Yoast SEO plugin. -->","_links":{"self":[{"href":"https:\/\/ringkoebing-bolcher.dk\/de\/wp-json\/wp\/v2\/pages\/9"}],"collection":[{"href":"https:\/\/ringkoebing-bolcher.dk\/de\/wp-json\/wp\/v2\/pages"}],"about":[{"href":"https:\/\/ringkoebing-bolcher.dk\/de\/wp-json\/wp\/v2\/types\/page"}],"author":[{"embeddable":true,"href":"https:\/\/ringkoebing-bolcher.dk\/de\/wp-json\/wp\/v2\/users\/1"}],"replies":[{"embeddable":true,"href":"https:\/\/ringkoebing-bolcher.dk\/de\/wp-json\/wp\/v2\/comments?post=9"}],"version-history":[{"count":4,"href":"https:\/\/ringkoebing-bolcher.dk\/de\/wp-json\/wp\/v2\/pages\/9\/revisions"}],"predecessor-version":[{"id":2386,"href":"https:\/\/ringkoebing-bolcher.dk\/de\/wp-json\/wp\/v2\/pages\/9\/revisions\/2386"}],"wp:attachment":[{"href":"https:\/\/ringkoebing-bolcher.dk\/de\/wp-json\/wp\/v2\/media?parent=9"}],"curies":[{"name":"wp","href":"https:\/\/api.w.org\/{rel}","templated":true}]}}