{"id":35,"date":"2021-05-20T12:42:00","date_gmt":"2021-05-20T10:42:00","guid":{"rendered":"https:\/\/ringkoebing-bolcher.dk\/?page_id=35"},"modified":"2024-08-06T13:41:56","modified_gmt":"2024-08-06T11:41:56","slug":"bedingungen-und-konditionen","status":"publish","type":"page","link":"https:\/\/ringkoebing-bolcher.dk\/de\/bedingungen-und-konditionen\/","title":{"rendered":"Bedingungen und Konditionen"},"content":{"rendered":"<h2>Zahlungsm\u00f6glichkeiten<\/h2>\nRingk\u00f8bing Bolcher akzeptiert die Zahlung mit Dankort\/VISA-Dankort, VISA, VISA Electron, Mastercard und JCB. Die Zahlung wird erst dann von Ihrem Konto abgebucht, wenn der Artikel versendet wird.<\/p>\nRingk\u00f8bing Bolcher wir verschl\u00fcsseln alle Ihre Kartendaten mit dem sogenannten SSL-Protokoll (Secure Socket Layer). Dies bedeutet, dass Unbefugte Ihre Kartennummer oder andere Informationen w\u00e4hrend der Transaktion mit PBS nicht lesen k\u00f6nnen.<\/p>\n<h2>Lieferung<\/h2>\nRingk\u00f8bing Bolcher wir bem\u00fchen uns, Bestellungen, die vor 12:00 Uhr mittags eingehen, noch am selben Tag zu versenden. Bestellungen, die nach 12.00 Uhr aufgegeben werden, werden erst am n\u00e4chsten Tag versandt.<\/p>\nRingk\u00f8bing Bolcher wir sorgen f\u00fcr die Zustellung durch Post Danmark (sofern nicht anders angegeben) an den Empf\u00e4nger zu dem in der Bestellung angegebenen Datum. Eine rechtzeitige Lieferung setzt jedoch voraus, dass Post Danmark die t\u00e4gliche Zustellung durchf\u00fchrt. Wenn es bei Post Danmark zu Verz\u00f6gerungen kommt, verz\u00f6gert sich die Zustellung im Verh\u00e4ltnis zum gew\u00fcnschten Liefertermin entsprechend. Die Qualit\u00e4tsziele von Post Danmark f\u00fcr die Liefertreue liegen bei mindestens 97% f\u00fcr Briefsendungen und mindestens 99% f\u00fcr Paketsendungen. Ringk\u00f8bing Bolcher Bitte beachten Sie jedoch, dass es sich bei diesen Prozents\u00e4tzen um Durchschnittswerte handelt, die gro\u00dfe \u00f6rtliche und zeitlich begrenzte Abweichungen abdecken k\u00f6nnen. Ringk\u00f8bing Bolcher Im Falle einer sehr versp\u00e4teten (mehrere Tage) oder nicht erfolgten Zustellung wird selbstverst\u00e4ndlich kostenlos eine neue Lieferung versandt.<\/p>\n<h2>Recht auf Reklamation<\/h2>\nRingk\u00f8bing Bolcher bietet ein 2-j\u00e4hriges Reklamationsrecht gem\u00e4\u00df dem d\u00e4nischen Kaufgesetz, das sich auf Fabrikations- und Materialfehler bezieht, die bei normalem Gebrauch des Produkts festgestellt werden. Die Garantie erstreckt sich nicht auf M\u00e4ngel, Sch\u00e4den oder Verschlei\u00df, die direkt oder indirekt durch unsachgem\u00e4\u00dfe Bedienung, mangelhafte Wartung, Gewaltanwendung oder unbefugte Eingriffe verursacht wurden. Ringk\u00f8bing Bolcher Beanstandungen von M\u00e4ngeln und Unzul\u00e4nglichkeiten, die bei normaler Pr\u00fcfung des Produkts festgestellt werden sollten, m\u00fcssen innerhalb einer angemessenen Frist mitgeteilt werden. Der Artikel kann anschlie\u00dfend zur Reparatur, zum Ersatz oder, nach Vereinbarung, zur eventuellen Gutschrift zur\u00fcckgesandt werden. Ringk\u00f8bing Bolcher Im Zusammenhang mit Reklamationen werden die R\u00fccksendekosten in einem angemessenen Umfang \u00fcbernommen.<\/p>\n<h2>Beanstandungen und R\u00fccksendung von Waren<\/h2>\n<p>Bei Fehlern, M\u00e4ngeln oder fehlenden Lieferungen nehmen Sie bitte Kontakt mit uns auf:<\/p>\nRingk\u00f8bing Bolcher\nNygade 21c\n6950 Ringk\u00f8bing, D\u00e4nemark\n<p>An diese Adresse k\u00f6nnen auch R\u00fccksendungen erfolgen &#8211; bitte beachten Sie, dass wir Pakete, die per Nachnahme verschickt werden, nicht annehmen. R\u00fccksendungen k\u00f6nnen auch durch Verweigerung der Annahme der Ware oder durch pers\u00f6nliche \u00dcbergabe an uns erfolgen. Es ist keine Voraussetzung, aber der Vorgang wird erleichtert, wenn dem Paket entsprechende Informationen beiliegen &#8211; z. B. eine Kopie der Auftragsbest\u00e4tigung, die Registrierungsnummer und die Kontonummer des Bankkontos, auf das die Erstattung erfolgen kann, eine Kopie des bisherigen Schriftverkehrs usw.<\/p>\n<h2>R\u00fcckerstattung<\/h2>\n<p>Im Falle von vereinbarten Preisnachl\u00e4ssen, zur\u00fcckgegebenen Waren oder im Voraus bezahlten Waren, die vor dem Versand storniert werden, muss eine vollst\u00e4ndige oder teilweise R\u00fcckerstattung des Kaufpreises vorgenommen werden. Die R\u00fcckerstattung erfolgt in der Regel immer auf das Zahlungsmittel, mit dem die Zahlung erfolgt ist.<\/p>\n<h2>Recht auf Widerruf<\/h2>\n<p>Sie haben ein 14-t\u00e4giges Widerrufsrecht ab dem Tag des Erhalts der Ware, danach haben Sie 14 Tage Zeit, die Ware zur\u00fcckzusenden.  Wenn Sie einen Kauf widerrufen m\u00f6chten, senden Sie den Artikel einfach im Wesentlichen in demselben Zustand und in derselben Menge zur\u00fcck, wie Sie ihn erhalten haben. Nach Eingang und Genehmigung der R\u00fccksendung wird Ihnen der Kaufpreis innerhalb weniger Tage auf Ihr Konto zur\u00fcckerstattet. Die Kosten f\u00fcr die R\u00fccksendung sind von Ihnen zu tragen.<\/p>\n<p>Der Verbraucher kann einen Kauf widerrufen, auch wenn der Artikel bereits benutzt wurde. Ein Artikel ist nur dann gebraucht, wenn er \u00fcber das Ma\u00df hinaus benutzt wird, das durch das Ausprobieren in einem Gesch\u00e4ft m\u00f6glich ist. Wenn der Artikel benutzt wurde, wird eine konkrete Bewertung vorgenommen, zu welchem Preis der Artikel im gebrauchten Zustand an einen anderen Verbraucher verkauft werden kann.<\/p>\n","protected":false},"excerpt":{"rendered":"<p>Zahlungsm\u00f6glichkeiten akzeptiert die Zahlung mit Dankort\/VISA-Dankort, VISA, VISA Electron, Mastercard und JCB. Die Zahlung wird erst dann von Ihrem Konto abgebucht, wenn der Artikel versendet wird. wir verschl\u00fcsseln alle Ihre Kartendaten mit dem sogenannten SSL-Protokoll (Secure Socket Layer). Dies bedeutet, dass Unbefugte Ihre Kartennummer oder andere Informationen w\u00e4hrend der Transaktion mit PBS nicht lesen k\u00f6nnen. [&hellip;]<\/p>\n","protected":false},"author":1,"featured_media":0,"parent":0,"menu_order":0,"comment_status":"closed","ping_status":"closed","template":"","meta":{"_expiration-date-status":"","_expiration-date":0,"_expiration-date-type":"","_expiration-date-categories":[],"_expiration-date-options":[],"footnotes":""},"yoast_head":"<!-- This site is optimized with the Yoast SEO plugin v16.3 - https:\/\/yoast.com\/wordpress\/plugins\/seo\/ -->\n<meta name=\"robots\" content=\"index, follow, max-snippet:-1, max-image-preview:large, max-video-preview:-1\" \/>\n<link rel=\"canonical\" href=\"https:\/\/ringkoebing-bolcher.dk\/de\/bedingungen-und-konditionen\/\" \/>\n<meta property=\"og:locale\" content=\"de_DE\" \/>\n<meta property=\"og:type\" content=\"article\" \/>\n<meta property=\"og:title\" content=\"Bedingungen und Konditionen - Ringk\u00f8bing Bolcher ApS\" \/>\n<meta property=\"og:description\" content=\"Zahlungsm\u00f6glichkeiten akzeptiert die Zahlung mit Dankort\/VISA-Dankort, VISA, VISA Electron, Mastercard und JCB. Die Zahlung wird erst dann von Ihrem Konto abgebucht, wenn der Artikel versendet wird. wir verschl\u00fcsseln alle Ihre Kartendaten mit dem sogenannten SSL-Protokoll (Secure Socket Layer). Dies bedeutet, dass Unbefugte Ihre Kartennummer oder andere Informationen w\u00e4hrend der Transaktion mit PBS nicht lesen k\u00f6nnen. [&hellip;]\" \/>\n<meta property=\"og:url\" content=\"https:\/\/ringkoebing-bolcher.dk\/de\/bedingungen-und-konditionen\/\" \/>\n<meta property=\"og:site_name\" content=\"Ringk\u00f8bing Bolcher ApS\" \/>\n<meta property=\"article:modified_time\" content=\"2024-08-06T11:41:56+00:00\" \/>\n<meta name=\"twitter:card\" content=\"summary_large_image\" \/>\n<meta name=\"twitter:label1\" content=\"Gesch\u00e4tzte Lesezeit\">\n\t<meta name=\"twitter:data1\" content=\"3 Minuten\">\n<!-- \/ Yoast SEO plugin. -->","_links":{"self":[{"href":"https:\/\/ringkoebing-bolcher.dk\/de\/wp-json\/wp\/v2\/pages\/35"}],"collection":[{"href":"https:\/\/ringkoebing-bolcher.dk\/de\/wp-json\/wp\/v2\/pages"}],"about":[{"href":"https:\/\/ringkoebing-bolcher.dk\/de\/wp-json\/wp\/v2\/types\/page"}],"author":[{"embeddable":true,"href":"https:\/\/ringkoebing-bolcher.dk\/de\/wp-json\/wp\/v2\/users\/1"}],"replies":[{"embeddable":true,"href":"https:\/\/ringkoebing-bolcher.dk\/de\/wp-json\/wp\/v2\/comments?post=35"}],"version-history":[{"count":4,"href":"https:\/\/ringkoebing-bolcher.dk\/de\/wp-json\/wp\/v2\/pages\/35\/revisions"}],"predecessor-version":[{"id":146,"href":"https:\/\/ringkoebing-bolcher.dk\/de\/wp-json\/wp\/v2\/pages\/35\/revisions\/146"}],"wp:attachment":[{"href":"https:\/\/ringkoebing-bolcher.dk\/de\/wp-json\/wp\/v2\/media?parent=35"}],"curies":[{"name":"wp","href":"https:\/\/api.w.org\/{rel}","templated":true}]}}