{"id":196,"date":"2021-07-01T15:44:11","date_gmt":"2021-07-01T13:44:11","guid":{"rendered":"https:\/\/ringkoebing-bolcher.dk\/?page_id=196"},"modified":"2024-08-06T13:41:52","modified_gmt":"2024-08-06T11:41:52","slug":"ueber-die-herstellung","status":"publish","type":"page","link":"https:\/\/ringkoebing-bolcher.dk\/de\/ueber-die-herstellung\/","title":{"rendered":"\u00dcber die Herstellung"},"content":{"rendered":"<h1>Lesen Sie hier \u00fcber die Herstellung unserer k\u00f6stlichen, handgemachten S\u00fc\u00dfigkeiten<\/h1>\n<p>Unsere Vision ist es, jedem, der unseren S\u00fc\u00dfwarenladen besucht oder unsere Einzelh\u00e4ndler findet, handgemachte Qualit\u00e4tsbonbons mit dem besten Geschmack zu liefern.<\/p>\n<div  class='fremstilling'>\n<h3>Zucker<\/h3>\n<p>Unsere Bonbons werden mit 100% nat\u00fcrlichem Zucker hergestellt, der zudem aus umweltfreundlicher Produktion stammt. Das Ergebnis sind die besten und schmackhaftesten Bonbons.<\/p>\n<h3>Zutaten<\/h3>\n<p>Unsere Bonbons werden aus 100 % nat\u00fcrlichem Zucker hergestellt, der ebenfalls aus umweltfreundlicher Produktion stammt. Das Ergebnis sind die besten und schmackhaftesten Bonbons.<\/p>\n<h3>Glukose<\/h3>\n<p>Unser Traubenzucker stammt von der Obstplantage Sk\u00e6lsk\u00f8r. Die Glukose tr\u00e4gt dazu bei, dass die Bonbons fein und gl\u00e4nzend werden.<\/p>\n<h3>Traubenzucker<\/h3>\n<p>Der letzte der drei Zuckerarten in unseren Bonbons. Kann minimale Spuren von Eiern und N\u00fcssen enthalten.<\/p>\n<h3>Verpackung<\/h3>\n<p>Unsere Bonbons k\u00f6nnen sowohl in T\u00fcten als auch in Gl\u00e4sern in verschiedenen Gr\u00f6\u00dfen geliefert werden. Sie k\u00f6nnen auch Ihre eigene leckere Mischung zusammenstellen.<\/p>\n<h3>Haltbarkeitsdauer<\/h3>\n<p>Die Haltbarkeit unserer Bonbons h\u00e4ngt davon ab, dass sie nicht dem Sonnenlicht und der Feuchtigkeit ausgesetzt werden.<\/p>\n<h3>Frische<\/h3>\n<p>Unsere Bonbons werden immer frisch hergestellt, deshalb produzieren wir auch nur in kleinen Mengen. So ist Ihnen immer ein guter Geschmack garantiert!<\/p>\n<\/div>\n<div id='gallery-1' class='gallery galleryid-196 gallery-columns-2 gallery-size-full gallery-link-file'><figure class='gallery-item'>\r\n                <div class='gallery-icon landscape'>\r\n                    <a href='https:\/\/ringkoebing-bolcher.dk\/de\/wp-content\/uploads\/sites\/4\/2021\/07\/21369168-371861036580541-6439159084371863719-n-3003f92b.jpeg'><img loading=\"lazy\" decoding=\"async\" width=\"600\" height=\"350\" src=\"https:\/\/ringkoebing-bolcher.dk\/de\/wp-content\/uploads\/sites\/4\/2021\/07\/21369168-371861036580541-6439159084371863719-n-3003f92b.jpeg\" class=\"attachment-full size-full\" alt=\"\" data-stom-height=\"350\" data-stom-width=\"600\" srcset=\"https:\/\/ringkoebing-bolcher.dk\/de\/wp-content\/uploads\/sites\/4\/2021\/07\/21369168-371861036580541-6439159084371863719-n-3003f92b.jpeg 600w, https:\/\/ringkoebing-bolcher.dk\/de\/wp-content\/uploads\/sites\/4\/2021\/07\/21369168-371861036580541-6439159084371863719-n-3003f92b-300x175.jpeg 300w\" sizes=\"(min-width: 1140px) 1140px, 100vw\" \/><\/a>\r\n                <\/div><\/figure>\r\n            <\/div>\n\n","protected":false},"excerpt":{"rendered":"<p>Lesen Sie hier \u00fcber die Herstellung unserer k\u00f6stlichen, handgemachten S\u00fc\u00dfigkeiten Unsere Vision ist es, jedem, der unseren S\u00fc\u00dfwarenladen besucht oder unsere Einzelh\u00e4ndler findet, handgemachte Qualit\u00e4tsbonbons mit dem besten Geschmack zu liefern.<\/p>\n","protected":false},"author":1,"featured_media":0,"parent":0,"menu_order":0,"comment_status":"closed","ping_status":"closed","template":"","meta":{"_expiration-date-status":"","_expiration-date":0,"_expiration-date-type":"","_expiration-date-categories":[],"_expiration-date-options":[],"footnotes":""},"yoast_head":"<!-- This site is optimized with the Yoast SEO plugin v16.3 - https:\/\/yoast.com\/wordpress\/plugins\/seo\/ -->\n<meta name=\"robots\" content=\"index, follow, max-snippet:-1, max-image-preview:large, max-video-preview:-1\" \/>\n<link rel=\"canonical\" href=\"https:\/\/ringkoebing-bolcher.dk\/de\/ueber-die-herstellung\/\" \/>\n<meta property=\"og:locale\" content=\"de_DE\" \/>\n<meta property=\"og:type\" content=\"article\" \/>\n<meta property=\"og:title\" content=\"\u00dcber die Herstellung - Ringk\u00f8bing Bolcher ApS\" \/>\n<meta property=\"og:description\" content=\"Lesen Sie hier \u00fcber die Herstellung unserer k\u00f6stlichen, handgemachten S\u00fc\u00dfigkeiten Unsere Vision ist es, jedem, der unseren S\u00fc\u00dfwarenladen besucht oder unsere Einzelh\u00e4ndler findet, handgemachte Qualit\u00e4tsbonbons mit dem besten Geschmack zu liefern.\" \/>\n<meta property=\"og:url\" content=\"https:\/\/ringkoebing-bolcher.dk\/de\/ueber-die-herstellung\/\" \/>\n<meta property=\"og:site_name\" content=\"Ringk\u00f8bing Bolcher ApS\" \/>\n<meta property=\"article:modified_time\" content=\"2024-08-06T11:41:52+00:00\" \/>\n<meta property=\"og:image\" content=\"https:\/\/ringkoebing-bolcher.dk\/de\/wp-content\/uploads\/sites\/4\/2021\/07\/21369168-371861036580541-6439159084371863719-n-3003f92b.jpeg\" \/>\n<meta name=\"twitter:card\" content=\"summary_large_image\" \/>\n<meta name=\"twitter:label1\" content=\"Gesch\u00e4tzte Lesezeit\">\n\t<meta name=\"twitter:data1\" content=\"1 Minute\">\n<!-- \/ Yoast SEO plugin. -->","_links":{"self":[{"href":"https:\/\/ringkoebing-bolcher.dk\/de\/wp-json\/wp\/v2\/pages\/196"}],"collection":[{"href":"https:\/\/ringkoebing-bolcher.dk\/de\/wp-json\/wp\/v2\/pages"}],"about":[{"href":"https:\/\/ringkoebing-bolcher.dk\/de\/wp-json\/wp\/v2\/types\/page"}],"author":[{"embeddable":true,"href":"https:\/\/ringkoebing-bolcher.dk\/de\/wp-json\/wp\/v2\/users\/1"}],"replies":[{"embeddable":true,"href":"https:\/\/ringkoebing-bolcher.dk\/de\/wp-json\/wp\/v2\/comments?post=196"}],"version-history":[{"count":11,"href":"https:\/\/ringkoebing-bolcher.dk\/de\/wp-json\/wp\/v2\/pages\/196\/revisions"}],"predecessor-version":[{"id":386,"href":"https:\/\/ringkoebing-bolcher.dk\/de\/wp-json\/wp\/v2\/pages\/196\/revisions\/386"}],"wp:attachment":[{"href":"https:\/\/ringkoebing-bolcher.dk\/de\/wp-json\/wp\/v2\/media?parent=196"}],"curies":[{"name":"wp","href":"https:\/\/api.w.org\/{rel}","templated":true}]}}