{"id":138,"date":"2021-05-20T13:58:28","date_gmt":"2021-05-20T11:58:28","guid":{"rendered":"https:\/\/ringkoebing-bolcher.dk\/?page_id=138"},"modified":"2024-08-06T13:41:54","modified_gmt":"2024-08-06T11:41:54","slug":"ueber-ringkobing-bolcher","status":"publish","type":"page","link":"https:\/\/ringkoebing-bolcher.dk\/de\/ueber-ringkobing-bolcher\/","title":{"rendered":"\u00dcber Ringk\u00f8bing Bolcher"},"content":{"rendered":"<h1>Wir haben ein tolles Team, das immer bereit ist, Ihnen zu helfen<\/h1>\n<p>Ringk\u00f8bing Bolcher ist ein lokales Unternehmen, das von den Schwestern Stefanie und Julie gegr\u00fcndet wurde und ihnen geh\u00f6rt. Die beiden jungen Schwestern haben schon immer davon getr\u00e4umt, ihr eigener Chef zu sein und haben deshalb das gegr\u00fcndet, was ihrer Meinung nach in Ringk\u00f8bing gebraucht wird: <strong>eine Bonbonkocherei<\/strong>.<\/p>\n<div  class='profile-wrapper'>\n<div  class='profile stom-cols-elm stom-cols-6'><\/div>\n<\/div>\n<h2>\u00dcber Ringk\u00f8bing Bolcher<\/h2>\n<p><strong>Altmodische Bonbontechnik<\/strong><br \/>\nBei Ringk\u00f8bing Bolcher stellen wir Bonbons auf die altmodische Art her &#8211; von Hand.  Wenn die Bonbonmasse in der Pfanne die richtige Temperatur erreicht hat, wird sie auf den K\u00fchltisch gegossen, wo das Aroma und die Farbe hinzugef\u00fcgt werden, wobei das Timing wichtig ist, damit die Struktur und der Geschmack der Bonbons erhalten bleiben. Alle Bonbons werden mit einer altmodischen Brotmaschine oder von Hand geschnitten, so dass kein Bonbon dem anderen gleicht.<\/p>\n<p>Wir stellen viele unserer Bonbons vor Publikum her. Das bedeutet, dass Sie und die ganze Familie uns helfen k\u00f6nnen, die Qualit\u00e4t der Bonbons zu testen, bevor sie in die Regale kommen.<\/p>\n<p><strong>Nat\u00fcrliche Zutaten<\/strong><br \/>\nWir verwenden nur nat\u00fcrliche Aromen und Farbstoffe und keine Konservierungsstoffe, was dazu beitr\u00e4gt, dass die Bonbons genau die richtige Farbe und den richtigen Geschmack haben.<\/p>\n<p><strong>Besuchen Sie uns<\/strong><br \/>\nBesuchen Sie unseren Laden und unsere Gark\u00fcche. Wenn Sie durch die Fu\u00dfg\u00e4ngerzone gehen, werden Sie feststellen, dass es hier nach knusprigen K\u00f6stlichkeiten duftet. Bonbons in allen Farben und Pralinen oder Windbeutel aus eigener Herstellung &#8211; etwas f\u00fcr Jung und Alt mit Geschmack f\u00fcr gute Zutaten.<\/p>\n<p><strong>Schokoladen-Workshop<\/strong><br \/>\nF\u00fcr anspruchsvolle Schokoladenliebhaber bieten wir auch Schokoladenworkshops an. Mit Schokolade von Callebaut aus der Schweiz sind Qualit\u00e4t und Geschmack erstklassig und Sie bestimmen, wie sie aussehen soll. Kommen Sie hinter die Mauern und erleben Sie die Magie der Schokolade.<\/p>\n<p><em>&#8211; Willkommen in unserem Laden und unserer K\u00fcche, einer Welt der S\u00fc\u00dfigkeiten &#8211; ein Erlebnis, das Sie nie vergessen werden.<\/em><\/p>\n","protected":false},"excerpt":{"rendered":"<p>Wir haben ein tolles Team, das immer bereit ist, Ihnen zu helfen Ringk\u00f8bing Bolcher ist ein lokales Unternehmen, das von den Schwestern Stefanie und Julie gegr\u00fcndet wurde und ihnen geh\u00f6rt. Die beiden jungen Schwestern haben schon immer davon getr\u00e4umt, ihr eigener Chef zu sein und haben deshalb das gegr\u00fcndet, was ihrer Meinung nach in Ringk\u00f8bing [&hellip;]<\/p>\n","protected":false},"author":1,"featured_media":0,"parent":0,"menu_order":0,"comment_status":"closed","ping_status":"closed","template":"","meta":{"_expiration-date-status":"","_expiration-date":0,"_expiration-date-type":"","_expiration-date-categories":[],"_expiration-date-options":[],"footnotes":""},"yoast_head":"<!-- This site is optimized with the Yoast SEO plugin v16.3 - https:\/\/yoast.com\/wordpress\/plugins\/seo\/ -->\n<meta name=\"robots\" content=\"index, follow, max-snippet:-1, max-image-preview:large, max-video-preview:-1\" \/>\n<link rel=\"canonical\" href=\"https:\/\/ringkoebing-bolcher.dk\/de\/ueber-ringkobing-bolcher\/\" \/>\n<meta property=\"og:locale\" content=\"de_DE\" \/>\n<meta property=\"og:type\" content=\"article\" \/>\n<meta property=\"og:title\" content=\"\u00dcber Ringk\u00f8bing Bolcher - Ringk\u00f8bing Bolcher ApS\" \/>\n<meta property=\"og:description\" content=\"Wir haben ein tolles Team, das immer bereit ist, Ihnen zu helfen Ringk\u00f8bing Bolcher ist ein lokales Unternehmen, das von den Schwestern Stefanie und Julie gegr\u00fcndet wurde und ihnen geh\u00f6rt. Die beiden jungen Schwestern haben schon immer davon getr\u00e4umt, ihr eigener Chef zu sein und haben deshalb das gegr\u00fcndet, was ihrer Meinung nach in Ringk\u00f8bing [&hellip;]\" \/>\n<meta property=\"og:url\" content=\"https:\/\/ringkoebing-bolcher.dk\/de\/ueber-ringkobing-bolcher\/\" \/>\n<meta property=\"og:site_name\" content=\"Ringk\u00f8bing Bolcher ApS\" \/>\n<meta property=\"article:modified_time\" content=\"2024-08-06T11:41:54+00:00\" \/>\n<meta name=\"twitter:card\" content=\"summary_large_image\" \/>\n<meta name=\"twitter:label1\" content=\"Gesch\u00e4tzte Lesezeit\">\n\t<meta name=\"twitter:data1\" content=\"2 Minuten\">\n<!-- \/ Yoast SEO plugin. -->","_links":{"self":[{"href":"https:\/\/ringkoebing-bolcher.dk\/de\/wp-json\/wp\/v2\/pages\/138"}],"collection":[{"href":"https:\/\/ringkoebing-bolcher.dk\/de\/wp-json\/wp\/v2\/pages"}],"about":[{"href":"https:\/\/ringkoebing-bolcher.dk\/de\/wp-json\/wp\/v2\/types\/page"}],"author":[{"embeddable":true,"href":"https:\/\/ringkoebing-bolcher.dk\/de\/wp-json\/wp\/v2\/users\/1"}],"replies":[{"embeddable":true,"href":"https:\/\/ringkoebing-bolcher.dk\/de\/wp-json\/wp\/v2\/comments?post=138"}],"version-history":[{"count":15,"href":"https:\/\/ringkoebing-bolcher.dk\/de\/wp-json\/wp\/v2\/pages\/138\/revisions"}],"predecessor-version":[{"id":2297,"href":"https:\/\/ringkoebing-bolcher.dk\/de\/wp-json\/wp\/v2\/pages\/138\/revisions\/2297"}],"wp:attachment":[{"href":"https:\/\/ringkoebing-bolcher.dk\/de\/wp-json\/wp\/v2\/media?parent=138"}],"curies":[{"name":"wp","href":"https:\/\/api.w.org\/{rel}","templated":true}]}}