{"id":10,"date":"2021-05-19T11:12:03","date_gmt":"2021-05-19T09:12:03","guid":{"rendered":"https:\/\/ringkoebing-bolcher.dk\/privatlivspolitik-2\/"},"modified":"2024-08-06T13:42:07","modified_gmt":"2024-08-06T11:42:07","slug":"datenschutzbestimmungen","status":"publish","type":"page","link":"https:\/\/ringkoebing-bolcher.dk\/de\/datenschutzbestimmungen\/","title":{"rendered":"Datenschutzbestimmungen"},"content":{"rendered":"ringkoebing-bolcher.dk\/de Ringk\u00f8bing Bolcher ApS Durch die Nutzung von , akzeptieren Sie, dass Ihre pers\u00f6nlichen Daten und Cookies in \u00dcbereinstimmung mit der untenstehenden Daten- und Cookie-Richtlinie verarbeitet werden. ringkoebing-bolcher.dk\/de Cookies werden verwendet, um die Arbeit zu machen. Unter anderem verwenden wir Cookies, um es m\u00f6glich zu machen, Artikel in den Warenkorb zu legen, sich einzuloggen und unsere Website zu verbessern.<\/p>\n<p> <a href=\"https:\/\/ringkoebing-bolcher.dk\/de\/cookie-politik\/\">Klicken Sie hier, um zur Cookie-Richtlinie zu gelangen<\/a><\/p>\n<h2>Privatsph\u00e4re und Datenschutz in K\u00fcrze<\/h2>\n<p> Ringk\u00f8bing Bolcher ApS Diese Datenschutzerkl\u00e4rung wurde zusammengefasst, um Sie als Kunden besser dar\u00fcber zu informieren, welche personenbezogenen Daten wir verarbeiten und wie wir sie verarbeiten &#8211; unter personenbezogenen Daten versteht man alle pers\u00f6nlich identifizierbaren Daten.<\/p>\nRingk\u00f8bing Bolcher ApS respektiert alle Bitten um Vertraulichkeit der online bereitgestellten personenbezogenen Daten und ist sich der Notwendigkeit eines angemessenen Schutzes und einer ordnungsgem\u00e4\u00dfen Verarbeitung aller personenbezogenen Daten, die wir erhalten, bewusst.<\/p>\n<p> Ringk\u00f8bing Bolcher ApS Ringk\u00f8bing Bolcher ApS Wenn die nachstehende Datenschutzerkl\u00e4rung nicht akzeptiert werden kann, beh\u00e4lt sich das Unternehmen das Recht vor, Bestellungen und andere Anfragen abzulehnen, da eine fehlende Akzeptanz dazu f\u00fchren kann, dass die Beziehung nicht bedient werden kann, wie es das geltende Recht verlangt.<\/p>\n<h2>Pers\u00f6nliche Daten<\/h2>\n<p>Personenbezogene Daten sind alle Daten, die zur Identifizierung von Personen verwendet werden k\u00f6nnen, einschlie\u00dflich, aber nicht beschr\u00e4nkt auf Vor-, Mittel- und Nachname, Alter, Geschlecht, Position, Wohn- oder andere physische Adresse, E-Mail-Adresse oder andere Kontaktinformationen, unabh\u00e4ngig davon, ob sie den privaten Wohnsitz oder den Arbeitsplatz der Person betreffen.<\/p>\n<p> Ringk\u00f8bing Bolcher ApSZu den personenbezogenen Daten geh\u00f6ren auch Daten wie Verhalten, Kaufhistorie, Finanzinformationen usw., die alle zur Pflege der Kunden- und Lieferantenbeziehung zwischen Kunden und .<\/p>\n<h2>Welche personenbezogenen Daten erheben und verarbeiten wir?<\/h2>\n<p> ringkoebing-bolcher.dk\/de Sie k\u00f6nnen auf die Website zugreifen, ohne uns Ihre pers\u00f6nlichen Daten mitzuteilen. Wenn Sie auf die Website zugreifen, wird eine ID f\u00fcr Ihre Sitzung vergeben. Diese kann Sie nicht als Person identifizieren.<\/p>\nRingk\u00f8bing Bolcher ApS wir ben\u00f6tigen eine Reihe personenbezogener Daten, um mit Ihnen und Ihrem Unternehmen Gesch\u00e4fte machen zu k\u00f6nnen, Kundenbeziehungen zu pflegen und Produkte und Dienstleistungen zu vermarkten. Bestimmte Informationen werden auch in \u00dcbereinstimmung mit den gesetzlichen Anforderungen des Geldw\u00e4sche- und Buchf\u00fchrungsgesetzes gesammelt und verarbeitet.<\/p>\n<p> ringkoebing-bolcher.dk\/deDie folgenden Informationen k\u00f6nnen erfasst und verarbeitet werden, wenn Sie die Website besuchen;<br \/>\nE-Mail-Adresse, Vor- und Nachname, Adresse, Telefonnummer, Alter, Geschlecht, technische Details (einschlie\u00dflich IP-Adressen), Verhalten (einschlie\u00dflich: besuchte URL, Ereignisausl\u00f6ser, Aktionen wie Klicks, \u00d6ffnungsraten, Anmeldung, Zeit auf jeder Seite usw.), geografische Daten und Daten, die f\u00fcr den Abschluss einer Transaktion erforderlich sein k\u00f6nnen.<\/p>\n<h2>Ringk\u00f8bing Bolcher ApS sammelt und verarbeitet Informationen \u00fcber Sie, wenn Sie:<\/h2>\n<ul>\n<li>Ein Konto erstellen<\/li>\n<li>Eink\u00e4ufe t\u00e4tigen<\/li>\n<li>Ringk\u00f8bing Bolcher ApS Anfragen und Beschwerden senden und\/oder auf andere Weise mit uns interagieren<\/li>\n<li>Sich f\u00fcr Online-Marketing-Materialien anmelden und\/oder mit diesen interagieren (einschlie\u00dflich, aber nicht beschr\u00e4nkt auf Newsletter, Textnachrichten und Benachrichtigungen, Werbung auf Websites Dritter oder \u00c4hnliches)<\/li>\n<li>Pers\u00f6nliche Daten auf andere Art und Weise zur Verf\u00fcgung stellen Ringk\u00f8bing Bolcher ApS<\/li>\n<\/ul>\nRingk\u00f8bing Bolcher ApS erhebt nur die personenbezogenen Daten, die erforderlich sind, um eine Dienstleistung oder ein Produkt anzubieten, Dienstleistungen und Produkte zu vermarkten oder Anfragen zu bearbeiten.<\/p>\nRingk\u00f8bing Bolcher ApS erhebt und\/oder kauft keine personenbezogenen Daten von Dritten.<\/p>\nRingk\u00f8bing Bolcher ApS nutzt anerkannte Kartenakquisiteure zur Abwicklung von Online-Kartentransaktionen und speichert keine Informationen \u00fcber Zahlungskarten. Bitte beachten Sie, dass bei der Rechnungsstellung Rechnungs- und Bankdaten in \u00dcbereinstimmung mit den in diesem Gebiet geltenden Gesetzen, einschlie\u00dflich des Geldw\u00e4sche- und Buchf\u00fchrungsgesetzes, gespeichert werden.<\/p>\n<h2>Wie verwenden wir Ihre Informationen?<\/h2>\n<p>Wir k\u00f6nnen die gesammelten Informationen auf folgende Weise nutzen:<\/p>\n<ul>\n<li>Zur Personalisierung Ihrer E-Mail- und Website-Erfahrung durch personalisierte Empfehlungen auf der Grundlage Ihrer Kaufhistorie<\/li>\n<li>ringkoebing-bolcher.dk\/de Zur Verbesserung und Vermarktung von Ringk\u00f8bing Bolcher ApS<\/li>\n<li>Um Sie besser bedienen zu k\u00f6nnen, wenn Sie den Kundendienst kontaktieren<\/li>\n<li>Zur Durchf\u00fchrung von Wettbewerben, Kundenumfragen usw.<\/li>\n<li>Um Ihre Bestellungen so schnell wie m\u00f6glich zu bearbeiten<\/li>\n<li>Um Produkt- und Trustpilot-Bewertungen zu sammeln<\/li>\n<li>Zur Nachverfolgung von Anfragen<\/li>\n<li>F\u00fcr allgemeine Marketingzwecke<\/li>\n<\/ul>\n<h2>Wie sch\u00fctzen wir Ihre Daten?<\/h2>\n<p>Unsere Website wird regelm\u00e4\u00dfig auf Sicherheitsverletzungen und Schwachstellen \u00fcberpr\u00fcft, damit wir potenzielle Datenlecks so schnell wie m\u00f6glich beseitigen und unsere Website so sicher wie m\u00f6glich gestalten k\u00f6nnen. Wir scannen auch regelm\u00e4\u00dfig nach Malware.<\/p>\n<p>Ihre pers\u00f6nlichen Daten werden in gesicherten Netzwerken gespeichert und k\u00f6nnen nur von einer begrenzten Anzahl von Mitarbeitern mit Rechten auf diese Art von Informationen eingesehen werden. Sie unterliegen auch unserer Datenschutzpolitik, die Ihre Rechte sch\u00fctzt und die Einhaltung der geltenden Rechtsvorschriften in diesem Bereich gew\u00e4hrleistet.<\/p>\n<p>Dar\u00fcber hinaus werden alle sensiblen Daten und Zahlungsinformationen auf verschl\u00fcsselten Servern verarbeitet, die von au\u00dfen nicht zug\u00e4nglich sind. Ringk\u00f8bing Bolcher ApS Kreditkarteninformationen werden von Kartenakquisiteuren verarbeitet und k\u00f6nnen weder von den Kartenakquisiteuren noch von deren Mitarbeitern eingesehen werden. Ringk\u00f8bing Bolcher ApS Diese Transaktionen werden nicht auf internen Servern gespeichert und werden zu keinem Zeitpunkt selbst verarbeitet.<\/p>\n<h2>An wen geben wir personenbezogene Daten weiter?<\/h2>\n<p> ringkoebing-bolcher.dk\/de Personenbezogene Daten, die bei oder \u00fcber telefonischen Kontakt \u00fcbermittelt werden, werden nur an folgende Stellen weitergegeben:<\/p>\n<ul>\n<li>Interne Abteilungen\/Mitarbeiter<\/li>\n<li>Vertrauensw\u00fcrdige Dritte, die f\u00fcr die Erf\u00fcllung von Liefer-, Zahlungs- und Dienstleistungsvereinbarungen erforderlich sind, einschlie\u00dflich Inkassobeh\u00f6rden und Justizbeh\u00f6rden<\/li>\n<\/ul>\n<p> Ringk\u00f8bing Bolcher ApSUm die bestm\u00f6gliche Erfahrung auf den &#8216; Websites zu bieten, f\u00fchren wir Statistiken \u00fcber die Nutzung der Seiten durch die Benutzer. Die Statistiken werden ausschlie\u00dflich in anonymisierter Form verwendet, z. B. um zu sehen, mit welchen Seiten und Inhalten die Nutzer interagieren.<\/p>\nRingk\u00f8bing Bolcher ApS wir k\u00f6nnen Google Analytics verwenden, um Besucherstatistiken zu sammeln, und in diesem Zusammenhang geben wir IP-Adressen an Google Analytics weiter. ringkoebing-bolcher.dk\/de Die Datenschutzbestimmungen von Google Analytics werden durch den Besuch akzeptiert und k\u00f6nnen hier eingesehen werden <a href=\"https:\/\/privacy.google.com\/\" target=\"_blank\" rel=\"noopener\">: www.google.com\/privacy<\/a><\/p>\n<p> Ringk\u00f8bing Bolcher ApS Und alle Gesch\u00e4ftspartner und Lieferanten verf\u00fcgen \u00fcber eine Datenverarbeitungsvereinbarung, um die Interessen der Nutzer und Kunden jederzeit zu wahren. Diese Vereinbarungen k\u00f6nnen jederzeit auf Anfrage vorgelegt werden.<\/p>\n<h2>Wo werden Ihre pers\u00f6nlichen Daten gespeichert?<\/h2>\n<p>Ihre Daten werden auf Servern in der EU gespeichert. Ringk\u00f8bing Bolcher ApSEinige personenbezogene Daten werden von einem Dritten (Datenverarbeiter) verwaltet, der personenbezogene Daten im Auftrag von in \u00dcbereinstimmung mit dieser Datenschutzerkl\u00e4rung und den geltenden Datenschutzvorschriften speichert und verarbeitet.<\/p>\n<p>Wenn Sie den Newsletter jederzeit abbestellen m\u00f6chten, k\u00f6nnen Sie die Anweisungen am Ende jeder E-Mail befolgen. Sollten Sie jedoch Probleme bei der Abbestellung haben, wenden Sie sich bitte an unseren Kundendienst unter den unten angegebenen Kontaktdaten.<\/p>\n<p> Ringk\u00f8bing Bolcher ApS Wenn Sie sich vom Marketing von abmelden, werden alle Verpflichtungen, die Sie uns gegen\u00fcber eingegangen sind, gel\u00f6scht. Diese k\u00f6nnen nicht wiederhergestellt werden. Sollten Sie zu irgendeinem Zeitpunkt Einsicht in fr\u00fchere Angebote oder \u00e4hnliches haben wollen, beachten Sie bitte, dass diese nicht wiederhergestellt werden k\u00f6nnen.<\/p>\n<h2>Wie lange werden Ihre pers\u00f6nlichen Daten gespeichert?<\/h2>\n<p>Im Falle eines aktiven Kundenverh\u00e4ltnisses werden Ihre Daten so lange gespeichert, wie es notwendig ist, um Sie zu bedienen. Wird die Kundenbeziehung beendet, werden Ihre Daten je nach Art der Daten bis zu zwei Jahre gespeichert.<\/p>\n<p>Sie k\u00f6nnen jederzeit Zugang zu Ihren Daten oder deren L\u00f6schung beantragen. Aufgrund anderer Rechtsvorschriften (Buchf\u00fchrungsgesetz und Geldw\u00e4schegesetz) werden alle Transaktionsdaten, einschlie\u00dflich Kontakt- und Unternehmensinformationen, f\u00fcnf Jahre lang aufbewahrt.<\/p>\n<h2>Datenleck<\/h2>\n<p>Wir nehmen Sicherheitsverletzungen und Datenlecks sehr ernst. Ringk\u00f8bing Bolcher ApS Im Falle eines vermuteten Datenlecks auf internen Servern oder bei externen Partnern wird eine Reihe von Ma\u00dfnahmen ergriffen, um unsere Kunden und Nutzer bestm\u00f6glich zu sch\u00fctzen.<\/p>\n<p>Dazu geh\u00f6ren die Ermittlung des Ausma\u00dfes des potenziellen Schadens, die Benachrichtigung potenziell betroffener Kunden und Nutzer, die Benachrichtigung der d\u00e4nischen Datenschutzbeh\u00f6rde und Ma\u00dfnahmen zur Eind\u00e4mmung des Schadens.<\/p>\n<p> Ringk\u00f8bing Bolcher ApS Wenn wir ein Datenleck bei uns oder unseren externen Partnern vermuten, werden alle beteiligten Parteien, einschlie\u00dflich des Nutzers, innerhalb von 72 Stunden informiert. Ringk\u00f8bing Bolcher ApS Wenn Sie den Verdacht haben, dass Ihre Daten aus dem Internet abhanden gekommen sind, k\u00f6nnen Sie sich jederzeit an uns wenden.<\/p>\n<h2>Zugang zu Informationen<\/h2>\n<p>Sie haben jederzeit die M\u00f6glichkeit, Ihre Kontoinformationen und Interessengebiete zu \u00e4ndern, einschlie\u00dflich der Frage, ob Sie m\u00f6chten, dass wir Sie im Zusammenhang mit Waren- oder Dienstleistungsangeboten kontaktieren oder Newsletter abbestellen.<\/p>\n<p>Sie k\u00f6nnen herausfinden, welche Informationen wir \u00fcber Sie gespeichert haben. Wenn Sie eine Kopie dieser Informationen erhalten m\u00f6chten, wenden Sie sich bitte an uns.<\/p>\n<p>Wenn Sie m\u00f6chten, dass alle Daten gel\u00f6scht werden, nehmen Sie bitte Kontakt mit uns auf.<\/p>\n<p>Bitte beachten Sie! Einmal gel\u00f6schte Daten k\u00f6nnen nicht wiederhergestellt werden. Daten, die aufgrund gesetzlicher Bestimmungen aufbewahrt werden m\u00fcssen, k\u00f6nnen nicht auf Anfrage gel\u00f6scht werden. gesetzliche Bestimmungen k\u00f6nnen nicht auf Anfrage gel\u00f6scht werden.<\/p>\n<h2>Rechnungspr\u00fcfung<\/h2>\n<p>Wir \u00fcberpr\u00fcfen kontinuierlich unsere Datenverarbeitungsprozesse. Diese Richtlinie wird einmal im Jahr aktualisiert.<\/p>\n<h2>Kontakt, \u00c4nderung und Aktualisierung der Datenschutzrichtlinie<\/h2>\nRingk\u00f8bing Bolcher ApS verpflichtet sich, die gesetzlichen Anforderungen zum Schutz der Privatsph\u00e4re kontinuierlich zu erf\u00fcllen.<\/p>\n<p>Wenn Sie Fragen oder Anmerkungen zu unserer Datenschutzpolitik oder zur Verwendung Ihrer pers\u00f6nlichen Daten haben, wenden Sie sich bitte an unseren Kundendienst.<\/p>\n<p>Wenn Sie unsere Newsletter jederzeit abbestellen m\u00f6chten, k\u00f6nnen Sie die Anweisungen am Ende jeder E-Mail befolgen. Sollten Sie jedoch Probleme bei der Abbestellung haben, k\u00f6nnen Sie sich \u00fcber die unten stehenden Kontaktdaten an unseren Kundendienst wenden.<\/p>\n<p> Ringk\u00f8bing Bolcher ApS Wenn Sie den Newsletter abbestellen, werden alle Verpflichtungen, die Sie uns gegen\u00fcber eingegangen sind, gel\u00f6scht. Diese k\u00f6nnen nicht wiederhergestellt werden. Sollten Sie zu irgendeinem Zeitpunkt Einsicht in fr\u00fchere Angebote oder \u00e4hnliches haben wollen, beachten Sie bitte, dass diese nicht wiederhergestellt werden k\u00f6nnen.<\/p>\n","protected":false},"excerpt":{"rendered":"<p>Durch die Nutzung von , akzeptieren Sie, dass Ihre pers\u00f6nlichen Daten und Cookies in \u00dcbereinstimmung mit der untenstehenden Daten- und Cookie-Richtlinie verarbeitet werden. Cookies werden verwendet, um die Arbeit zu machen. Unter anderem verwenden wir Cookies, um es m\u00f6glich zu machen, Artikel in den Warenkorb zu legen, sich einzuloggen und unsere Website zu verbessern. Klicken [&hellip;]<\/p>\n","protected":false},"author":1,"featured_media":0,"parent":0,"menu_order":0,"comment_status":"closed","ping_status":"closed","template":"","meta":{"_expiration-date-status":"","_expiration-date":0,"_expiration-date-type":"","_expiration-date-categories":[],"_expiration-date-options":[],"footnotes":""},"yoast_head":"<!-- This site is optimized with the Yoast SEO plugin v16.3 - https:\/\/yoast.com\/wordpress\/plugins\/seo\/ -->\n<meta name=\"robots\" content=\"index, follow, max-snippet:-1, max-image-preview:large, max-video-preview:-1\" \/>\n<link rel=\"canonical\" href=\"https:\/\/ringkoebing-bolcher.dk\/de\/datenschutzbestimmungen\/\" \/>\n<meta property=\"og:locale\" content=\"de_DE\" \/>\n<meta property=\"og:type\" content=\"article\" \/>\n<meta property=\"og:title\" content=\"Datenschutzbestimmungen - Ringk\u00f8bing Bolcher ApS\" \/>\n<meta property=\"og:description\" content=\"Durch die Nutzung von , akzeptieren Sie, dass Ihre pers\u00f6nlichen Daten und Cookies in \u00dcbereinstimmung mit der untenstehenden Daten- und Cookie-Richtlinie verarbeitet werden. Cookies werden verwendet, um die Arbeit zu machen. Unter anderem verwenden wir Cookies, um es m\u00f6glich zu machen, Artikel in den Warenkorb zu legen, sich einzuloggen und unsere Website zu verbessern. Klicken [&hellip;]\" \/>\n<meta property=\"og:url\" content=\"https:\/\/ringkoebing-bolcher.dk\/de\/datenschutzbestimmungen\/\" \/>\n<meta property=\"og:site_name\" content=\"Ringk\u00f8bing Bolcher ApS\" \/>\n<meta property=\"article:modified_time\" content=\"2024-08-06T11:42:07+00:00\" \/>\n<meta name=\"twitter:card\" content=\"summary_large_image\" \/>\n<meta name=\"twitter:label1\" content=\"Gesch\u00e4tzte Lesezeit\">\n\t<meta name=\"twitter:data1\" content=\"6 Minuten\">\n<!-- \/ Yoast SEO plugin. -->","_links":{"self":[{"href":"https:\/\/ringkoebing-bolcher.dk\/de\/wp-json\/wp\/v2\/pages\/10"}],"collection":[{"href":"https:\/\/ringkoebing-bolcher.dk\/de\/wp-json\/wp\/v2\/pages"}],"about":[{"href":"https:\/\/ringkoebing-bolcher.dk\/de\/wp-json\/wp\/v2\/types\/page"}],"author":[{"embeddable":true,"href":"https:\/\/ringkoebing-bolcher.dk\/de\/wp-json\/wp\/v2\/users\/1"}],"replies":[{"embeddable":true,"href":"https:\/\/ringkoebing-bolcher.dk\/de\/wp-json\/wp\/v2\/comments?post=10"}],"version-history":[{"count":2,"href":"https:\/\/ringkoebing-bolcher.dk\/de\/wp-json\/wp\/v2\/pages\/10\/revisions"}],"predecessor-version":[{"id":1888,"href":"https:\/\/ringkoebing-bolcher.dk\/de\/wp-json\/wp\/v2\/pages\/10\/revisions\/1888"}],"wp:attachment":[{"href":"https:\/\/ringkoebing-bolcher.dk\/de\/wp-json\/wp\/v2\/media?parent=10"}],"curies":[{"name":"wp","href":"https:\/\/api.w.org\/{rel}","templated":true}]}}